{"id":983,"date":"2020-05-27T16:31:16","date_gmt":"2020-05-27T13:31:16","guid":{"rendered":"https:\/\/metalproduction.lt\/?page_id=983"},"modified":"2022-04-21T10:47:29","modified_gmt":"2022-04-21T07:47:29","slug":"produksjon","status":"publish","type":"page","link":"https:\/\/metalproduction.lt\/no\/produksjon\/","title":{"rendered":"Produksjon"},"content":{"rendered":"<p>[et_pb_section fb_built=&raquo;1&#8243; admin_label=&raquo;Header&raquo; _builder_version=&raquo;4.16&#8243; use_background_color_gradient=&raquo;on&raquo; background_color_gradient_stops=&raquo;rgba(1,95,162,0.3) 0%|#015fa2 100%&raquo; background_color_gradient_overlays_image=&raquo;on&raquo; background_color_gradient_start=&raquo;rgba(1,95,162,0.3)&raquo; background_color_gradient_end=&raquo;#015fa2&#8243; background_image=&raquo;https:\/\/metalproduction.lt\/wp-content\/uploads\/gamyba.jpg&raquo; global_colors_info=&raquo;{}&raquo;][et_pb_row _builder_version=&raquo;4.16&#8243; global_colors_info=&raquo;{}&raquo;][et_pb_column type=&raquo;4_4&#8243; _builder_version=&raquo;4.16&#8243; global_colors_info=&raquo;{}&raquo;][et_pb_text _builder_version=&raquo;4.16&#8243; text_line_height=&raquo;1.8em&raquo; header_font=&raquo;Kanit|700|||||||&raquo; header_font_size=&raquo;60px&raquo; header_line_height=&raquo;1.2em&raquo; background_layout=&raquo;dark&raquo; max_width=&raquo;550px&raquo; header_font_size_tablet=&raquo;&raquo; header_font_size_phone=&raquo;42px&raquo; header_font_size_last_edited=&raquo;on|phone&raquo; locked=&raquo;off&raquo; global_colors_info=&raquo;{}&raquo;]<\/p>\n<h1>Produksjon<\/h1>\n<p>[\/et_pb_text][\/et_pb_column][\/et_pb_row][\/et_pb_section][et_pb_section fb_built=&raquo;1&#8243; admin_label=&raquo;About&raquo; _builder_version=&raquo;4.16&#8243; background_enable_color=&raquo;off&raquo; use_background_color_gradient=&raquo;on&raquo; background_color_gradient_direction=&raquo;-135deg&raquo; background_color_gradient_stops=&raquo;#015fa2 16%|#ffffff 16%&raquo; background_color_gradient_overlays_image=&raquo;on&raquo; background_color_gradient_start=&raquo;#015fa2&#8243; background_color_gradient_start_position=&raquo;16%&raquo; background_color_gradient_end=&raquo;#ffffff&raquo; background_color_gradient_end_position=&raquo;0%&raquo; background_enable_image=&raquo;off&raquo; background_last_edited=&raquo;on|tablet&raquo; use_background_color_gradient_tablet=&raquo;off&raquo; global_colors_info=&raquo;{}&raquo;][et_pb_row _builder_version=&raquo;4.16&#8243; locked=&raquo;off&raquo; global_colors_info=&raquo;{}&raquo;][et_pb_column type=&raquo;4_4&#8243; _builder_version=&raquo;4.16&#8243; custom_padding_tablet=&raquo;|||10vw|false|false&raquo; custom_padding_last_edited=&raquo;off|desktop&raquo; global_colors_info=&raquo;{}&raquo;][et_pb_text _builder_version=&raquo;4.16&#8243; text_line_height=&raquo;1.8em&raquo; max_width=&raquo;700px&raquo; custom_padding=&raquo;||||false|false&raquo; locked=&raquo;off&raquo; global_colors_info=&raquo;{}&raquo;]<\/p>\n<p style=\"text-align: justify;\">Metal Production UAB tilbyr lokalproduksjon i den baltiske regionen gjennom in-house og eksterne fabrikasjonspartnere. All produksjon i portfolioen v\u00e5r er ISO 9000-sertifisert, og har blitt kvalifisert gjennom v\u00e5re omfattende revisjonsprogrammer. De produserer i henhold til hovedproduksjonsstandardene for st\u00e5lstrukturer, tanker og komponenter, inkludert de relevante EN og NORSOK-standardene.<\/p>\n<p style=\"text-align: justify;\">V\u00e5re leverand\u00f8rer bruker moderne produksjonsutstyr og leverer produkter av h\u00f8y kvalitet i tide. De kan h\u00e5ndtere alle typer mekaniske produksjonsprosesser, inkludert kutting, stansing, maskinering, sveising, overflatebehandling, testing og montering.<\/p>\n<p>[\/et_pb_text][\/et_pb_column][\/et_pb_row][et_pb_row _builder_version=&raquo;4.16&#8243; global_colors_info=&raquo;{}&raquo;][et_pb_column type=&raquo;4_4&#8243; _builder_version=&raquo;4.16&#8243; global_colors_info=&raquo;{}&raquo;][et_pb_text _builder_version=&raquo;4.16&#8243; header_2_font=&raquo;Kanit|700|||||||&raquo; header_2_text_align=&raquo;center&raquo; header_2_font_size=&raquo;48px&raquo; header_2_line_height=&raquo;1.2em&raquo; module_alignment=&raquo;center&raquo; header_2_font_size_tablet=&raquo;&raquo; header_2_font_size_phone=&raquo;30px&raquo; header_2_font_size_last_edited=&raquo;on|phone&raquo; global_colors_info=&raquo;{}&raquo;]<\/p>\n<h2>V\u00e5re arbeider<\/h2>\n<p>[\/et_pb_text][et_pb_portfolio fullwidth=&raquo;off&raquo; posts_number=&raquo;4&#8243; include_categories=&raquo;9&#8243; show_categories=&raquo;off&raquo; _builder_version=&raquo;4.16&#8243; global_colors_info=&raquo;{}&raquo;][\/et_pb_portfolio][\/et_pb_column][\/et_pb_row][et_pb_row _builder_version=&raquo;4.16&#8243; global_colors_info=&raquo;{}&raquo;][et_pb_column type=&raquo;4_4&#8243; _builder_version=&raquo;4.16&#8243; global_colors_info=&raquo;{}&raquo;][et_pb_text _builder_version=&raquo;4.16&#8243; header_2_font=&raquo;Kanit|700|||||||&raquo; header_2_text_align=&raquo;center&raquo; header_2_font_size=&raquo;48px&raquo; header_2_line_height=&raquo;1.2em&raquo; module_alignment=&raquo;center&raquo; header_2_font_size_tablet=&raquo;&raquo; header_2_font_size_phone=&raquo;30px&raquo; header_2_font_size_last_edited=&raquo;on|phone&raquo; global_colors_info=&raquo;{}&raquo;]<\/p>\n<h2>Partnere<\/h2>\n<p>[\/et_pb_text][et_pb_portfolio fullwidth=&raquo;off&raquo; posts_number=&raquo;12&#8243; include_categories=&raquo;34&#8243; show_categories=&raquo;off&raquo; _builder_version=&raquo;4.16&#8243; global_colors_info=&raquo;{}&raquo;][\/et_pb_portfolio][\/et_pb_column][\/et_pb_row][\/et_pb_section][et_pb_section fb_built=&raquo;1&#8243; custom_padding_last_edited=&raquo;off|tablet&raquo; next_background_color=&raquo;#ffffff&raquo; admin_label=&raquo;Video&raquo; _builder_version=&raquo;4.16&#8243; use_background_color_gradient=&raquo;on&raquo; background_color_gradient_stops=&raquo;#4b4b4b 0%|#015fa2 100%&raquo; background_color_gradient_start=&raquo;#4b4b4b&raquo; background_color_gradient_end=&raquo;#015fa2&#8243; background_enable_image=&raquo;off&raquo; background_size=&raquo;initial&raquo; background_position=&raquo;top_left&raquo; custom_margin=&raquo;||||false|false&raquo; custom_padding=&raquo;0vw||14vw||false|false&raquo; custom_padding_tablet=&raquo;||||false|false&raquo; bottom_divider_style=&raquo;slant&raquo; bottom_divider_height=&raquo;80vw&raquo; bottom_divider_flip=&raquo;horizontal&raquo; bottom_divider_height_tablet=&raquo;0px&raquo; bottom_divider_height_last_edited=&raquo;off|tablet&raquo; background_last_edited=&raquo;on|desktop&raquo; background_enable_image_tablet=&raquo;off&raquo; box_shadow_horizontal_tablet=&raquo;0vw&raquo; box_shadow_horizontal_phone=&raquo;&raquo; box_shadow_horizontal_last_edited=&raquo;on|tablet&raquo; global_colors_info=&raquo;{}&raquo;][et_pb_row column_structure=&raquo;3_5,2_5&#8243; _builder_version=&raquo;4.16&#8243; custom_padding=&raquo;0px||0px||true|&raquo; box_shadow_style=&raquo;preset4&#8243; box_shadow_horizontal=&raquo;30vw&raquo; box_shadow_vertical=&raquo;0px&raquo; box_shadow_color=&raquo;#ffffff&raquo; box_shadow_horizontal_tablet=&raquo;0vw&raquo; box_shadow_horizontal_phone=&raquo;&raquo; box_shadow_horizontal_last_edited=&raquo;on|tablet&raquo; global_colors_info=&raquo;{}&raquo;][et_pb_column type=&raquo;3_5&#8243; _builder_version=&raquo;4.16&#8243; global_colors_info=&raquo;{}&raquo;][\/et_pb_column][et_pb_column type=&raquo;2_5&#8243; _builder_version=&raquo;4.16&#8243; background_color=&raquo;#ffffff&raquo; transform_translate=&raquo;1px|0px&raquo; transform_translate_linked=&raquo;off&raquo; custom_padding=&raquo;100px||100px||true|false&raquo; custom_padding_tablet=&raquo;40px||40px||true|false&raquo; custom_padding_phone=&raquo;&raquo; custom_padding_last_edited=&raquo;on|desktop&raquo; background_last_edited=&raquo;on|tablet&raquo; background_enable_color_tablet=&raquo;off&raquo; global_colors_info=&raquo;{}&raquo;][et_pb_video src=&raquo;https:\/\/www.youtube.com\/watch?v=ofRzf7FZCeQ&#038;feature=youtu.be&raquo; thumbnail_overlay_color=&raquo;rgba(0,0,0,0.6)&raquo; _builder_version=&raquo;4.16&#8243; custom_margin=&raquo;|||-360px|false|false&raquo; custom_margin_tablet=&raquo;|||0px|false|false&raquo; custom_margin_phone=&raquo;&raquo; custom_margin_last_edited=&raquo;on|tablet&raquo; locked=&raquo;off&raquo; global_colors_info=&raquo;{}&raquo;][\/et_pb_video][\/et_pb_column][\/et_pb_row][\/et_pb_section]<\/p>\n","protected":false},"excerpt":{"rendered":"<p>ProduksjonMetal Production UAB tilbyr lokalproduksjon i den baltiske regionen gjennom in-house og eksterne fabrikasjonspartnere. All produksjon i portfolioen v\u00e5r er ISO 9000-sertifisert, og har blitt kvalifisert gjennom v\u00e5re omfattende revisjonsprogrammer. De produserer i henhold til hovedproduksjonsstandardene for st\u00e5lstrukturer, tanker og komponenter, inkludert de relevante EN og NORSOK-standardene. V\u00e5re leverand\u00f8rer bruker moderne produksjonsutstyr og leverer produkter [&hellip;]<\/p>\n","protected":false},"author":3,"featured_media":0,"parent":0,"menu_order":0,"comment_status":"closed","ping_status":"closed","template":"","meta":{"_et_pb_use_builder":"on","_et_pb_old_content":"","_et_gb_content_width":"","footnotes":""},"class_list":["post-983","page","type-page","status-publish","hentry"],"yoast_head":"<!-- This site is optimized with the Yoast SEO plugin v27.4 - https:\/\/yoast.com\/product\/yoast-seo-wordpress\/ -->\n<title>Produksjon - metalproduction.lt<\/title>\n<meta name=\"robots\" content=\"index, follow, max-snippet:-1, max-image-preview:large, max-video-preview:-1\" \/>\n<link rel=\"canonical\" href=\"https:\/\/metalproduction.lt\/no\/produksjon\/\" \/>\n<meta property=\"og:locale\" content=\"nb_NO\" \/>\n<meta property=\"og:type\" content=\"article\" \/>\n<meta property=\"og:title\" content=\"Produksjon - metalproduction.lt\" \/>\n<meta property=\"og:description\" content=\"ProduksjonMetal Production UAB tilbyr lokalproduksjon i den baltiske regionen gjennom in-house og eksterne fabrikasjonspartnere. All produksjon i portfolioen v\u00e5r er ISO 9000-sertifisert, og har blitt kvalifisert gjennom v\u00e5re omfattende revisjonsprogrammer. De produserer i henhold til hovedproduksjonsstandardene for st\u00e5lstrukturer, tanker og komponenter, inkludert de relevante EN og NORSOK-standardene. V\u00e5re leverand\u00f8rer bruker moderne produksjonsutstyr og leverer produkter [&hellip;]\" \/>\n<meta property=\"og:url\" content=\"https:\/\/metalproduction.lt\/no\/produksjon\/\" \/>\n<meta property=\"og:site_name\" content=\"metalproduction.lt\" \/>\n<meta property=\"article:modified_time\" content=\"2022-04-21T07:47:29+00:00\" \/>\n<meta name=\"twitter:card\" content=\"summary_large_image\" \/>\n<meta name=\"twitter:label1\" content=\"Ansl. lesetid\" \/>\n\t<meta name=\"twitter:data1\" content=\"4 minutter\" \/>\n<script type=\"application\/ld+json\" class=\"yoast-schema-graph\">{\"@context\":\"https:\\\/\\\/schema.org\",\"@graph\":[{\"@type\":\"WebPage\",\"@id\":\"https:\\\/\\\/metalproduction.lt\\\/no\\\/produksjon\\\/\",\"url\":\"https:\\\/\\\/metalproduction.lt\\\/no\\\/produksjon\\\/\",\"name\":\"Produksjon - metalproduction.lt\",\"isPartOf\":{\"@id\":\"https:\\\/\\\/metalproduction.lt\\\/no\\\/#website\"},\"datePublished\":\"2020-05-27T13:31:16+00:00\",\"dateModified\":\"2022-04-21T07:47:29+00:00\",\"breadcrumb\":{\"@id\":\"https:\\\/\\\/metalproduction.lt\\\/no\\\/produksjon\\\/#breadcrumb\"},\"inLanguage\":\"nb-NO\",\"potentialAction\":[{\"@type\":\"ReadAction\",\"target\":[\"https:\\\/\\\/metalproduction.lt\\\/no\\\/produksjon\\\/\"]}]},{\"@type\":\"BreadcrumbList\",\"@id\":\"https:\\\/\\\/metalproduction.lt\\\/no\\\/produksjon\\\/#breadcrumb\",\"itemListElement\":[{\"@type\":\"ListItem\",\"position\":1,\"name\":\"Home\",\"item\":\"https:\\\/\\\/metalproduction.lt\\\/no\\\/\"},{\"@type\":\"ListItem\",\"position\":2,\"name\":\"Produksjon\"}]},{\"@type\":\"WebSite\",\"@id\":\"https:\\\/\\\/metalproduction.lt\\\/no\\\/#website\",\"url\":\"https:\\\/\\\/metalproduction.lt\\\/no\\\/\",\"name\":\"metalproduction.lt\",\"description\":\"\",\"potentialAction\":[{\"@type\":\"SearchAction\",\"target\":{\"@type\":\"EntryPoint\",\"urlTemplate\":\"https:\\\/\\\/metalproduction.lt\\\/no\\\/?s={search_term_string}\"},\"query-input\":{\"@type\":\"PropertyValueSpecification\",\"valueRequired\":true,\"valueName\":\"search_term_string\"}}],\"inLanguage\":\"nb-NO\"}]}<\/script>\n<!-- \/ Yoast SEO plugin. -->","yoast_head_json":{"title":"Produksjon - metalproduction.lt","robots":{"index":"index","follow":"follow","max-snippet":"max-snippet:-1","max-image-preview":"max-image-preview:large","max-video-preview":"max-video-preview:-1"},"canonical":"https:\/\/metalproduction.lt\/no\/produksjon\/","og_locale":"nb_NO","og_type":"article","og_title":"Produksjon - metalproduction.lt","og_description":"ProduksjonMetal Production UAB tilbyr lokalproduksjon i den baltiske regionen gjennom in-house og eksterne fabrikasjonspartnere. All produksjon i portfolioen v\u00e5r er ISO 9000-sertifisert, og har blitt kvalifisert gjennom v\u00e5re omfattende revisjonsprogrammer. De produserer i henhold til hovedproduksjonsstandardene for st\u00e5lstrukturer, tanker og komponenter, inkludert de relevante EN og NORSOK-standardene. V\u00e5re leverand\u00f8rer bruker moderne produksjonsutstyr og leverer produkter [&hellip;]","og_url":"https:\/\/metalproduction.lt\/no\/produksjon\/","og_site_name":"metalproduction.lt","article_modified_time":"2022-04-21T07:47:29+00:00","twitter_card":"summary_large_image","twitter_misc":{"Ansl. lesetid":"4 minutter"},"schema":{"@context":"https:\/\/schema.org","@graph":[{"@type":"WebPage","@id":"https:\/\/metalproduction.lt\/no\/produksjon\/","url":"https:\/\/metalproduction.lt\/no\/produksjon\/","name":"Produksjon - metalproduction.lt","isPartOf":{"@id":"https:\/\/metalproduction.lt\/no\/#website"},"datePublished":"2020-05-27T13:31:16+00:00","dateModified":"2022-04-21T07:47:29+00:00","breadcrumb":{"@id":"https:\/\/metalproduction.lt\/no\/produksjon\/#breadcrumb"},"inLanguage":"nb-NO","potentialAction":[{"@type":"ReadAction","target":["https:\/\/metalproduction.lt\/no\/produksjon\/"]}]},{"@type":"BreadcrumbList","@id":"https:\/\/metalproduction.lt\/no\/produksjon\/#breadcrumb","itemListElement":[{"@type":"ListItem","position":1,"name":"Home","item":"https:\/\/metalproduction.lt\/no\/"},{"@type":"ListItem","position":2,"name":"Produksjon"}]},{"@type":"WebSite","@id":"https:\/\/metalproduction.lt\/no\/#website","url":"https:\/\/metalproduction.lt\/no\/","name":"metalproduction.lt","description":"","potentialAction":[{"@type":"SearchAction","target":{"@type":"EntryPoint","urlTemplate":"https:\/\/metalproduction.lt\/no\/?s={search_term_string}"},"query-input":{"@type":"PropertyValueSpecification","valueRequired":true,"valueName":"search_term_string"}}],"inLanguage":"nb-NO"}]}},"_links":{"self":[{"href":"https:\/\/metalproduction.lt\/no\/wp-json\/wp\/v2\/pages\/983","targetHints":{"allow":["GET"]}}],"collection":[{"href":"https:\/\/metalproduction.lt\/no\/wp-json\/wp\/v2\/pages"}],"about":[{"href":"https:\/\/metalproduction.lt\/no\/wp-json\/wp\/v2\/types\/page"}],"author":[{"embeddable":true,"href":"https:\/\/metalproduction.lt\/no\/wp-json\/wp\/v2\/users\/3"}],"replies":[{"embeddable":true,"href":"https:\/\/metalproduction.lt\/no\/wp-json\/wp\/v2\/comments?post=983"}],"version-history":[{"count":5,"href":"https:\/\/metalproduction.lt\/no\/wp-json\/wp\/v2\/pages\/983\/revisions"}],"predecessor-version":[{"id":3356,"href":"https:\/\/metalproduction.lt\/no\/wp-json\/wp\/v2\/pages\/983\/revisions\/3356"}],"wp:attachment":[{"href":"https:\/\/metalproduction.lt\/no\/wp-json\/wp\/v2\/media?parent=983"}],"curies":[{"name":"wp","href":"https:\/\/api.w.org\/{rel}","templated":true}]}}