{"id":1008,"date":"2020-05-27T18:15:36","date_gmt":"2020-05-27T15:15:36","guid":{"rendered":"https:\/\/metalproduction.lt\/?page_id=1008"},"modified":"2022-04-21T10:46:17","modified_gmt":"2022-04-21T07:46:17","slug":"karriere","status":"publish","type":"page","link":"https:\/\/metalproduction.lt\/no\/karriere\/","title":{"rendered":"Karriere"},"content":{"rendered":"<p>[et_pb_section fb_built=&raquo;1&#8243; admin_label=&raquo;Header&raquo; _builder_version=&raquo;4.16&#8243; use_background_color_gradient=&raquo;on&raquo; background_color_gradient_stops=&raquo;rgba(1,95,162,0.3) 0%|#015fa2 100%&raquo; background_color_gradient_overlays_image=&raquo;on&raquo; background_color_gradient_start=&raquo;rgba(1,95,162,0.3)&raquo; background_color_gradient_end=&raquo;#015fa2&#8243; background_image=&raquo;https:\/\/metalproduction.lt\/wp-content\/uploads\/atlikti-darbai.jpg&raquo; global_colors_info=&raquo;{}&raquo;][et_pb_row _builder_version=&raquo;4.16&#8243; global_colors_info=&raquo;{}&raquo;][et_pb_column type=&raquo;4_4&#8243; _builder_version=&raquo;4.16&#8243; global_colors_info=&raquo;{}&raquo;][et_pb_text _builder_version=&raquo;4.16&#8243; text_line_height=&raquo;1.8em&raquo; header_font=&raquo;Kanit|700|||||||&raquo; header_font_size=&raquo;60px&raquo; header_line_height=&raquo;1.2em&raquo; background_layout=&raquo;dark&raquo; max_width=&raquo;550px&raquo; header_font_size_tablet=&raquo;&raquo; header_font_size_phone=&raquo;42px&raquo; header_font_size_last_edited=&raquo;on|phone&raquo; locked=&raquo;off&raquo; global_colors_info=&raquo;{}&raquo;]<\/p>\n<h1>Karriere<\/h1>\n<p>[\/et_pb_text][\/et_pb_column][\/et_pb_row][\/et_pb_section][et_pb_section fb_built=&raquo;1&#8243; admin_label=&raquo;About&raquo; _builder_version=&raquo;4.16&#8243; background_enable_color=&raquo;off&raquo; use_background_color_gradient=&raquo;on&raquo; background_color_gradient_direction=&raquo;-135deg&raquo; background_color_gradient_stops=&raquo;#015fa2 16%|#ffffff 16%&raquo; background_color_gradient_overlays_image=&raquo;on&raquo; background_color_gradient_start=&raquo;#015fa2&#8243; background_color_gradient_start_position=&raquo;16%&raquo; background_color_gradient_end=&raquo;#ffffff&raquo; background_color_gradient_end_position=&raquo;0%&raquo; background_enable_image=&raquo;off&raquo; background_last_edited=&raquo;on|tablet&raquo; use_background_color_gradient_tablet=&raquo;off&raquo; global_colors_info=&raquo;{}&raquo;][et_pb_row _builder_version=&raquo;4.16&#8243; locked=&raquo;off&raquo; global_colors_info=&raquo;{}&raquo;][et_pb_column type=&raquo;4_4&#8243; _builder_version=&raquo;4.16&#8243; custom_padding_tablet=&raquo;|||10vw|false|false&raquo; custom_padding_last_edited=&raquo;off|desktop&raquo; global_colors_info=&raquo;{}&raquo;][et_pb_text _builder_version=&raquo;4.16&#8243; text_line_height=&raquo;1.8em&raquo; max_width=&raquo;700px&raquo; custom_padding=&raquo;||||false|false&raquo; locked=&raquo;off&raquo; global_colors_info=&raquo;{}&raquo;]<\/p>\n<p style=\"text-align: justify;\">For \u00e5 kunne m\u00f8te utfordringene og arbeidsmengdene som kommer i fremtiden, er vi alltid \u00e5pne for \u00e5 vurdere kandidater til jobbene i bedriften v\u00e5r. Dette betyr at alle med tro p\u00e5 seg selv, og p\u00e5 oss &#8211; med riktig ekspertise eller talent &#8211; kan v\u00e6re en potensiell ny kollega.<\/p>\n<p style=\"text-align: justify;\">I dag rekrutterer &laquo;Metal Production&raquo; profesjonelle til \u00e5 bygge et veldig motivert og dyktig team i Litauen.<\/p>\n<p style=\"text-align: justify;\">Vi kan garantere gode akademiske og personlige utviklingsmuligheter, akademisk spennende, utfordrende og varierte oppgaver.<\/p>\n<p>[\/et_pb_text][\/et_pb_column][\/et_pb_row][\/et_pb_section][et_pb_section fb_built=&raquo;1&#8243; custom_padding_last_edited=&raquo;off|tablet&raquo; next_background_color=&raquo;#ffffff&raquo; admin_label=&raquo;Video&raquo; _builder_version=&raquo;4.16&#8243; use_background_color_gradient=&raquo;on&raquo; background_color_gradient_stops=&raquo;#4b4b4b 0%|#015fa2 100%&raquo; background_color_gradient_start=&raquo;#4b4b4b&raquo; background_color_gradient_end=&raquo;#015fa2&#8243; background_enable_image=&raquo;off&raquo; background_size=&raquo;initial&raquo; background_position=&raquo;top_left&raquo; custom_margin=&raquo;||||false|false&raquo; custom_padding=&raquo;0vw||14vw||false|false&raquo; custom_padding_tablet=&raquo;||||false|false&raquo; bottom_divider_style=&raquo;slant&raquo; bottom_divider_height=&raquo;80vw&raquo; bottom_divider_flip=&raquo;horizontal&raquo; bottom_divider_height_tablet=&raquo;0px&raquo; bottom_divider_height_last_edited=&raquo;off|tablet&raquo; background_last_edited=&raquo;on|desktop&raquo; background_enable_image_tablet=&raquo;off&raquo; box_shadow_horizontal_tablet=&raquo;0vw&raquo; box_shadow_horizontal_phone=&raquo;&raquo; box_shadow_horizontal_last_edited=&raquo;on|tablet&raquo; global_colors_info=&raquo;{}&raquo;][et_pb_row column_structure=&raquo;3_5,2_5&#8243; _builder_version=&raquo;4.16&#8243; custom_padding=&raquo;0px||0px||true|&raquo; box_shadow_style=&raquo;preset4&#8243; box_shadow_horizontal=&raquo;30vw&raquo; box_shadow_vertical=&raquo;0px&raquo; box_shadow_color=&raquo;#ffffff&raquo; box_shadow_horizontal_tablet=&raquo;0vw&raquo; box_shadow_horizontal_phone=&raquo;&raquo; box_shadow_horizontal_last_edited=&raquo;on|tablet&raquo; global_colors_info=&raquo;{}&raquo;][et_pb_column type=&raquo;3_5&#8243; _builder_version=&raquo;4.16&#8243; global_colors_info=&raquo;{}&raquo;][\/et_pb_column][et_pb_column type=&raquo;2_5&#8243; _builder_version=&raquo;4.16&#8243; background_color=&raquo;#ffffff&raquo; transform_translate=&raquo;1px|0px&raquo; transform_translate_linked=&raquo;off&raquo; custom_padding=&raquo;100px||100px||true|false&raquo; custom_padding_tablet=&raquo;40px||40px||true|false&raquo; custom_padding_phone=&raquo;&raquo; custom_padding_last_edited=&raquo;on|desktop&raquo; background_last_edited=&raquo;on|tablet&raquo; background_enable_color_tablet=&raquo;off&raquo; global_colors_info=&raquo;{}&raquo;][et_pb_video src=&raquo;https:\/\/www.youtube.com\/watch?v=Fy-UyWWYSP4&#038;feature=youtu.be&raquo; thumbnail_overlay_color=&raquo;rgba(0,0,0,0.6)&raquo; _builder_version=&raquo;4.16&#8243; custom_margin=&raquo;|||-360px|false|false&raquo; custom_margin_tablet=&raquo;|||0px|false|false&raquo; custom_margin_phone=&raquo;&raquo; custom_margin_last_edited=&raquo;on|tablet&raquo; locked=&raquo;off&raquo; global_colors_info=&raquo;{}&raquo;][\/et_pb_video][\/et_pb_column][\/et_pb_row][\/et_pb_section]<\/p>\n","protected":false},"excerpt":{"rendered":"<p>KarriereFor \u00e5 kunne m\u00f8te utfordringene og arbeidsmengdene som kommer i fremtiden, er vi alltid \u00e5pne for \u00e5 vurdere kandidater til jobbene i bedriften v\u00e5r. Dette betyr at alle med tro p\u00e5 seg selv, og p\u00e5 oss &#8211; med riktig ekspertise eller talent &#8211; kan v\u00e6re en potensiell ny kollega. I dag rekrutterer &laquo;Metal Production&raquo; profesjonelle [&hellip;]<\/p>\n","protected":false},"author":3,"featured_media":0,"parent":0,"menu_order":0,"comment_status":"closed","ping_status":"closed","template":"","meta":{"_et_pb_use_builder":"on","_et_pb_old_content":"[et_pb_section fb_built=\"1\" admin_label=\"Header\" _builder_version=\"4.4.6\" use_background_color_gradient=\"on\" background_color_gradient_start=\"rgba(1,95,162,0.3)\" background_color_gradient_end=\"#015fa2\" background_color_gradient_overlays_image=\"on\" background_image=\"https:\/\/metalproduction.lt\/wp-content\/uploads\/atlikti-darbai.jpg\"][et_pb_row _builder_version=\"4.4.6\"][et_pb_column type=\"4_4\" _builder_version=\"4.3.1\"][et_pb_text _builder_version=\"4.4.7\" text_line_height=\"1.8em\" header_font=\"Kanit|700|||||||\" header_font_size=\"60px\" header_line_height=\"1.2em\" background_layout=\"dark\" max_width=\"550px\" hover_enabled=\"0\" header_font_size_tablet=\"\" header_font_size_phone=\"42px\" header_font_size_last_edited=\"on|phone\" locked=\"off\"]\n<h1>Career<\/h1>\n[\/et_pb_text][\/et_pb_column][\/et_pb_row][\/et_pb_section][et_pb_section fb_built=\"1\" admin_label=\"About\" _builder_version=\"4.4.6\" background_enable_color=\"off\" use_background_color_gradient=\"on\" background_color_gradient_start=\"#015fa2\" background_color_gradient_end=\"#ffffff\" background_color_gradient_direction=\"-135deg\" background_color_gradient_start_position=\"16%\" background_color_gradient_end_position=\"0%\" background_color_gradient_overlays_image=\"on\" background_enable_image=\"off\" background_last_edited=\"on|tablet\" use_background_color_gradient_tablet=\"off\"][et_pb_row _builder_version=\"4.4.6\" locked=\"off\"][et_pb_column type=\"4_4\" _builder_version=\"4.3.2\" custom_padding_tablet=\"|||10vw|false|false\" custom_padding_last_edited=\"off|desktop\"][et_pb_text _builder_version=\"4.4.7\" text_line_height=\"1.8em\" max_width=\"700px\" custom_padding=\"||||false|false\" hover_enabled=\"0\" locked=\"off\"]\n<p style=\"text-align: justify;\">In order to meet the challenges and workloads of the future, we are always ready to consider a new candidate to work in our company. This means that anyone with the faith in himself, and in us \u2013 with the right expertise or talent \u2013 can be a potential new colleague.<\/p>\n<p style=\"text-align: justify;\"><strong>Today \"Metal production\" is recruiting professionals to build a highly motivated and skilled team in Lithuania.<\/strong><\/p>\n<p style=\"text-align: justify;\">We can guarantee good academic and personal development opportunities, academic exciting, challenging and varied tasks.<\/p>\n<p style=\"text-align: justify;\"><strong>Job applications:<\/strong><\/p>\n[\/et_pb_text][et_pb_tabs _builder_version=\"4.4.7\" hover_enabled=\"0\" active_tab_text_color=\"#015fa2\"][et_pb_tab title=\"HIRING QUALITY ASSURANCE MANAGER (QA)\" _builder_version=\"4.4.7\" hover_enabled=\"0\"]\n\n<strong>Main tasks:<\/strong>\n<ul>\n \t<li>ISO 9001 certification of Metal Production UAB;<\/li>\n \t<li>Establishing a QA system for Metal Production UAB;<\/li>\n \t<li>Maintaining the QA system for Metal Production UAB;<\/li>\n \t<li>Quality control of all sub-contractors to Metal Production UAB (globally - not just in LT);<\/li>\n \t<li>Production and manufacturing follow up of sub-contractors;<\/li>\n \t<li>Auditing of sub-contractors;<\/li>\n \t<li>IWE services of international clients.<\/li>\n<\/ul>\n<strong>Requirements:<\/strong>\n<ul>\n \t<li>Familiarity with most commonly used communication platforms;<\/li>\n \t<li>Bachelor or Master Degree in mechanical engineering from university;<\/li>\n \t<li>Experience and knowledge of industrial codes and regulations for fabrication of metal constructions and pressure vessels;<\/li>\n \t<li>Knowledge of the maritime codes and regulations;<\/li>\n \t<li>Interest in developing experience with offshore regulations and requirements;<\/li>\n \t<li>Good English skills;<\/li>\n \t<li>Good cooperation skills with ability to work in a team and also independently;<\/li>\n \t<li>Service minded;<\/li>\n \t<li>Accurate, with attention to detail.<\/li>\n<\/ul>\n<strong>We offer:<\/strong>\n<ul>\n \t<li>Great work environment and tools;<\/li>\n \t<li>Attractive salary;<\/li>\n \t<li>Academic exciting, challenging and varied tasks;<\/li>\n \t<li>Good academic and personal development opportunities;<\/li>\n \t<li>Assignments and training abroad;<\/li>\n \t<li>Modern and high-end office facilities;<\/li>\n \t<li>Office location: \u0160iauliai, Ma\u017eeikiai or Venta.<\/li>\n<\/ul>\n<strong>We guarantee your confidentiality<\/strong>\n<ul>\n \t<li>Send us your CV in English to <a href=\"mailto:gediminas@metalproduction.lt\">gediminas@metalproduction.lt<\/a><\/li>\n \t<li>In case of interest you are welcome to call by phone +370 676 34424<\/li>\n \t<li>Interview will be conducted in English language.<\/li>\n<\/ul>\n[\/et_pb_tab][et_pb_tab title=\"HIRING MECHANICAL ENGINEER - CONSTRUCTOR\" _builder_version=\"4.4.7\" hover_enabled=\"0\"]\n\n<strong>Responsibilities and duties:<\/strong>\n<ul>\n \t<li>Construct and calculate the output surface for heat \/ pressure systems and steel structures;<\/li>\n \t<li>Participate in projects such as standardization, development of solutions and product design \/ innovation;<\/li>\n \t<li>Follow up of production at site;<\/li>\n \t<li>Participate as technical expertise for sales activities;<\/li>\n \t<li>Prepare technical documentation;<\/li>\n \t<li>Some travel activities in connection with design and fabrication start-up must be expected.<\/li>\n<\/ul>\n<strong>Qualifications:<\/strong>\n<ul>\n \t<li>Familiarity with most commonly used communication platforms;<\/li>\n \t<li>Bachelor or Master Degree in mechanical engineering from university;<\/li>\n \t<li>Experience with CAD-based design systems. Autodesk Inventor or SolidWorks;<\/li>\n \t<li>System drawing (P&amp;ID) including sizing of piping and equipment;<\/li>\n \t<li>3-D modelling of boilers and pressure vessels;<\/li>\n \t<li>Good computer skills. Company uses Navision and Microsoft Dynamics ERP systems;<\/li>\n \t<li>Experience and knowledge of the regulations within the industry, maritime and offshore;<\/li>\n \t<li>Good knowledge of English;<\/li>\n \t<li>Good cooperation skills with ability to work in a team and also independently;<\/li>\n \t<li>Service minded;<\/li>\n \t<li>Accurate, with attention to detail.<\/li>\n<\/ul>\n<strong>We offer:<\/strong>\n<ul>\n \t<li>Great work environment and tools;<\/li>\n \t<li>Attractive salary;<\/li>\n \t<li>Academic exciting, challenging and varied tasks;<\/li>\n \t<li>Good academic and personal development opportunities;<\/li>\n \t<li>Assignments and training abroad;<\/li>\n \t<li>Modern and high-end office facilities;<\/li>\n \t<li>Office location: \u0160iauliai, Ma\u017eeikiai or Venta.<\/li>\n<\/ul>\n<strong>We guarantee your confidentiality<\/strong>\n<ul>\n \t<li>Send us your CV in English to <a href=\"mailto:gediminas@metalproduction.lt\">gediminas@metalproduction.lt<\/a><\/li>\n \t<li>In case of interest you are welcome to call by phone +370 676 34424<\/li>\n \t<li>Interview will be conducted in English language.<\/li>\n<\/ul>\n[\/et_pb_tab][\/et_pb_tabs][\/et_pb_column][\/et_pb_row][\/et_pb_section][et_pb_section fb_built=\"1\" custom_padding_last_edited=\"off|tablet\" next_background_color=\"#ffffff\" admin_label=\"Video\" _builder_version=\"4.4.6\" use_background_color_gradient=\"on\" background_color_gradient_start=\"#4b4b4b\" background_color_gradient_end=\"#015fa2\" background_enable_image=\"off\" background_size=\"initial\" background_position=\"top_left\" custom_margin=\"||||false|false\" custom_padding=\"0vw||14vw||false|false\" custom_padding_tablet=\"||||false|false\" bottom_divider_style=\"slant\" bottom_divider_height=\"80vw\" bottom_divider_flip=\"horizontal\" bottom_divider_height_tablet=\"0px\" bottom_divider_height_last_edited=\"off|tablet\" background_last_edited=\"on|desktop\" background_enable_image_tablet=\"off\" box_shadow_horizontal_tablet=\"0vw\" box_shadow_horizontal_phone=\"\" box_shadow_horizontal_last_edited=\"on|tablet\"][et_pb_row column_structure=\"3_5,2_5\" _builder_version=\"4.4.6\" custom_padding=\"0px||0px||true|\" box_shadow_style=\"preset4\" box_shadow_horizontal=\"30vw\" box_shadow_vertical=\"0px\" box_shadow_color=\"#ffffff\" box_shadow_horizontal_tablet=\"0vw\" box_shadow_horizontal_phone=\"\" box_shadow_horizontal_last_edited=\"on|tablet\"][et_pb_column type=\"3_5\" _builder_version=\"4.4.6\"][\/et_pb_column][et_pb_column type=\"2_5\" _builder_version=\"4.4.6\" background_color=\"#ffffff\" transform_translate=\"1px|0px\" transform_translate_linked=\"off\" custom_padding=\"100px||100px||true|false\" custom_padding_tablet=\"40px||40px||true|false\" custom_padding_phone=\"\" custom_padding_last_edited=\"on|desktop\" background_last_edited=\"on|tablet\" background_enable_color_tablet=\"off\"][et_pb_video src=\"https:\/\/www.youtube.com\/watch?v=Fy-UyWWYSP4&amp;feature=youtu.be\" thumbnail_overlay_color=\"rgba(0,0,0,0.6)\" _builder_version=\"4.4.6\" custom_margin=\"|||-360px|false|false\" custom_margin_tablet=\"|||0px|false|false\" custom_margin_phone=\"\" custom_margin_last_edited=\"on|tablet\" locked=\"off\"][\/et_pb_video][\/et_pb_column][\/et_pb_row][\/et_pb_section][et_pb_section fb_built=\"1\" custom_padding_last_edited=\"on|phone\" admin_label=\"Footer\" _builder_version=\"4.4.6\" use_background_color_gradient=\"on\" background_color_gradient_start=\"#4b4b4b\" background_color_gradient_end=\"#015fa2\" custom_margin=\"100px||||false|false\" custom_margin_tablet=\"\" custom_margin_phone=\"0px||||false|false\" custom_margin_last_edited=\"on|desktop\" custom_padding=\"1px||0px||false|false\" custom_padding_tablet=\"\" custom_padding_phone=\"48px||48px||true|false\" saved_tabs=\"all\" locked=\"off\" global_module=\"821\"][et_pb_row column_structure=\"1_4,1_4,1_2\" custom_padding_last_edited=\"on|phone\" _builder_version=\"4.4.6\" use_background_color_gradient=\"on\" background_color_gradient_start=\"rgba(23,0,190,0)\" background_color_gradient_end=\"#015fa2\" background_color_gradient_direction=\"135deg\" background_color_gradient_start_position=\"36%\" background_color_gradient_end_position=\"0%\" background_enable_image=\"off\" custom_margin=\"-80px||||false|false\" custom_margin_tablet=\"\" custom_margin_phone=\"0px||||false|false\" custom_margin_last_edited=\"on|phone\" custom_padding=\"160px||50px||false|false\" custom_padding_tablet=\"||||false|false\" custom_padding_phone=\"0px||||false|false\" background_last_edited=\"on|phone\" use_background_color_gradient_phone=\"off\" box_shadow_style=\"preset4\" box_shadow_horizontal=\"30vw\" box_shadow_vertical=\"0px\" box_shadow_color=\"#015fa2\" box_shadow_horizontal_tablet=\"\" box_shadow_horizontal_phone=\"0vw\" box_shadow_horizontal_last_edited=\"on|phone\"][et_pb_column type=\"1_4\" _builder_version=\"4.2.2\"][et_pb_text _builder_version=\"4.4.6\" header_3_font=\"Kanit|700|||||||\" header_3_font_size=\"24px\" header_3_line_height=\"1.4em\" background_layout=\"dark\"]\n<h4>Metal Production, UAB<\/h4>\n[\/et_pb_text][et_pb_blurb use_icon=\"on\" font_icon=\"%%202%%\" icon_color=\"#ffffff\" icon_placement=\"left\" content_max_width=\"100%\" use_icon_font_size=\"on\" icon_font_size=\"16px\" _builder_version=\"4.4.7\" body_line_height=\"1.2em\" background_layout=\"dark\" animation=\"off\"]\n\nCompany code: 302801462\n\n[\/et_pb_blurb][et_pb_blurb use_icon=\"on\" font_icon=\"%%202%%\" icon_color=\"#ffffff\" icon_placement=\"left\" content_max_width=\"100%\" use_icon_font_size=\"on\" icon_font_size=\"16px\" _builder_version=\"4.4.7\" body_line_height=\"1.2em\" background_layout=\"dark\" animation=\"off\" link_option_url=\"#\"]\n\nVAT No.: LT100008663911\n\n[\/et_pb_blurb][\/et_pb_column][et_pb_column type=\"1_4\" _builder_version=\"4.2.2\"][et_pb_text _builder_version=\"4.4.7\" header_3_font=\"Kanit|700|||||||\" header_3_font_size=\"24px\" header_3_line_height=\"1.4em\" background_layout=\"dark\" locked=\"off\"]\n<h4>Contact information<\/h4>\n[\/et_pb_text][et_pb_blurb use_icon=\"on\" font_icon=\"%%249%%\" icon_color=\"#ffffff\" icon_placement=\"left\" content_max_width=\"100%\" use_icon_font_size=\"on\" icon_font_size=\"16px\" _builder_version=\"4.4.7\" body_line_height=\"1.2em\" background_layout=\"dark\" animation=\"off\"]\n\nVytauto St. 76 A,\n76352 \u0160iauliai, Lithuania\n\n[\/et_pb_blurb][et_pb_blurb use_icon=\"on\" font_icon=\"%%264%%\" icon_color=\"#ffffff\" icon_placement=\"left\" content_max_width=\"100%\" use_icon_font_size=\"on\" icon_font_size=\"16px\" _builder_version=\"4.4.6\" body_line_height=\"1.2em\" background_layout=\"dark\" animation=\"off\" link_option_url=\"#\"]+370 676 34424[\/et_pb_blurb][et_pb_blurb use_icon=\"on\" font_icon=\"%%238%%\" icon_color=\"#ffffff\" icon_placement=\"left\" content_max_width=\"100%\" use_icon_font_size=\"on\" icon_font_size=\"16px\" _builder_version=\"4.4.6\" body_line_height=\"1.2em\" background_layout=\"dark\" animation=\"off\" link_option_url=\"#\"]info@metalproduction.lt[\/et_pb_blurb][\/et_pb_column][et_pb_column type=\"1_2\" _builder_version=\"4.3.2\"][et_pb_map address=\"Vytauto g. 76A, \u0160iauliai 76353, Lithuania\" zoom_level=\"3\" address_lat=\"55.9274339\" address_lng=\"23.3170069\" _builder_version=\"4.4.7\"][et_pb_map_pin title=\"Vytauto g. 76 A, 76352 \u0160iauliai\" pin_address=\"Vytauto g. 76A, \u0160iauliai 76353, Lithuania\" zoom_level=\"3\" pin_address_lat=\"55.9274339\" pin_address_lng=\"23.3170069\" _builder_version=\"4.4.7\"][\/et_pb_map_pin][\/et_pb_map][\/et_pb_column][\/et_pb_row][\/et_pb_section]","_et_gb_content_width":"","footnotes":""},"class_list":["post-1008","page","type-page","status-publish","hentry"],"yoast_head":"<!-- This site is optimized with the Yoast SEO plugin v27.4 - https:\/\/yoast.com\/product\/yoast-seo-wordpress\/ -->\n<title>Karriere - metalproduction.lt<\/title>\n<meta name=\"robots\" content=\"index, follow, max-snippet:-1, max-image-preview:large, max-video-preview:-1\" \/>\n<link rel=\"canonical\" href=\"https:\/\/metalproduction.lt\/no\/karriere\/\" \/>\n<meta property=\"og:locale\" content=\"nb_NO\" \/>\n<meta property=\"og:type\" content=\"article\" \/>\n<meta property=\"og:title\" content=\"Karriere - metalproduction.lt\" \/>\n<meta property=\"og:description\" content=\"KarriereFor \u00e5 kunne m\u00f8te utfordringene og arbeidsmengdene som kommer i fremtiden, er vi alltid \u00e5pne for \u00e5 vurdere kandidater til jobbene i bedriften v\u00e5r. Dette betyr at alle med tro p\u00e5 seg selv, og p\u00e5 oss - med riktig ekspertise eller talent - kan v\u00e6re en potensiell ny kollega. I dag rekrutterer &quot;Metal Production&quot; profesjonelle [&hellip;]\" \/>\n<meta property=\"og:url\" content=\"https:\/\/metalproduction.lt\/no\/karriere\/\" \/>\n<meta property=\"og:site_name\" content=\"metalproduction.lt\" \/>\n<meta property=\"article:modified_time\" content=\"2022-04-21T07:46:17+00:00\" \/>\n<meta name=\"twitter:card\" content=\"summary_large_image\" \/>\n<meta name=\"twitter:label1\" content=\"Ansl. lesetid\" \/>\n\t<meta name=\"twitter:data1\" content=\"3 minutter\" \/>\n<script type=\"application\/ld+json\" class=\"yoast-schema-graph\">{\"@context\":\"https:\\\/\\\/schema.org\",\"@graph\":[{\"@type\":\"WebPage\",\"@id\":\"https:\\\/\\\/metalproduction.lt\\\/no\\\/karriere\\\/\",\"url\":\"https:\\\/\\\/metalproduction.lt\\\/no\\\/karriere\\\/\",\"name\":\"Karriere - metalproduction.lt\",\"isPartOf\":{\"@id\":\"https:\\\/\\\/metalproduction.lt\\\/no\\\/#website\"},\"datePublished\":\"2020-05-27T15:15:36+00:00\",\"dateModified\":\"2022-04-21T07:46:17+00:00\",\"breadcrumb\":{\"@id\":\"https:\\\/\\\/metalproduction.lt\\\/no\\\/karriere\\\/#breadcrumb\"},\"inLanguage\":\"nb-NO\",\"potentialAction\":[{\"@type\":\"ReadAction\",\"target\":[\"https:\\\/\\\/metalproduction.lt\\\/no\\\/karriere\\\/\"]}]},{\"@type\":\"BreadcrumbList\",\"@id\":\"https:\\\/\\\/metalproduction.lt\\\/no\\\/karriere\\\/#breadcrumb\",\"itemListElement\":[{\"@type\":\"ListItem\",\"position\":1,\"name\":\"Home\",\"item\":\"https:\\\/\\\/metalproduction.lt\\\/no\\\/\"},{\"@type\":\"ListItem\",\"position\":2,\"name\":\"Karriere\"}]},{\"@type\":\"WebSite\",\"@id\":\"https:\\\/\\\/metalproduction.lt\\\/no\\\/#website\",\"url\":\"https:\\\/\\\/metalproduction.lt\\\/no\\\/\",\"name\":\"metalproduction.lt\",\"description\":\"\",\"potentialAction\":[{\"@type\":\"SearchAction\",\"target\":{\"@type\":\"EntryPoint\",\"urlTemplate\":\"https:\\\/\\\/metalproduction.lt\\\/no\\\/?s={search_term_string}\"},\"query-input\":{\"@type\":\"PropertyValueSpecification\",\"valueRequired\":true,\"valueName\":\"search_term_string\"}}],\"inLanguage\":\"nb-NO\"}]}<\/script>\n<!-- \/ Yoast SEO plugin. -->","yoast_head_json":{"title":"Karriere - metalproduction.lt","robots":{"index":"index","follow":"follow","max-snippet":"max-snippet:-1","max-image-preview":"max-image-preview:large","max-video-preview":"max-video-preview:-1"},"canonical":"https:\/\/metalproduction.lt\/no\/karriere\/","og_locale":"nb_NO","og_type":"article","og_title":"Karriere - metalproduction.lt","og_description":"KarriereFor \u00e5 kunne m\u00f8te utfordringene og arbeidsmengdene som kommer i fremtiden, er vi alltid \u00e5pne for \u00e5 vurdere kandidater til jobbene i bedriften v\u00e5r. Dette betyr at alle med tro p\u00e5 seg selv, og p\u00e5 oss - med riktig ekspertise eller talent - kan v\u00e6re en potensiell ny kollega. I dag rekrutterer \"Metal Production\" profesjonelle [&hellip;]","og_url":"https:\/\/metalproduction.lt\/no\/karriere\/","og_site_name":"metalproduction.lt","article_modified_time":"2022-04-21T07:46:17+00:00","twitter_card":"summary_large_image","twitter_misc":{"Ansl. lesetid":"3 minutter"},"schema":{"@context":"https:\/\/schema.org","@graph":[{"@type":"WebPage","@id":"https:\/\/metalproduction.lt\/no\/karriere\/","url":"https:\/\/metalproduction.lt\/no\/karriere\/","name":"Karriere - metalproduction.lt","isPartOf":{"@id":"https:\/\/metalproduction.lt\/no\/#website"},"datePublished":"2020-05-27T15:15:36+00:00","dateModified":"2022-04-21T07:46:17+00:00","breadcrumb":{"@id":"https:\/\/metalproduction.lt\/no\/karriere\/#breadcrumb"},"inLanguage":"nb-NO","potentialAction":[{"@type":"ReadAction","target":["https:\/\/metalproduction.lt\/no\/karriere\/"]}]},{"@type":"BreadcrumbList","@id":"https:\/\/metalproduction.lt\/no\/karriere\/#breadcrumb","itemListElement":[{"@type":"ListItem","position":1,"name":"Home","item":"https:\/\/metalproduction.lt\/no\/"},{"@type":"ListItem","position":2,"name":"Karriere"}]},{"@type":"WebSite","@id":"https:\/\/metalproduction.lt\/no\/#website","url":"https:\/\/metalproduction.lt\/no\/","name":"metalproduction.lt","description":"","potentialAction":[{"@type":"SearchAction","target":{"@type":"EntryPoint","urlTemplate":"https:\/\/metalproduction.lt\/no\/?s={search_term_string}"},"query-input":{"@type":"PropertyValueSpecification","valueRequired":true,"valueName":"search_term_string"}}],"inLanguage":"nb-NO"}]}},"_links":{"self":[{"href":"https:\/\/metalproduction.lt\/no\/wp-json\/wp\/v2\/pages\/1008","targetHints":{"allow":["GET"]}}],"collection":[{"href":"https:\/\/metalproduction.lt\/no\/wp-json\/wp\/v2\/pages"}],"about":[{"href":"https:\/\/metalproduction.lt\/no\/wp-json\/wp\/v2\/types\/page"}],"author":[{"embeddable":true,"href":"https:\/\/metalproduction.lt\/no\/wp-json\/wp\/v2\/users\/3"}],"replies":[{"embeddable":true,"href":"https:\/\/metalproduction.lt\/no\/wp-json\/wp\/v2\/comments?post=1008"}],"version-history":[{"count":4,"href":"https:\/\/metalproduction.lt\/no\/wp-json\/wp\/v2\/pages\/1008\/revisions"}],"predecessor-version":[{"id":3353,"href":"https:\/\/metalproduction.lt\/no\/wp-json\/wp\/v2\/pages\/1008\/revisions\/3353"}],"wp:attachment":[{"href":"https:\/\/metalproduction.lt\/no\/wp-json\/wp\/v2\/media?parent=1008"}],"curies":[{"name":"wp","href":"https:\/\/api.w.org\/{rel}","templated":true}]}}