{"id":1001,"date":"2020-05-27T18:12:59","date_gmt":"2020-05-27T15:12:59","guid":{"rendered":"https:\/\/metalproduction.lt\/?page_id=1001"},"modified":"2025-01-02T16:32:23","modified_gmt":"2025-01-02T14:32:23","slug":"eu-prosjekter","status":"publish","type":"page","link":"https:\/\/metalproduction.lt\/no\/eu-prosjekter\/","title":{"rendered":"EU-prosjekter"},"content":{"rendered":"<p>[et_pb_section fb_built=&raquo;1&#8243; admin_label=&raquo;Header&raquo; _builder_version=&raquo;4.16&#8243; use_background_color_gradient=&raquo;on&raquo; background_color_gradient_stops=&raquo;rgba(1,95,162,0.3) 0%|#015fa2 100%&raquo; background_color_gradient_overlays_image=&raquo;on&raquo; background_color_gradient_start=&raquo;rgba(1,95,162,0.3)&raquo; background_color_gradient_end=&raquo;#015fa2&#8243; background_image=&raquo;https:\/\/metalproduction.lt\/wp-content\/uploads\/es-parama.jpg&raquo; global_colors_info=&raquo;{}&raquo;][et_pb_row _builder_version=&raquo;4.16&#8243; global_colors_info=&raquo;{}&raquo;][et_pb_column type=&raquo;4_4&#8243; _builder_version=&raquo;4.16&#8243; global_colors_info=&raquo;{}&raquo;][et_pb_text _builder_version=&raquo;4.16&#8243; text_line_height=&raquo;1.8em&raquo; header_font=&raquo;Kanit|700|||||||&raquo; header_font_size=&raquo;60px&raquo; header_line_height=&raquo;1.2em&raquo; background_layout=&raquo;dark&raquo; max_width=&raquo;550px&raquo; header_font_size_tablet=&raquo;&raquo; header_font_size_phone=&raquo;42px&raquo; header_font_size_last_edited=&raquo;on|phone&raquo; locked=&raquo;off&raquo; global_colors_info=&raquo;{}&raquo;]<\/p>\n<h1>EU-st\u00f8tte<\/h1>\n<p>[\/et_pb_text][\/et_pb_column][\/et_pb_row][\/et_pb_section][et_pb_section fb_built=&raquo;1&#8243; admin_label=&raquo;About&raquo; _builder_version=&raquo;4.16&#8243; background_enable_color=&raquo;off&raquo; use_background_color_gradient=&raquo;on&raquo; background_color_gradient_direction=&raquo;-135deg&raquo; background_color_gradient_stops=&raquo;#015fa2 7%|#ffffff 7%&raquo; background_color_gradient_overlays_image=&raquo;on&raquo; background_color_gradient_start=&raquo;#015fa2&#8243; background_color_gradient_start_position=&raquo;7%&raquo; background_color_gradient_end=&raquo;#ffffff&raquo; background_color_gradient_end_position=&raquo;0%&raquo; background_enable_image=&raquo;off&raquo; background_last_edited=&raquo;on|tablet&raquo; use_background_color_gradient_tablet=&raquo;off&raquo; global_colors_info=&raquo;{}&raquo;][et_pb_row column_structure=&raquo;1_3,2_3&#8243; _builder_version=&raquo;4.16&#8243; locked=&raquo;off&raquo; global_colors_info=&raquo;{}&raquo;][et_pb_column type=&raquo;1_3&#8243; _builder_version=&raquo;4.16&#8243; custom_padding_tablet=&raquo;|||10vw|false|false&raquo; custom_padding_last_edited=&raquo;off|desktop&raquo; global_colors_info=&raquo;{}&raquo;][et_pb_image src=&raquo;https:\/\/metalproduction.lt\/wp-content\/uploads\/eu-logo.jpg&raquo; title_text=&raquo;eu-logo&raquo; align=&raquo;center&raquo; _builder_version=&raquo;4.16&#8243; global_colors_info=&raquo;{}&raquo;][\/et_pb_image][\/et_pb_column][et_pb_column type=&raquo;2_3&#8243; _builder_version=&raquo;4.16&#8243; custom_padding_tablet=&raquo;|||10vw|false|false&raquo; custom_padding_last_edited=&raquo;off|desktop&raquo; global_colors_info=&raquo;{}&raquo;][et_pb_text _builder_version=&raquo;4.16&#8243; text_line_height=&raquo;1.8em&raquo; max_width=&raquo;700px&raquo; custom_padding=&raquo;||||false|false&raquo; locked=&raquo;off&raquo; global_colors_info=&raquo;{}&raquo;]<\/p>\n<h3 style=\"text-align: left;\">\u00abUAB Metal Production\u00bb (lukket aksjeselskap \u00abMetal Production\u00bb) gjennomf\u00f8rer prosjektet <br \/>\u00ab Rocket Cluster\u00bb engasjerer seg i internasjonalt forretningssnettverk for \u00e5 finne nye eksportmarkeder\u00bb , som er delvis finansiert av EU.<\/h3>\n<p style=\"text-align: justify;\">\u00abUAB Metal Production\u00bb ble etablert i 2011 og leverer ingeni\u00f8r- og agenturtjenester ved kj\u00f8p av tjenester i Baltikum. Selskapet er lokalisert i \u0160iauliai, Litauen. Vi fokuserer p\u00e5 maritim og petroleumsindustrien, og leverer driftssikre produkter og tjenester av h\u00f8y kvalitet til en konkurransedyktig pris. \u00abUAB Metal Production\u00bb opplever en rask vekst og utvikling, har omfattende kunnskaper og et stort leverand\u00f8rnettverk i Baltikum.<\/p>\n<p style=\"text-align: justify;\">De siste \u00e5rene har verden blitt stadig mer globalisert. Globaliseringen har f\u00f8rt til at virksomheter blir kraftig konfrontert med \u00f8kende konkurranse p\u00e5 den internasjonale markedet. Det blir stadig vanskeligere \u00e5 f\u00e5 et betydelig konkurransefortrinn. Avsettelse av midler til \u00e5 \u00f8ke konkurranseevne og effektivitet er n\u00f8dvendig for \u00e5 forbli konkurransedyktig. Derfor f\u00e5r klynger stadig st\u00f8rre betydning i verdens \u00f8konomiske vekst. En klynge er en geografisk konsentrasjon av bedrifter i samme eller relaterte n\u00e6ringer. Klyngene er en konsentrasjon av kunnskap som gj\u00f8r at bedrifter kan \u00f8ke produksjonsevne, bli mer innovative, \u00f8ke produksjonskvalitet, utvikle nye produkter eller teknologier. <\/p>\n<p style=\"text-align: justify;\">\u00abRocket Cluster\u00bb klyngen er en organisasjon basert p\u00e5 en geografisk konsentrasjon av bedrifter i samme eller relaterte n\u00e6ringer. Klyngen best\u00e5r av fem medlemmer sm\u00e5 og mellomstore bedrifter: klyngekoordinator \/ s\u00f8ker \u00abUAB Metal Production\u00bb og klyngemedlemmer \/ prosjektpartnere \u00abUAB Aksonas\u00bb, \u00abUAB Santavilt\u0117\u00bb, \u00abUAB LZ technika\u00bb, \u00abUAB Anaga\u00bb. \u00abRocket Cluster\u00bb leverer tjenester innen teknisk prosjektering, produksjon samt andre relaterte tjenester. Klyngemedlemmer har som m\u00e5l \u00e5 forene sine aktiviteter ved \u00e5 organisere og fremme eksport av ingeni\u00f8rtjenester samt produkter, tiltrekke seg utenlandske kunder.<\/p>\n<p style=\"text-align: justify;\">\u00abUAB Metal Production\u00bb sitt prosjekt gjennomf\u00f8res i henhold til Handlingsprogram for det Europeiske investeringsfondet gjennomf\u00f8ringstiltak nr. 03.2.1-LVPA-K-807 \u00abVerslo klasteris LT\u00bb med 3. prioritet \u00abUtvikling i konkurranseevnen til sm\u00e5 og mellomstore bedrifter\u00bb, prosjektnummer 03.2.1-LVPA-K-807-02-0031 av 2014\uf02d2020. Form\u00e5let med tiltaket er \u00e5 sikre at klyngemedlemmer engasjerer seg i internasjonalt forretningsnettverk, kommer ut p\u00e5 nye eksportmarkeder, samt fremme internasjonalt samarbeid med andre selskaper. <\/p>\n<p style=\"text-align: justify;\">Form\u00e5let med prosjektet \u00abUAB Metal Production\u00bb gjennomf\u00f8rer er \u00f8kt internasjonal \u00abRocket Cluster\u00bb sin konkurranseevne som kan oppn\u00e5s ved \u00e5 forene bedrifters yteevner, kompetanser og kontakter. <\/p>\n<p style=\"text-align: justify;\">Prosjektet finansieres delvis av st\u00f8ttemidler fra EUs strukturfond med <strong>187 929,33<\/strong> EUR. <\/p>\n<p style=\"text-align: justify;\">Prosjektet gjennomf\u00f8res p\u00e5 24 m\u00e5neder.<\/p>\n<p>[\/et_pb_text][\/et_pb_column][\/et_pb_row][\/et_pb_section]<\/p>\n","protected":false},"excerpt":{"rendered":"<p>EU-st\u00f8tte\u00abUAB Metal Production\u00bb (lukket aksjeselskap \u00abMetal Production\u00bb) gjennomf\u00f8rer prosjektet \u00ab Rocket Cluster\u00bb engasjerer seg i internasjonalt forretningssnettverk for \u00e5 finne nye eksportmarkeder\u00bb , som er delvis finansiert av EU. \u00abUAB Metal Production\u00bb ble etablert i 2011 og leverer ingeni\u00f8r- og agenturtjenester ved kj\u00f8p av tjenester i Baltikum. Selskapet er lokalisert i \u0160iauliai, Litauen. Vi fokuserer [&hellip;]<\/p>\n","protected":false},"author":3,"featured_media":0,"parent":0,"menu_order":0,"comment_status":"closed","ping_status":"closed","template":"","meta":{"_et_pb_use_builder":"on","_et_pb_old_content":"[et_pb_section fb_built=\"1\" admin_label=\"Header\" _builder_version=\"4.4.6\" use_background_color_gradient=\"on\" background_color_gradient_start=\"rgba(1,95,162,0.3)\" background_color_gradient_end=\"#015fa2\" background_color_gradient_overlays_image=\"on\" background_image=\"https:\/\/metalproduction.lt\/wp-content\/uploads\/es-parama.jpg\"][et_pb_row _builder_version=\"4.4.6\"][et_pb_column type=\"4_4\" _builder_version=\"4.3.1\"][et_pb_text _builder_version=\"4.4.7\" text_line_height=\"1.8em\" header_font=\"Kanit|700|||||||\" header_font_size=\"60px\" header_line_height=\"1.2em\" background_layout=\"dark\" max_width=\"550px\" hover_enabled=\"0\" header_font_size_tablet=\"\" header_font_size_phone=\"42px\" header_font_size_last_edited=\"on|phone\" locked=\"off\"]\n<h1>EU aid<\/h1>\n[\/et_pb_text][\/et_pb_column][\/et_pb_row][\/et_pb_section][et_pb_section fb_built=\"1\" admin_label=\"About\" _builder_version=\"4.4.6\" background_enable_color=\"off\" use_background_color_gradient=\"on\" background_color_gradient_start=\"#015fa2\" background_color_gradient_end=\"#ffffff\" background_color_gradient_direction=\"-135deg\" background_color_gradient_start_position=\"7%\" background_color_gradient_end_position=\"0%\" background_color_gradient_overlays_image=\"on\" background_enable_image=\"off\" background_last_edited=\"on|tablet\" use_background_color_gradient_tablet=\"off\"][et_pb_row column_structure=\"1_3,2_3\" _builder_version=\"4.4.6\" locked=\"off\"][et_pb_column type=\"1_3\" _builder_version=\"4.3.2\" custom_padding_tablet=\"|||10vw|false|false\" custom_padding_last_edited=\"off|desktop\"][et_pb_image src=\"https:\/\/metalproduction.lt\/wp-content\/uploads\/eu-logo.jpg\" title_text=\"eu-logo\" align=\"center\" _builder_version=\"4.4.6\"][\/et_pb_image][\/et_pb_column][et_pb_column type=\"2_3\" _builder_version=\"4.3.2\" custom_padding_tablet=\"|||10vw|false|false\" custom_padding_last_edited=\"off|desktop\"][et_pb_text _builder_version=\"4.4.7\" text_line_height=\"1.8em\" max_width=\"700px\" custom_padding=\"||||false|false\" hover_enabled=\"0\" locked=\"off\"]\n<h3 style=\"text-align: left;\">Metal Production UAB is implementing the partially EU-funded project Rocket Cluster Involvement in International Network Chains Pursuing to Find New Export Markets.<\/h3>\n<p style=\"text-align: justify;\">Founded in 2011, UAB Metal Production offers engineering and outsourcing services from the Baltic region. The company is located in \u0160iauliai, Lithuania. In the market we focus on the marine and oil industries, providing high quality services and products at competitive prices. Metal Production UAB has accumulated extensive knowledge and extensive network of suppliers in the Baltic region, it is a rapidly growing and improving company.<\/p>\n<p style=\"text-align: justify;\">At the present time, as a result of the rapid expansion of globalisation influence, businesses are increasingly confronted with increasing competition in the international marketplace and with the difficulty of gaining a substantial competitive advantage. In order to remain competitive, it is necessary to allocate the resources required to increase competitiveness and efficiency. As a result, clusters consisting of geographically concentrated, interacting, cooperative and complementary businesses are gaining increasing importance in global economic development. They create favourable conditions for increasing the productivity, innovativeness, quality of manufactured products, development and improvement of new products or technologies.<\/p>\n<p style=\"text-align: justify;\">The cluster Rocket Cluster is a joint venture organisation with 5 members (SME, 5 members in total: Cluster Coordinator \/ Applicant (Metal Production UAB) and Cluster Members \/ Project Partners (AKSONAS UAB, Santavilt\u0117 UAB, LZ Tehnika UAB, ANAGA UAB) provides engineering design, manufacturing services and other services related to such activities. The members of the cluster aim to consolidate their activities by organising and expanding the export of engineering services and products in order to expand their export and attract foreign clients to the companies of the Cluster.<\/p>\n<p style=\"text-align: justify;\">The project of Metal Production UAB is implemented in accordance with the implementation measure No 03.2.1-LVPA-K-807 Business Cluster LT of the Priority 3 \u201cPromoting the Competitiveness of Small and Medium-sized Enterprises\u201d of the \u201cOperational Programme for the European Union Funds' Investments in 2014-2020\u201d Project Number 03.2.1-LVPA-K-807-02-0031. The objective of the measure is to engage cluster members in international networking chains, expand new export markets and promote networking with other companies at international level.<\/p>\n<p style=\"text-align: justify;\">The aim of the project implemented by Metal Production UAB is to increase the international competitiveness of the Rocket Cluster by combining the capabilities, competencies and contacts of the companies.<\/p>\n<p style=\"text-align: justify;\">The amount of investments from the European Union Structural Funds for the implementation of the project is EUR <strong>187 929.33<\/strong>.<\/p>\n<p style=\"text-align: justify;\">The duration of the implementation of the project is 24 months.<\/p>\n[\/et_pb_text][\/et_pb_column][\/et_pb_row][\/et_pb_section][et_pb_section fb_built=\"1\" custom_padding_last_edited=\"on|phone\" admin_label=\"Footer\" _builder_version=\"4.4.6\" use_background_color_gradient=\"on\" background_color_gradient_start=\"#4b4b4b\" background_color_gradient_end=\"#015fa2\" custom_margin=\"100px||||false|false\" custom_margin_tablet=\"\" custom_margin_phone=\"0px||||false|false\" custom_margin_last_edited=\"on|desktop\" custom_padding=\"1px||0px||false|false\" custom_padding_tablet=\"\" custom_padding_phone=\"48px||48px||true|false\" saved_tabs=\"all\" locked=\"off\" global_module=\"821\"][et_pb_row column_structure=\"1_4,1_4,1_2\" custom_padding_last_edited=\"on|phone\" _builder_version=\"4.4.6\" use_background_color_gradient=\"on\" background_color_gradient_start=\"rgba(23,0,190,0)\" background_color_gradient_end=\"#015fa2\" background_color_gradient_direction=\"135deg\" background_color_gradient_start_position=\"36%\" background_color_gradient_end_position=\"0%\" background_enable_image=\"off\" custom_margin=\"-80px||||false|false\" custom_margin_tablet=\"\" custom_margin_phone=\"0px||||false|false\" custom_margin_last_edited=\"on|phone\" custom_padding=\"160px||50px||false|false\" custom_padding_tablet=\"||||false|false\" custom_padding_phone=\"0px||||false|false\" background_last_edited=\"on|phone\" use_background_color_gradient_phone=\"off\" box_shadow_style=\"preset4\" box_shadow_horizontal=\"30vw\" box_shadow_vertical=\"0px\" box_shadow_color=\"#015fa2\" box_shadow_horizontal_tablet=\"\" box_shadow_horizontal_phone=\"0vw\" box_shadow_horizontal_last_edited=\"on|phone\"][et_pb_column type=\"1_4\" _builder_version=\"4.2.2\"][et_pb_text _builder_version=\"4.4.6\" header_3_font=\"Kanit|700|||||||\" header_3_font_size=\"24px\" header_3_line_height=\"1.4em\" background_layout=\"dark\"]\n<h4>Metal Production, UAB<\/h4>\n[\/et_pb_text][et_pb_blurb use_icon=\"on\" font_icon=\"%%202%%\" icon_color=\"#ffffff\" icon_placement=\"left\" content_max_width=\"100%\" use_icon_font_size=\"on\" icon_font_size=\"16px\" _builder_version=\"4.4.7\" body_line_height=\"1.2em\" background_layout=\"dark\" animation=\"off\"]\n\nCompany code: 302801462\n\n[\/et_pb_blurb][et_pb_blurb use_icon=\"on\" font_icon=\"%%202%%\" icon_color=\"#ffffff\" icon_placement=\"left\" content_max_width=\"100%\" use_icon_font_size=\"on\" icon_font_size=\"16px\" _builder_version=\"4.4.7\" body_line_height=\"1.2em\" background_layout=\"dark\" animation=\"off\" link_option_url=\"#\"]\n\nVAT No.: LT100008663911\n\n[\/et_pb_blurb][\/et_pb_column][et_pb_column type=\"1_4\" _builder_version=\"4.2.2\"][et_pb_text _builder_version=\"4.4.7\" header_3_font=\"Kanit|700|||||||\" header_3_font_size=\"24px\" header_3_line_height=\"1.4em\" background_layout=\"dark\" locked=\"off\"]\n<h4>Contact information<\/h4>\n[\/et_pb_text][et_pb_blurb use_icon=\"on\" font_icon=\"%%249%%\" icon_color=\"#ffffff\" icon_placement=\"left\" content_max_width=\"100%\" use_icon_font_size=\"on\" icon_font_size=\"16px\" _builder_version=\"4.4.7\" body_line_height=\"1.2em\" background_layout=\"dark\" animation=\"off\"]\n\nVytauto St. 76 A,\n76352 \u0160iauliai, Lithuania\n\n[\/et_pb_blurb][et_pb_blurb use_icon=\"on\" font_icon=\"%%264%%\" icon_color=\"#ffffff\" icon_placement=\"left\" content_max_width=\"100%\" use_icon_font_size=\"on\" icon_font_size=\"16px\" _builder_version=\"4.4.6\" body_line_height=\"1.2em\" background_layout=\"dark\" animation=\"off\" link_option_url=\"#\"]+370 676 34424[\/et_pb_blurb][et_pb_blurb use_icon=\"on\" font_icon=\"%%238%%\" icon_color=\"#ffffff\" icon_placement=\"left\" content_max_width=\"100%\" use_icon_font_size=\"on\" icon_font_size=\"16px\" _builder_version=\"4.4.6\" body_line_height=\"1.2em\" background_layout=\"dark\" animation=\"off\" link_option_url=\"#\"]info@metalproduction.lt[\/et_pb_blurb][\/et_pb_column][et_pb_column type=\"1_2\" _builder_version=\"4.3.2\"][et_pb_map address=\"Vytauto g. 76A, \u0160iauliai 76353, Lithuania\" zoom_level=\"3\" address_lat=\"55.9274339\" address_lng=\"23.3170069\" _builder_version=\"4.4.7\"][et_pb_map_pin title=\"Vytauto g. 76 A, 76352 \u0160iauliai\" pin_address=\"Vytauto g. 76A, \u0160iauliai 76353, Lithuania\" zoom_level=\"3\" pin_address_lat=\"55.9274339\" pin_address_lng=\"23.3170069\" _builder_version=\"4.4.7\"][\/et_pb_map_pin][\/et_pb_map][\/et_pb_column][\/et_pb_row][\/et_pb_section]","_et_gb_content_width":"","footnotes":""},"class_list":["post-1001","page","type-page","status-publish","hentry"],"yoast_head":"<!-- This site is optimized with the Yoast SEO plugin v27.5 - https:\/\/yoast.com\/product\/yoast-seo-wordpress\/ -->\n<title>EU-prosjekter - metalproduction.lt<\/title>\n<meta name=\"robots\" content=\"index, follow, max-snippet:-1, max-image-preview:large, max-video-preview:-1\" \/>\n<link rel=\"canonical\" href=\"https:\/\/metalproduction.lt\/no\/eu-prosjekter\/\" \/>\n<meta property=\"og:locale\" content=\"nb_NO\" \/>\n<meta property=\"og:type\" content=\"article\" \/>\n<meta property=\"og:title\" content=\"EU-prosjekter - metalproduction.lt\" \/>\n<meta property=\"og:description\" content=\"EU-st\u00f8tte\u00abUAB Metal Production\u00bb (lukket aksjeselskap \u00abMetal Production\u00bb) gjennomf\u00f8rer prosjektet \u00ab Rocket Cluster\u00bb engasjerer seg i internasjonalt forretningssnettverk for \u00e5 finne nye eksportmarkeder\u00bb , som er delvis finansiert av EU. \u00abUAB Metal Production\u00bb ble etablert i 2011 og leverer ingeni\u00f8r- og agenturtjenester ved kj\u00f8p av tjenester i Baltikum. Selskapet er lokalisert i \u0160iauliai, Litauen. Vi fokuserer [&hellip;]\" \/>\n<meta property=\"og:url\" content=\"https:\/\/metalproduction.lt\/no\/eu-prosjekter\/\" \/>\n<meta property=\"og:site_name\" content=\"metalproduction.lt\" \/>\n<meta property=\"article:modified_time\" content=\"2025-01-02T14:32:23+00:00\" \/>\n<meta name=\"twitter:card\" content=\"summary_large_image\" \/>\n<meta name=\"twitter:label1\" content=\"Ansl. lesetid\" \/>\n\t<meta name=\"twitter:data1\" content=\"3 minutter\" \/>\n<script type=\"application\/ld+json\" class=\"yoast-schema-graph\">{\"@context\":\"https:\\\/\\\/schema.org\",\"@graph\":[{\"@type\":\"WebPage\",\"@id\":\"https:\\\/\\\/metalproduction.lt\\\/no\\\/eu-prosjekter\\\/\",\"url\":\"https:\\\/\\\/metalproduction.lt\\\/no\\\/eu-prosjekter\\\/\",\"name\":\"EU-prosjekter - metalproduction.lt\",\"isPartOf\":{\"@id\":\"https:\\\/\\\/metalproduction.lt\\\/no\\\/#website\"},\"datePublished\":\"2020-05-27T15:12:59+00:00\",\"dateModified\":\"2025-01-02T14:32:23+00:00\",\"breadcrumb\":{\"@id\":\"https:\\\/\\\/metalproduction.lt\\\/no\\\/eu-prosjekter\\\/#breadcrumb\"},\"inLanguage\":\"nb-NO\",\"potentialAction\":[{\"@type\":\"ReadAction\",\"target\":[\"https:\\\/\\\/metalproduction.lt\\\/no\\\/eu-prosjekter\\\/\"]}]},{\"@type\":\"BreadcrumbList\",\"@id\":\"https:\\\/\\\/metalproduction.lt\\\/no\\\/eu-prosjekter\\\/#breadcrumb\",\"itemListElement\":[{\"@type\":\"ListItem\",\"position\":1,\"name\":\"Home\",\"item\":\"https:\\\/\\\/metalproduction.lt\\\/no\\\/\"},{\"@type\":\"ListItem\",\"position\":2,\"name\":\"EU-prosjekter\"}]},{\"@type\":\"WebSite\",\"@id\":\"https:\\\/\\\/metalproduction.lt\\\/no\\\/#website\",\"url\":\"https:\\\/\\\/metalproduction.lt\\\/no\\\/\",\"name\":\"metalproduction.lt\",\"description\":\"\",\"potentialAction\":[{\"@type\":\"SearchAction\",\"target\":{\"@type\":\"EntryPoint\",\"urlTemplate\":\"https:\\\/\\\/metalproduction.lt\\\/no\\\/?s={search_term_string}\"},\"query-input\":{\"@type\":\"PropertyValueSpecification\",\"valueRequired\":true,\"valueName\":\"search_term_string\"}}],\"inLanguage\":\"nb-NO\"}]}<\/script>\n<!-- \/ Yoast SEO plugin. -->","yoast_head_json":{"title":"EU-prosjekter - metalproduction.lt","robots":{"index":"index","follow":"follow","max-snippet":"max-snippet:-1","max-image-preview":"max-image-preview:large","max-video-preview":"max-video-preview:-1"},"canonical":"https:\/\/metalproduction.lt\/no\/eu-prosjekter\/","og_locale":"nb_NO","og_type":"article","og_title":"EU-prosjekter - metalproduction.lt","og_description":"EU-st\u00f8tte\u00abUAB Metal Production\u00bb (lukket aksjeselskap \u00abMetal Production\u00bb) gjennomf\u00f8rer prosjektet \u00ab Rocket Cluster\u00bb engasjerer seg i internasjonalt forretningssnettverk for \u00e5 finne nye eksportmarkeder\u00bb , som er delvis finansiert av EU. \u00abUAB Metal Production\u00bb ble etablert i 2011 og leverer ingeni\u00f8r- og agenturtjenester ved kj\u00f8p av tjenester i Baltikum. Selskapet er lokalisert i \u0160iauliai, Litauen. Vi fokuserer [&hellip;]","og_url":"https:\/\/metalproduction.lt\/no\/eu-prosjekter\/","og_site_name":"metalproduction.lt","article_modified_time":"2025-01-02T14:32:23+00:00","twitter_card":"summary_large_image","twitter_misc":{"Ansl. lesetid":"3 minutter"},"schema":{"@context":"https:\/\/schema.org","@graph":[{"@type":"WebPage","@id":"https:\/\/metalproduction.lt\/no\/eu-prosjekter\/","url":"https:\/\/metalproduction.lt\/no\/eu-prosjekter\/","name":"EU-prosjekter - metalproduction.lt","isPartOf":{"@id":"https:\/\/metalproduction.lt\/no\/#website"},"datePublished":"2020-05-27T15:12:59+00:00","dateModified":"2025-01-02T14:32:23+00:00","breadcrumb":{"@id":"https:\/\/metalproduction.lt\/no\/eu-prosjekter\/#breadcrumb"},"inLanguage":"nb-NO","potentialAction":[{"@type":"ReadAction","target":["https:\/\/metalproduction.lt\/no\/eu-prosjekter\/"]}]},{"@type":"BreadcrumbList","@id":"https:\/\/metalproduction.lt\/no\/eu-prosjekter\/#breadcrumb","itemListElement":[{"@type":"ListItem","position":1,"name":"Home","item":"https:\/\/metalproduction.lt\/no\/"},{"@type":"ListItem","position":2,"name":"EU-prosjekter"}]},{"@type":"WebSite","@id":"https:\/\/metalproduction.lt\/no\/#website","url":"https:\/\/metalproduction.lt\/no\/","name":"metalproduction.lt","description":"","potentialAction":[{"@type":"SearchAction","target":{"@type":"EntryPoint","urlTemplate":"https:\/\/metalproduction.lt\/no\/?s={search_term_string}"},"query-input":{"@type":"PropertyValueSpecification","valueRequired":true,"valueName":"search_term_string"}}],"inLanguage":"nb-NO"}]}},"_links":{"self":[{"href":"https:\/\/metalproduction.lt\/no\/wp-json\/wp\/v2\/pages\/1001","targetHints":{"allow":["GET"]}}],"collection":[{"href":"https:\/\/metalproduction.lt\/no\/wp-json\/wp\/v2\/pages"}],"about":[{"href":"https:\/\/metalproduction.lt\/no\/wp-json\/wp\/v2\/types\/page"}],"author":[{"embeddable":true,"href":"https:\/\/metalproduction.lt\/no\/wp-json\/wp\/v2\/users\/3"}],"replies":[{"embeddable":true,"href":"https:\/\/metalproduction.lt\/no\/wp-json\/wp\/v2\/comments?post=1001"}],"version-history":[{"count":5,"href":"https:\/\/metalproduction.lt\/no\/wp-json\/wp\/v2\/pages\/1001\/revisions"}],"predecessor-version":[{"id":4019,"href":"https:\/\/metalproduction.lt\/no\/wp-json\/wp\/v2\/pages\/1001\/revisions\/4019"}],"wp:attachment":[{"href":"https:\/\/metalproduction.lt\/no\/wp-json\/wp\/v2\/media?parent=1001"}],"curies":[{"name":"wp","href":"https:\/\/api.w.org\/{rel}","templated":true}]}}