{"id":524,"date":"2020-05-13T17:53:03","date_gmt":"2020-05-13T14:53:03","guid":{"rendered":"https:\/\/metalproduction.lt\/?page_id=524"},"modified":"2022-04-21T10:33:45","modified_gmt":"2022-04-21T07:33:45","slug":"atlikti-darbai","status":"publish","type":"page","link":"https:\/\/metalproduction.lt\/lt\/atlikti-darbai\/","title":{"rendered":"Atlikti darbai"},"content":{"rendered":"<p>[et_pb_section fb_built=&#8221;1&#8243; admin_label=&#8221;Header&#8221; _builder_version=&#8221;4.16&#8243; use_background_color_gradient=&#8221;on&#8221; background_color_gradient_stops=&#8221;rgba(1,95,162,0.3) 0%|#015fa2 100%&#8221; background_color_gradient_overlays_image=&#8221;on&#8221; background_color_gradient_start=&#8221;rgba(1,95,162,0.3)&#8221; background_color_gradient_end=&#8221;#015fa2&#8243; background_image=&#8221;https:\/\/metalproduction.lt\/wp-content\/uploads\/atlikti-darbai-1.jpg&#8221; global_colors_info=&#8221;{}&#8221;][et_pb_row _builder_version=&#8221;4.16&#8243; global_colors_info=&#8221;{}&#8221;][et_pb_column type=&#8221;4_4&#8243; _builder_version=&#8221;4.16&#8243; global_colors_info=&#8221;{}&#8221;][et_pb_text _builder_version=&#8221;4.16&#8243; text_line_height=&#8221;1.8em&#8221; header_font=&#8221;Kanit|700|||||||&#8221; header_font_size=&#8221;60px&#8221; header_line_height=&#8221;1.2em&#8221; background_layout=&#8221;dark&#8221; max_width=&#8221;550px&#8221; header_font_size_tablet=&#8221;&#8221; header_font_size_phone=&#8221;42px&#8221; header_font_size_last_edited=&#8221;on|phone&#8221; locked=&#8221;off&#8221; global_colors_info=&#8221;{}&#8221;]<\/p>\n<h1>Atlikti darbai<\/h1>\n<p>[\/et_pb_text][\/et_pb_column][\/et_pb_row][\/et_pb_section][et_pb_section fb_built=&#8221;1&#8243; admin_label=&#8221;About&#8221; _builder_version=&#8221;4.16&#8243; background_enable_color=&#8221;off&#8221; use_background_color_gradient=&#8221;on&#8221; background_color_gradient_direction=&#8221;-135deg&#8221; background_color_gradient_stops=&#8221;#015fa2 10%|#ffffff 10%&#8221; background_color_gradient_overlays_image=&#8221;on&#8221; background_color_gradient_start=&#8221;#015fa2&#8243; background_color_gradient_start_position=&#8221;10%&#8221; background_color_gradient_end=&#8221;#ffffff&#8221; background_color_gradient_end_position=&#8221;0%&#8221; background_enable_image=&#8221;off&#8221; background_last_edited=&#8221;on|tablet&#8221; use_background_color_gradient_tablet=&#8221;off&#8221; global_colors_info=&#8221;{}&#8221;][et_pb_row _builder_version=&#8221;4.16&#8243; global_colors_info=&#8221;{}&#8221;][et_pb_column type=&#8221;4_4&#8243; _builder_version=&#8221;4.16&#8243; global_colors_info=&#8221;{}&#8221;][et_pb_filterable_portfolio fullwidth=&#8221;off&#8221; posts_number=&#8221;24&#8243; include_categories=&#8221;8,9,22,21,23,20&#8243; show_categories=&#8221;off&#8221; _builder_version=&#8221;4.16&#8243; global_colors_info=&#8221;{}&#8221;][\/et_pb_filterable_portfolio][\/et_pb_column][\/et_pb_row][\/et_pb_section][et_pb_section fb_built=&#8221;1&#8243; custom_padding_last_edited=&#8221;on|phone&#8221; admin_label=&#8221;Footer&#8221; _builder_version=&#8221;4.16&#8243; use_background_color_gradient=&#8221;on&#8221; background_color_gradient_stops=&#8221;#4b4b4b 0%|#015fa2 100%&#8221; background_color_gradient_start=&#8221;#4b4b4b&#8221; background_color_gradient_end=&#8221;#015fa2&#8243; custom_margin=&#8221;100px||||false|false&#8221; custom_margin_tablet=&#8221;&#8221; custom_margin_phone=&#8221;0px||||false|false&#8221; custom_margin_last_edited=&#8221;on|desktop&#8221; custom_padding=&#8221;1px||0px||false|false&#8221; custom_padding_tablet=&#8221;&#8221; custom_padding_phone=&#8221;48px||48px||true|false&#8221; hover_enabled=&#8221;0&#8243; background_color_gradient_stops_tablet=&#8221;#4b4b4b 0%|#015fa2 100%&#8221; background_color_gradient_stops_phone=&#8221;#4b4b4b 0%|#015fa2 100%&#8221; global_module=&#8221;396&#8243; saved_tabs=&#8221;all&#8221; locked=&#8221;off&#8221; global_colors_info=&#8221;{}&#8221; sticky_enabled=&#8221;0&#8243;][et_pb_row column_structure=&#8221;1_4,1_4,1_2&#8243; custom_padding_last_edited=&#8221;on|phone&#8221; _builder_version=&#8221;4.16&#8243; use_background_color_gradient=&#8221;on&#8221; background_color_gradient_direction=&#8221;135deg&#8221; background_color_gradient_stops=&#8221;rgba(23,0,190,0) 36%|#015fa2 36%&#8221; background_color_gradient_start=&#8221;rgba(23,0,190,0)&#8221; background_color_gradient_start_position=&#8221;36%&#8221; background_color_gradient_end=&#8221;#015fa2&#8243; background_color_gradient_end_position=&#8221;0%&#8221; background_enable_image=&#8221;off&#8221; custom_margin=&#8221;-80px||||false|false&#8221; custom_margin_tablet=&#8221;&#8221; custom_margin_phone=&#8221;0px||||false|false&#8221; custom_margin_last_edited=&#8221;on|phone&#8221; custom_padding=&#8221;160px||50px||false|false&#8221; custom_padding_tablet=&#8221;||||false|false&#8221; custom_padding_phone=&#8221;0px||||false|false&#8221; background_last_edited=&#8221;on|phone&#8221; use_background_color_gradient_phone=&#8221;off&#8221; box_shadow_style=&#8221;preset4&#8243; box_shadow_horizontal=&#8221;30vw&#8221; box_shadow_vertical=&#8221;0px&#8221; box_shadow_color=&#8221;#015fa2&#8243; box_shadow_horizontal_tablet=&#8221;&#8221; box_shadow_horizontal_phone=&#8221;0vw&#8221; box_shadow_horizontal_last_edited=&#8221;on|phone&#8221; global_colors_info=&#8221;{}&#8221;][et_pb_column type=&#8221;1_4&#8243; _builder_version=&#8221;4.16&#8243; global_colors_info=&#8221;{}&#8221;][et_pb_text _builder_version=&#8221;4.16&#8243; header_3_font=&#8221;Kanit|700|||||||&#8221; header_3_font_size=&#8221;24px&#8221; header_3_line_height=&#8221;1.4em&#8221; background_layout=&#8221;dark&#8221; global_colors_info=&#8221;{}&#8221;]<\/p>\n<h4>Metal Production, UAB<\/h4>\n<p>[\/et_pb_text][et_pb_blurb use_icon=&#8221;on&#8221; font_icon=&#8221;&#xe052;||divi||400&#8243; icon_color=&#8221;#ffffff&#8221; icon_placement=&#8221;left&#8221; image_icon_width=&#8221;16px&#8221; content_max_width=&#8221;100%&#8221; _builder_version=&#8221;4.16&#8243; body_line_height=&#8221;1.2em&#8221; background_layout=&#8221;dark&#8221; animation=&#8221;off&#8221; icon_font_size=&#8221;16px&#8221; global_colors_info=&#8221;{}&#8221;]<\/p>\n<p>\u012emon\u0117s kodas: 302801462<\/p>\n<p>[\/et_pb_blurb][et_pb_blurb use_icon=&#8221;on&#8221; font_icon=&#8221;&#xe052;||divi||400&#8243; icon_color=&#8221;#ffffff&#8221; icon_placement=&#8221;left&#8221; image_icon_width=&#8221;16px&#8221; content_max_width=&#8221;100%&#8221; _builder_version=&#8221;4.16&#8243; body_line_height=&#8221;1.2em&#8221; background_layout=&#8221;dark&#8221; animation=&#8221;off&#8221; link_option_url=&#8221;#&#8221; icon_font_size=&#8221;16px&#8221; global_colors_info=&#8221;{}&#8221;]<\/p>\n<p>PVM kodas: LT100008663911<\/p>\n<p>[\/et_pb_blurb][\/et_pb_column][et_pb_column type=&#8221;1_4&#8243; _builder_version=&#8221;4.16&#8243; global_colors_info=&#8221;{}&#8221;][et_pb_text _builder_version=&#8221;4.16&#8243; header_3_font=&#8221;Kanit|700|||||||&#8221; header_3_font_size=&#8221;24px&#8221; header_3_line_height=&#8221;1.4em&#8221; background_layout=&#8221;dark&#8221; locked=&#8221;off&#8221; global_colors_info=&#8221;{}&#8221;]<\/p>\n<h4>Kontaktin\u0117 informacija<\/h4>\n<p>[\/et_pb_text][et_pb_blurb use_icon=&#8221;on&#8221; font_icon=&#8221;&#xe081;||divi||400&#8243; icon_color=&#8221;#ffffff&#8221; icon_placement=&#8221;left&#8221; image_icon_width=&#8221;16px&#8221; content_max_width=&#8221;100%&#8221; _builder_version=&#8221;4.16&#8243; body_line_height=&#8221;1.2em&#8221; background_layout=&#8221;dark&#8221; animation=&#8221;off&#8221; icon_font_size=&#8221;16px&#8221; global_colors_info=&#8221;{}&#8221;]<\/p>\n<p style=\"text-align: justify;\"><span>I\u0161rad\u0117j\u0173 g. 11A<\/span><br \/><span>\u0160iauliai\u00a0<\/span><span>78149<\/span><\/p>\n<p>[\/et_pb_blurb][et_pb_blurb use_icon=&#8221;on&#8221; font_icon=&#8221;&#xe090;||divi||400&#8243; icon_color=&#8221;#ffffff&#8221; icon_placement=&#8221;left&#8221; image_icon_width=&#8221;16px&#8221; content_max_width=&#8221;100%&#8221; _builder_version=&#8221;4.16&#8243; body_line_height=&#8221;1.2em&#8221; background_layout=&#8221;dark&#8221; animation=&#8221;off&#8221; link_option_url=&#8221;#&#8221; icon_font_size=&#8221;16px&#8221; global_colors_info=&#8221;{}&#8221;]<\/p>\n<p>+370 676 34424<\/p>\n<p>[\/et_pb_blurb][et_pb_blurb use_icon=&#8221;on&#8221; font_icon=&#8221;&#xe076;||divi||400&#8243; icon_color=&#8221;#ffffff&#8221; icon_placement=&#8221;left&#8221; image_icon_width=&#8221;16px&#8221; content_max_width=&#8221;100%&#8221; _builder_version=&#8221;4.16&#8243; body_line_height=&#8221;1.2em&#8221; background_layout=&#8221;dark&#8221; animation=&#8221;off&#8221; link_option_url=&#8221;#&#8221; icon_font_size=&#8221;16px&#8221; global_colors_info=&#8221;{}&#8221;]<\/p>\n<p>info@metalproduction.lt<\/p>\n<p>[\/et_pb_blurb][\/et_pb_column][et_pb_column type=&#8221;1_2&#8243; _builder_version=&#8221;4.16&#8243; global_colors_info=&#8221;{}&#8221;][et_pb_map address=&#8221;I\u0161rad\u0117j\u0173 g. 11a, \u0160iauliai 78149, Lietuva&#8221; zoom_level=&#8221;3&#8243; address_lat=&#8221;55.910552&#8243; address_lng=&#8221;23.3051833&#8243; mouse_wheel=&#8221;off&#8221; _builder_version=&#8221;4.16&#8243; global_colors_info=&#8221;{}&#8221;][et_pb_map_pin title=&#8221;Pramon\u0117s g. 12a, \u0160iauliai 78150, Lietuva&#8221; pin_address=&#8221;I\u0161rad\u0117j\u0173 g. 11a, \u0160iauliai 78149, Lietuva&#8221; zoom_level=&#8221;3&#8243; pin_address_lat=&#8221;55.910552&#8243; pin_address_lng=&#8221;23.3051833&#8243; _builder_version=&#8221;4.15.1&#8243; global_colors_info=&#8221;{}&#8221;][\/et_pb_map_pin][\/et_pb_map][\/et_pb_column][\/et_pb_row][\/et_pb_section]<\/p>\n","protected":false},"excerpt":{"rendered":"<p>Atlikti darbaiMetal Production, UAB\u012emon\u0117s kodas: 302801462PVM kodas: LT100008663911Kontaktin\u0117 informacijaI\u0161rad\u0117j\u0173 g. 11A\u0160iauliai\u00a078149+370 676 34424info@metalproduction.lt<\/p>\n","protected":false},"author":3,"featured_media":0,"parent":0,"menu_order":0,"comment_status":"closed","ping_status":"closed","template":"","meta":{"_et_pb_use_builder":"on","_et_pb_old_content":"","_et_gb_content_width":"","footnotes":""},"class_list":["post-524","page","type-page","status-publish","hentry"],"yoast_head":"<!-- This site is optimized with the Yoast SEO plugin v27.4 - https:\/\/yoast.com\/product\/yoast-seo-wordpress\/ -->\n<title>Atlikti darbai - metalproduction.lt<\/title>\n<meta name=\"robots\" content=\"index, follow, max-snippet:-1, max-image-preview:large, max-video-preview:-1\" \/>\n<link rel=\"canonical\" href=\"https:\/\/metalproduction.lt\/lt\/atlikti-darbai\/\" \/>\n<meta property=\"og:locale\" content=\"lt_LT\" \/>\n<meta property=\"og:type\" content=\"article\" \/>\n<meta property=\"og:title\" content=\"Atlikti darbai - metalproduction.lt\" \/>\n<meta property=\"og:description\" content=\"Atlikti darbaiMetal Production, UAB\u012emon\u0117s kodas: 302801462PVM kodas: LT100008663911Kontaktin\u0117 informacijaI\u0161rad\u0117j\u0173 g. 11A\u0160iauliai\u00a078149+370 676 34424info@metalproduction.lt\" \/>\n<meta property=\"og:url\" content=\"https:\/\/metalproduction.lt\/lt\/atlikti-darbai\/\" \/>\n<meta property=\"og:site_name\" content=\"metalproduction.lt\" \/>\n<meta property=\"article:modified_time\" content=\"2022-04-21T07:33:45+00:00\" \/>\n<meta name=\"twitter:card\" content=\"summary_large_image\" \/>\n<meta name=\"twitter:label1\" content=\"Est. reading time\" \/>\n\t<meta name=\"twitter:data1\" content=\"5 minut\u0117s\" \/>\n<script type=\"application\/ld+json\" class=\"yoast-schema-graph\">{\"@context\":\"https:\\\/\\\/schema.org\",\"@graph\":[{\"@type\":\"WebPage\",\"@id\":\"https:\\\/\\\/metalproduction.lt\\\/lt\\\/atlikti-darbai\\\/\",\"url\":\"https:\\\/\\\/metalproduction.lt\\\/lt\\\/atlikti-darbai\\\/\",\"name\":\"Atlikti darbai - metalproduction.lt\",\"isPartOf\":{\"@id\":\"https:\\\/\\\/metalproduction.lt\\\/lt\\\/#website\"},\"datePublished\":\"2020-05-13T14:53:03+00:00\",\"dateModified\":\"2022-04-21T07:33:45+00:00\",\"breadcrumb\":{\"@id\":\"https:\\\/\\\/metalproduction.lt\\\/lt\\\/atlikti-darbai\\\/#breadcrumb\"},\"inLanguage\":\"lt-LT\",\"potentialAction\":[{\"@type\":\"ReadAction\",\"target\":[\"https:\\\/\\\/metalproduction.lt\\\/lt\\\/atlikti-darbai\\\/\"]}]},{\"@type\":\"BreadcrumbList\",\"@id\":\"https:\\\/\\\/metalproduction.lt\\\/lt\\\/atlikti-darbai\\\/#breadcrumb\",\"itemListElement\":[{\"@type\":\"ListItem\",\"position\":1,\"name\":\"Home\",\"item\":\"https:\\\/\\\/metalproduction.lt\\\/lt\\\/\"},{\"@type\":\"ListItem\",\"position\":2,\"name\":\"Atlikti darbai\"}]},{\"@type\":\"WebSite\",\"@id\":\"https:\\\/\\\/metalproduction.lt\\\/lt\\\/#website\",\"url\":\"https:\\\/\\\/metalproduction.lt\\\/lt\\\/\",\"name\":\"metalproduction.lt\",\"description\":\"\",\"potentialAction\":[{\"@type\":\"SearchAction\",\"target\":{\"@type\":\"EntryPoint\",\"urlTemplate\":\"https:\\\/\\\/metalproduction.lt\\\/lt\\\/?s={search_term_string}\"},\"query-input\":{\"@type\":\"PropertyValueSpecification\",\"valueRequired\":true,\"valueName\":\"search_term_string\"}}],\"inLanguage\":\"lt-LT\"}]}<\/script>\n<!-- \/ Yoast SEO plugin. -->","yoast_head_json":{"title":"Atlikti darbai - metalproduction.lt","robots":{"index":"index","follow":"follow","max-snippet":"max-snippet:-1","max-image-preview":"max-image-preview:large","max-video-preview":"max-video-preview:-1"},"canonical":"https:\/\/metalproduction.lt\/lt\/atlikti-darbai\/","og_locale":"lt_LT","og_type":"article","og_title":"Atlikti darbai - metalproduction.lt","og_description":"Atlikti darbaiMetal Production, UAB\u012emon\u0117s kodas: 302801462PVM kodas: LT100008663911Kontaktin\u0117 informacijaI\u0161rad\u0117j\u0173 g. 11A\u0160iauliai\u00a078149+370 676 34424info@metalproduction.lt","og_url":"https:\/\/metalproduction.lt\/lt\/atlikti-darbai\/","og_site_name":"metalproduction.lt","article_modified_time":"2022-04-21T07:33:45+00:00","twitter_card":"summary_large_image","twitter_misc":{"Est. reading time":"5 minut\u0117s"},"schema":{"@context":"https:\/\/schema.org","@graph":[{"@type":"WebPage","@id":"https:\/\/metalproduction.lt\/lt\/atlikti-darbai\/","url":"https:\/\/metalproduction.lt\/lt\/atlikti-darbai\/","name":"Atlikti darbai - metalproduction.lt","isPartOf":{"@id":"https:\/\/metalproduction.lt\/lt\/#website"},"datePublished":"2020-05-13T14:53:03+00:00","dateModified":"2022-04-21T07:33:45+00:00","breadcrumb":{"@id":"https:\/\/metalproduction.lt\/lt\/atlikti-darbai\/#breadcrumb"},"inLanguage":"lt-LT","potentialAction":[{"@type":"ReadAction","target":["https:\/\/metalproduction.lt\/lt\/atlikti-darbai\/"]}]},{"@type":"BreadcrumbList","@id":"https:\/\/metalproduction.lt\/lt\/atlikti-darbai\/#breadcrumb","itemListElement":[{"@type":"ListItem","position":1,"name":"Home","item":"https:\/\/metalproduction.lt\/lt\/"},{"@type":"ListItem","position":2,"name":"Atlikti darbai"}]},{"@type":"WebSite","@id":"https:\/\/metalproduction.lt\/lt\/#website","url":"https:\/\/metalproduction.lt\/lt\/","name":"metalproduction.lt","description":"","potentialAction":[{"@type":"SearchAction","target":{"@type":"EntryPoint","urlTemplate":"https:\/\/metalproduction.lt\/lt\/?s={search_term_string}"},"query-input":{"@type":"PropertyValueSpecification","valueRequired":true,"valueName":"search_term_string"}}],"inLanguage":"lt-LT"}]}},"_links":{"self":[{"href":"https:\/\/metalproduction.lt\/lt\/wp-json\/wp\/v2\/pages\/524","targetHints":{"allow":["GET"]}}],"collection":[{"href":"https:\/\/metalproduction.lt\/lt\/wp-json\/wp\/v2\/pages"}],"about":[{"href":"https:\/\/metalproduction.lt\/lt\/wp-json\/wp\/v2\/types\/page"}],"author":[{"embeddable":true,"href":"https:\/\/metalproduction.lt\/lt\/wp-json\/wp\/v2\/users\/3"}],"replies":[{"embeddable":true,"href":"https:\/\/metalproduction.lt\/lt\/wp-json\/wp\/v2\/comments?post=524"}],"version-history":[{"count":10,"href":"https:\/\/metalproduction.lt\/lt\/wp-json\/wp\/v2\/pages\/524\/revisions"}],"predecessor-version":[{"id":3333,"href":"https:\/\/metalproduction.lt\/lt\/wp-json\/wp\/v2\/pages\/524\/revisions\/3333"}],"wp:attachment":[{"href":"https:\/\/metalproduction.lt\/lt\/wp-json\/wp\/v2\/media?parent=524"}],"curies":[{"name":"wp","href":"https:\/\/api.w.org\/{rel}","templated":true}]}}