{"id":512,"date":"2020-05-13T17:44:08","date_gmt":"2020-05-13T14:44:08","guid":{"rendered":"https:\/\/metalproduction.lt\/?page_id=512"},"modified":"2023-02-07T15:24:17","modified_gmt":"2023-02-07T13:24:17","slug":"karjera","status":"publish","type":"page","link":"https:\/\/metalproduction.lt\/lt\/karjera\/","title":{"rendered":"Karjera"},"content":{"rendered":"<p>[et_pb_section fb_built=&#8221;1&#8243; admin_label=&#8221;Header&#8221; _builder_version=&#8221;4.16&#8243; use_background_color_gradient=&#8221;on&#8221; background_color_gradient_stops=&#8221;rgba(1,95,162,0.3) 0%|#015fa2 100%&#8221; background_color_gradient_overlays_image=&#8221;on&#8221; background_color_gradient_start=&#8221;rgba(1,95,162,0.3)&#8221; background_color_gradient_end=&#8221;#015fa2&#8243; background_image=&#8221;https:\/\/metalproduction.lt\/wp-content\/uploads\/atlikti-darbai.jpg&#8221; global_colors_info=&#8221;{}&#8221;][et_pb_row _builder_version=&#8221;4.16&#8243; global_colors_info=&#8221;{}&#8221;][et_pb_column type=&#8221;4_4&#8243; _builder_version=&#8221;4.16&#8243; global_colors_info=&#8221;{}&#8221;][et_pb_text _builder_version=&#8221;4.16&#8243; text_line_height=&#8221;1.8em&#8221; header_font=&#8221;Kanit|700|||||||&#8221; header_font_size=&#8221;60px&#8221; header_line_height=&#8221;1.2em&#8221; background_layout=&#8221;dark&#8221; max_width=&#8221;550px&#8221; header_font_size_tablet=&#8221;&#8221; header_font_size_phone=&#8221;42px&#8221; header_font_size_last_edited=&#8221;on|phone&#8221; locked=&#8221;off&#8221; global_colors_info=&#8221;{}&#8221;]<\/p>\n<h1>Karjera<\/h1>\n<p>[\/et_pb_text][\/et_pb_column][\/et_pb_row][\/et_pb_section][et_pb_section fb_built=&#8221;1&#8243; admin_label=&#8221;About&#8221; _builder_version=&#8221;4.16&#8243; background_enable_color=&#8221;off&#8221; use_background_color_gradient=&#8221;on&#8221; background_color_gradient_direction=&#8221;-135deg&#8221; background_color_gradient_stops=&#8221;#015fa2 16%|#ffffff 16%&#8221; background_color_gradient_overlays_image=&#8221;on&#8221; background_color_gradient_start=&#8221;#015fa2&#8243; background_color_gradient_start_position=&#8221;16%&#8221; background_color_gradient_end=&#8221;#ffffff&#8221; background_color_gradient_end_position=&#8221;0%&#8221; background_enable_image=&#8221;off&#8221; background_last_edited=&#8221;on|tablet&#8221; use_background_color_gradient_tablet=&#8221;off&#8221; global_colors_info=&#8221;{}&#8221;][et_pb_row _builder_version=&#8221;4.16&#8243; locked=&#8221;off&#8221; global_colors_info=&#8221;{}&#8221;][et_pb_column type=&#8221;4_4&#8243; _builder_version=&#8221;4.16&#8243; custom_padding_tablet=&#8221;|||10vw|false|false&#8221; custom_padding_last_edited=&#8221;off|desktop&#8221; global_colors_info=&#8221;{}&#8221;][et_pb_text _builder_version=&#8221;4.17.3&#8243; text_line_height=&#8221;1.8em&#8221; max_width=&#8221;700px&#8221; custom_padding=&#8221;||||false|false&#8221; locked=&#8221;off&#8221; global_colors_info=&#8221;{}&#8221;]<\/p>\n<p>Siekdami i\u0161spr\u0119sti ateities i\u0161\u0161\u016bkius ir darbo kr\u016bv\u012f, mes visada pasiruo\u0161\u0119 apsvarstyti nauj\u0105 kandidat\u0105 dirbti m\u016bs\u0173 \u012fmon\u0117je. Tai rei\u0161kia, kad kiekvienas, turintis tik\u0117jim\u0105 savimi, ir mumis &#8211; su tinkama patirtimi, ar talentu &#8211; gali tapti m\u016bs\u0173 nauju kolega.<\/p>\n<p>\u0160iandien UAB \u201eMetal production\u201c \u012fdarbint\u0173 profesionalius specialistus, kurie nori sukurti labai motyvuot\u0105 ir kvalifikuot\u0105 komand\u0105 Lietuvoje.<\/p>\n<p>Mes galime garantuoti akademi\u0161kai \u012fdomias ir i\u0161\u0161\u016bki\u0173 reikalaujan\u010dias u\u017eduotis.<\/p>\n<p>[\/et_pb_text][\/et_pb_column][\/et_pb_row][et_pb_row _builder_version=&#8221;4.19.4&#8243; _module_preset=&#8221;default&#8221; hover_enabled=&#8221;0&#8243; global_colors_info=&#8221;{}&#8221; disabled_on=&#8221;on|on|on&#8221; disabled=&#8221;on&#8221; sticky_enabled=&#8221;0&#8243;][et_pb_column type=&#8221;4_4&#8243; _builder_version=&#8221;4.19.0&#8243; _module_preset=&#8221;default&#8221; global_colors_info=&#8221;{}&#8221;][et_pb_tabs active_tab_text_color=&#8221;#015FA2&#8243; _builder_version=&#8221;4.19.0&#8243; _module_preset=&#8221;default&#8221; global_colors_info=&#8221;{}&#8221;][et_pb_tab title=&#8221;PRODUKTO VYSTYMO VADOVAS (-\u0116)&#8221; _builder_version=&#8221;4.19.0&#8243; _module_preset=&#8221;default&#8221; global_colors_info=&#8221;{}&#8221;]<\/p>\n<p><strong>Darbo pob\u016bdis<\/strong><\/p>\n<ul>\n<li>Bendravimas su klientais ir j\u0173 poreiki\u0173 i\u0161siai\u0161kinimas;<\/li>\n<li>Projekto plano sudarymas (strukt\u016brizavimas, i\u0161laid\u0173 s\u0105mata, terminai) ataskait\u0173 ruo\u0161imas;<\/li>\n<li>Projekto \u012fgyvendinimo ir kokyb\u0117s u\u017etikrinimas (gair\u0117s, dizainas, dokumentai);<\/li>\n<li>Nauj\u0173 produkt\u0173 k\u016brimas ir vystymas;<\/li>\n<li>Gamino technologinio proceso u\u017etikrinimas;<\/li>\n<li>Nauj\u0173 technologij\u0173 taikymas produkcijos k\u016brime, bei produkt\u0173 tobulinime;<\/li>\n<li>Inovacij\u0173 paie\u0161ka, j\u0173 testavimas ir taikymas;<\/li>\n<li>Dalyvavimas tarptautin\u0117se parodose ir naujausi\u0173 tendencij\u0173 paie\u0161ka;<\/li>\n<li>Konkurent\u0173 produkcijos technologini\u0173 galimybi\u0173 monitoringas ir geriausi\u0173 praktik\u0173 taikymas;<\/li>\n<li>Bendradarbiavim\u0105 su kitais skyriais, kuriant naujus produktus ir \u012fvedant juos \u012f rink\u0105.<\/li>\n<\/ul>\n<p><strong><\/strong><\/p>\n<p><strong>Reikalavimai darbuotojui<\/strong><\/p>\n<ul>\n<li>I\u0161silavinimas mechanikos in\u017einerijos kryptyje;<\/li>\n<li>Puik\u016bs deryb\u0173, bendradarbiavimo bei laiko planavimo g\u016bd\u017eiai;<\/li>\n<li>Geb\u0117jimas argumentuotai pristatyti bei apginti savo id\u0117jas;<\/li>\n<li>Geb\u0117jimas prisiimti atsakomyb\u0119 u\u017e priimtus sprendimus ir orientacija \u012f rezultatus;<\/li>\n<li>Puikus kompiuterinis ra\u0161tingumas;<\/li>\n<li>B kategorijos vairuotojo pa\u017eym\u0117jimas;<\/li>\n<li>Puikios angl\u0173 kalbos \u017einios, norveg\u0173 kalbos mok\u0117jimas b\u016bt\u0173 privalumas;<\/li>\n<li>Patirtis nauj\u0173 produkt\u0173 k\u016brime ir \u012fvedime \u012f rink\u0105 bei gamybini\u0173 proces\u0173 suvokimas (maisto pramon\u0117s srityje).<\/li>\n<\/ul>\n<p><strong><\/strong><\/p>\n<p><strong>\u012emon\u0117 si\u016blo<\/strong><\/p>\n<ul>\n<li>Dinami\u0161k\u0105 darb\u0105 pa\u017eangioje tarptautin\u0117je \u012fmon\u0117je;<\/li>\n<li>Akademi\u0161kai \u012fdomias ir i\u0161\u0161\u016bki\u0173 reikalaujan\u010dias u\u017eduotis;<\/li>\n<li>Galimyb\u0119 prisid\u0117ti prie inovatyvi\u0173 ir i\u0161skirtini\u0173 projekt\u0173 rengimo;<\/li>\n<li>Galimyb\u0119 ugdyti savo asmenines ir profesines kompetencijas;<\/li>\n<li>Komandiruotes;<\/li>\n<li>Visas s\u0117kmingam darbui reikalingas priemones;<\/li>\n<li>Lankst\u0173 darbo laik\u0105;<\/li>\n<li>Galimyb\u0119 dirbti hibridiniu darbo metodu;<\/li>\n<li>Papildom\u0105 laisvadien\u012f gimimo dienos proga.<\/li>\n<\/ul>\n<p><strong><\/strong><\/p>\n<p><strong>Atlyginimas<\/strong><\/p>\n<p>3300-4800 \u20ac\/m\u0117n. neatskai\u010dius mokes\u010di\u0173. + PRIEDAI.<br \/>Detalus darbo u\u017emokestis aptariamas pokalbio metu.<\/p>\n<p>[\/et_pb_tab][et_pb_tab title=&#8221;IN\u017dINIERIUS (-\u0116) &#8211; KONSTRUKTORIUS (-\u0116)&#8221; _builder_version=&#8221;4.19.0&#8243; _module_preset=&#8221;default&#8221; global_colors_info=&#8221;{}&#8221;]<\/p>\n<p><strong>Darbo pob\u016bdis<\/strong><\/p>\n<ul>\n<li>Gamini\u0173 modeliavimas bei konstravimas Solidworks programa;<\/li>\n<li>Mechanini\u0173 in\u017einerini\u0173 sistem\u0173 ir technologini\u0173 proces\u0173 skai\u010diavimas ir analiz\u0117s;<\/li>\n<li>Br\u0117\u017eini\u0173, schem\u0173 ir dokumentacijos parengimas;<\/li>\n<li>Stipruminiai ir termodinaminiai skai\u010diavimai.<\/li>\n<\/ul>\n<p><strong><\/strong><\/p>\n<p><strong>Reikalavimai darbuotojui<\/strong><\/p>\n<ul>\n<li>Mechanikos\/in\u017einerin\u0117s moksl\u0173 krypties i\u0161silavinimas;<\/li>\n<li>\u012erangos projektavimo ir metalo apdirbimo technologini\u0173 proces\u0173 i\u0161manymas;<\/li>\n<li>Puikus kompiuterinis ra\u0161tingumas (MS Office, Solidworks; Draftsight);<\/li>\n<li>Patirtis nauj\u0173 produkt\u0173 k\u016brime ir gamybini\u0173 proces\u0173 suvokimas (maisto pramon\u0117s srityje privalumas);<\/li>\n<li>B kategorijos vairuotojo pa\u017eym\u0117jimas;<\/li>\n<li>Geros angl\u0173 kalbos \u017einios, norveg\u0173 kalbos mok\u0117jimas b\u016bt\u0173 privalumas.<\/li>\n<\/ul>\n<p><strong><\/strong><\/p>\n<p><strong>\u012emon\u0117 si\u016blo<\/strong><\/p>\n<ul>\n<li>Dinami\u0161k\u0105 darb\u0105 pa\u017eangioje tarptautin\u0117je \u012fmon\u0117je;<\/li>\n<li>Akademi\u0161kai \u012fdomias ir i\u0161\u0161\u016bki\u0173 reikalaujan\u010dias u\u017eduotis;<\/li>\n<li>Galimyb\u0119 prisid\u0117ti prie inovatyvi\u0173 ir i\u0161skirtini\u0173 projekt\u0173 rengimo;<\/li>\n<li>Galimyb\u0119 ugdyti savo asmenines ir profesines kompetencijas;<\/li>\n<li>Komandiruotes;<\/li>\n<li>Visas s\u0117kmingam darbui reikalingas priemones;<\/li>\n<li>Lankst\u0173 darbo laik\u0105;<\/li>\n<li>Galimyb\u0119 dirbti hibridiniu darbo metodu;<\/li>\n<li>Papildom\u0105 laisvadien\u012f gimimo dienos proga.<\/li>\n<\/ul>\n<p><strong><\/strong><\/p>\n<p><strong>Atlyginimas<\/strong><\/p>\n<p>3300-4800 \u20ac\/m\u0117n. neatskai\u010dius mokes\u010di\u0173. + PRIEDAI.<br \/>Detalus darbo u\u017emokestis aptariamas pokalbio metu.<\/p>\n<p>[\/et_pb_tab][\/et_pb_tabs][\/et_pb_column][\/et_pb_row][\/et_pb_section][et_pb_section fb_built=&#8221;1&#8243; custom_padding_last_edited=&#8221;off|tablet&#8221; next_background_color=&#8221;#ffffff&#8221; admin_label=&#8221;Video&#8221; _builder_version=&#8221;4.16&#8243; use_background_color_gradient=&#8221;on&#8221; background_color_gradient_stops=&#8221;#4b4b4b 0%|#015fa2 100%&#8221; background_color_gradient_start=&#8221;#4b4b4b&#8221; background_color_gradient_end=&#8221;#015fa2&#8243; background_enable_image=&#8221;off&#8221; background_size=&#8221;initial&#8221; background_position=&#8221;top_left&#8221; custom_margin=&#8221;||||false|false&#8221; custom_padding=&#8221;0vw||14vw||false|false&#8221; custom_padding_tablet=&#8221;||||false|false&#8221; bottom_divider_style=&#8221;slant&#8221; bottom_divider_height=&#8221;80vw&#8221; bottom_divider_flip=&#8221;horizontal&#8221; bottom_divider_height_tablet=&#8221;0px&#8221; bottom_divider_height_last_edited=&#8221;off|tablet&#8221; background_last_edited=&#8221;on|desktop&#8221; background_enable_image_tablet=&#8221;off&#8221; box_shadow_horizontal_tablet=&#8221;0vw&#8221; box_shadow_horizontal_phone=&#8221;&#8221; box_shadow_horizontal_last_edited=&#8221;on|tablet&#8221; global_colors_info=&#8221;{}&#8221;][et_pb_row column_structure=&#8221;3_5,2_5&#8243; _builder_version=&#8221;4.16&#8243; custom_padding=&#8221;0px||0px||true|&#8221; box_shadow_style=&#8221;preset4&#8243; box_shadow_horizontal=&#8221;30vw&#8221; box_shadow_vertical=&#8221;0px&#8221; box_shadow_color=&#8221;#ffffff&#8221; box_shadow_horizontal_tablet=&#8221;0vw&#8221; box_shadow_horizontal_phone=&#8221;&#8221; box_shadow_horizontal_last_edited=&#8221;on|tablet&#8221; global_colors_info=&#8221;{}&#8221;][et_pb_column type=&#8221;3_5&#8243; _builder_version=&#8221;4.16&#8243; global_colors_info=&#8221;{}&#8221;][\/et_pb_column][et_pb_column type=&#8221;2_5&#8243; _builder_version=&#8221;4.16&#8243; background_color=&#8221;#ffffff&#8221; transform_translate=&#8221;1px|0px&#8221; transform_translate_linked=&#8221;off&#8221; custom_padding=&#8221;100px||100px||true|false&#8221; custom_padding_tablet=&#8221;40px||40px||true|false&#8221; custom_padding_phone=&#8221;&#8221; custom_padding_last_edited=&#8221;on|desktop&#8221; background_last_edited=&#8221;on|tablet&#8221; background_enable_color_tablet=&#8221;off&#8221; global_colors_info=&#8221;{}&#8221;][et_pb_video src=&#8221;https:\/\/www.youtube.com\/watch?v=Fy-UyWWYSP4&#038;feature=youtu.be&#8221; thumbnail_overlay_color=&#8221;rgba(0,0,0,0.6)&#8221; _builder_version=&#8221;4.16&#8243; custom_margin=&#8221;|||-360px|false|false&#8221; custom_margin_tablet=&#8221;|||0px|false|false&#8221; custom_margin_phone=&#8221;&#8221; custom_margin_last_edited=&#8221;on|tablet&#8221; locked=&#8221;off&#8221; global_colors_info=&#8221;{}&#8221;][\/et_pb_video][\/et_pb_column][\/et_pb_row][\/et_pb_section]<\/p>\n","protected":false},"excerpt":{"rendered":"<p>KarjeraSiekdami i\u0161spr\u0119sti ateities i\u0161\u0161\u016bkius ir darbo kr\u016bv\u012f, mes visada pasiruo\u0161\u0119 apsvarstyti nauj\u0105 kandidat\u0105 dirbti m\u016bs\u0173 \u012fmon\u0117je. Tai rei\u0161kia, kad kiekvienas, turintis tik\u0117jim\u0105 savimi, ir mumis &#8211; su tinkama patirtimi, ar talentu &#8211; gali tapti m\u016bs\u0173 nauju kolega. \u0160iandien UAB \u201eMetal production\u201c \u012fdarbint\u0173 profesionalius specialistus, kurie nori sukurti labai motyvuot\u0105 ir kvalifikuot\u0105 komand\u0105 Lietuvoje. Mes galime [&hellip;]<\/p>\n","protected":false},"author":3,"featured_media":0,"parent":0,"menu_order":0,"comment_status":"closed","ping_status":"closed","template":"","meta":{"_et_pb_use_builder":"on","_et_pb_old_content":"","_et_gb_content_width":"","footnotes":""},"class_list":["post-512","page","type-page","status-publish","hentry"],"yoast_head":"<!-- This site is optimized with the Yoast SEO plugin v27.5 - https:\/\/yoast.com\/product\/yoast-seo-wordpress\/ -->\n<title>Karjera - metalproduction.lt<\/title>\n<meta name=\"robots\" content=\"index, follow, max-snippet:-1, max-image-preview:large, max-video-preview:-1\" \/>\n<link rel=\"canonical\" href=\"https:\/\/metalproduction.lt\/lt\/karjera\/\" \/>\n<meta property=\"og:locale\" content=\"lt_LT\" \/>\n<meta property=\"og:type\" content=\"article\" \/>\n<meta property=\"og:title\" content=\"Karjera - metalproduction.lt\" \/>\n<meta property=\"og:description\" content=\"KarjeraSiekdami i\u0161spr\u0119sti ateities i\u0161\u0161\u016bkius ir darbo kr\u016bv\u012f, mes visada pasiruo\u0161\u0119 apsvarstyti nauj\u0105 kandidat\u0105 dirbti m\u016bs\u0173 \u012fmon\u0117je. Tai rei\u0161kia, kad kiekvienas, turintis tik\u0117jim\u0105 savimi, ir mumis - su tinkama patirtimi, ar talentu - gali tapti m\u016bs\u0173 nauju kolega. \u0160iandien UAB \u201eMetal production\u201c \u012fdarbint\u0173 profesionalius specialistus, kurie nori sukurti labai motyvuot\u0105 ir kvalifikuot\u0105 komand\u0105 Lietuvoje. Mes galime [&hellip;]\" \/>\n<meta property=\"og:url\" content=\"https:\/\/metalproduction.lt\/lt\/karjera\/\" \/>\n<meta property=\"og:site_name\" content=\"metalproduction.lt\" \/>\n<meta property=\"article:modified_time\" content=\"2023-02-07T13:24:17+00:00\" \/>\n<meta name=\"twitter:card\" content=\"summary_large_image\" \/>\n<meta name=\"twitter:label1\" content=\"Est. reading time\" \/>\n\t<meta name=\"twitter:data1\" content=\"6 minut\u0117s\" \/>\n<script type=\"application\/ld+json\" class=\"yoast-schema-graph\">{\"@context\":\"https:\\\/\\\/schema.org\",\"@graph\":[{\"@type\":\"WebPage\",\"@id\":\"https:\\\/\\\/metalproduction.lt\\\/lt\\\/karjera\\\/\",\"url\":\"https:\\\/\\\/metalproduction.lt\\\/lt\\\/karjera\\\/\",\"name\":\"Karjera - metalproduction.lt\",\"isPartOf\":{\"@id\":\"https:\\\/\\\/metalproduction.lt\\\/lt\\\/#website\"},\"datePublished\":\"2020-05-13T14:44:08+00:00\",\"dateModified\":\"2023-02-07T13:24:17+00:00\",\"breadcrumb\":{\"@id\":\"https:\\\/\\\/metalproduction.lt\\\/lt\\\/karjera\\\/#breadcrumb\"},\"inLanguage\":\"lt-LT\",\"potentialAction\":[{\"@type\":\"ReadAction\",\"target\":[\"https:\\\/\\\/metalproduction.lt\\\/lt\\\/karjera\\\/\"]}]},{\"@type\":\"BreadcrumbList\",\"@id\":\"https:\\\/\\\/metalproduction.lt\\\/lt\\\/karjera\\\/#breadcrumb\",\"itemListElement\":[{\"@type\":\"ListItem\",\"position\":1,\"name\":\"Home\",\"item\":\"https:\\\/\\\/metalproduction.lt\\\/lt\\\/\"},{\"@type\":\"ListItem\",\"position\":2,\"name\":\"Karjera\"}]},{\"@type\":\"WebSite\",\"@id\":\"https:\\\/\\\/metalproduction.lt\\\/lt\\\/#website\",\"url\":\"https:\\\/\\\/metalproduction.lt\\\/lt\\\/\",\"name\":\"metalproduction.lt\",\"description\":\"\",\"potentialAction\":[{\"@type\":\"SearchAction\",\"target\":{\"@type\":\"EntryPoint\",\"urlTemplate\":\"https:\\\/\\\/metalproduction.lt\\\/lt\\\/?s={search_term_string}\"},\"query-input\":{\"@type\":\"PropertyValueSpecification\",\"valueRequired\":true,\"valueName\":\"search_term_string\"}}],\"inLanguage\":\"lt-LT\"}]}<\/script>\n<!-- \/ Yoast SEO plugin. -->","yoast_head_json":{"title":"Karjera - metalproduction.lt","robots":{"index":"index","follow":"follow","max-snippet":"max-snippet:-1","max-image-preview":"max-image-preview:large","max-video-preview":"max-video-preview:-1"},"canonical":"https:\/\/metalproduction.lt\/lt\/karjera\/","og_locale":"lt_LT","og_type":"article","og_title":"Karjera - metalproduction.lt","og_description":"KarjeraSiekdami i\u0161spr\u0119sti ateities i\u0161\u0161\u016bkius ir darbo kr\u016bv\u012f, mes visada pasiruo\u0161\u0119 apsvarstyti nauj\u0105 kandidat\u0105 dirbti m\u016bs\u0173 \u012fmon\u0117je. Tai rei\u0161kia, kad kiekvienas, turintis tik\u0117jim\u0105 savimi, ir mumis - su tinkama patirtimi, ar talentu - gali tapti m\u016bs\u0173 nauju kolega. \u0160iandien UAB \u201eMetal production\u201c \u012fdarbint\u0173 profesionalius specialistus, kurie nori sukurti labai motyvuot\u0105 ir kvalifikuot\u0105 komand\u0105 Lietuvoje. Mes galime [&hellip;]","og_url":"https:\/\/metalproduction.lt\/lt\/karjera\/","og_site_name":"metalproduction.lt","article_modified_time":"2023-02-07T13:24:17+00:00","twitter_card":"summary_large_image","twitter_misc":{"Est. reading time":"6 minut\u0117s"},"schema":{"@context":"https:\/\/schema.org","@graph":[{"@type":"WebPage","@id":"https:\/\/metalproduction.lt\/lt\/karjera\/","url":"https:\/\/metalproduction.lt\/lt\/karjera\/","name":"Karjera - metalproduction.lt","isPartOf":{"@id":"https:\/\/metalproduction.lt\/lt\/#website"},"datePublished":"2020-05-13T14:44:08+00:00","dateModified":"2023-02-07T13:24:17+00:00","breadcrumb":{"@id":"https:\/\/metalproduction.lt\/lt\/karjera\/#breadcrumb"},"inLanguage":"lt-LT","potentialAction":[{"@type":"ReadAction","target":["https:\/\/metalproduction.lt\/lt\/karjera\/"]}]},{"@type":"BreadcrumbList","@id":"https:\/\/metalproduction.lt\/lt\/karjera\/#breadcrumb","itemListElement":[{"@type":"ListItem","position":1,"name":"Home","item":"https:\/\/metalproduction.lt\/lt\/"},{"@type":"ListItem","position":2,"name":"Karjera"}]},{"@type":"WebSite","@id":"https:\/\/metalproduction.lt\/lt\/#website","url":"https:\/\/metalproduction.lt\/lt\/","name":"metalproduction.lt","description":"","potentialAction":[{"@type":"SearchAction","target":{"@type":"EntryPoint","urlTemplate":"https:\/\/metalproduction.lt\/lt\/?s={search_term_string}"},"query-input":{"@type":"PropertyValueSpecification","valueRequired":true,"valueName":"search_term_string"}}],"inLanguage":"lt-LT"}]}},"_links":{"self":[{"href":"https:\/\/metalproduction.lt\/lt\/wp-json\/wp\/v2\/pages\/512","targetHints":{"allow":["GET"]}}],"collection":[{"href":"https:\/\/metalproduction.lt\/lt\/wp-json\/wp\/v2\/pages"}],"about":[{"href":"https:\/\/metalproduction.lt\/lt\/wp-json\/wp\/v2\/types\/page"}],"author":[{"embeddable":true,"href":"https:\/\/metalproduction.lt\/lt\/wp-json\/wp\/v2\/users\/3"}],"replies":[{"embeddable":true,"href":"https:\/\/metalproduction.lt\/lt\/wp-json\/wp\/v2\/comments?post=512"}],"version-history":[{"count":11,"href":"https:\/\/metalproduction.lt\/lt\/wp-json\/wp\/v2\/pages\/512\/revisions"}],"predecessor-version":[{"id":3755,"href":"https:\/\/metalproduction.lt\/lt\/wp-json\/wp\/v2\/pages\/512\/revisions\/3755"}],"wp:attachment":[{"href":"https:\/\/metalproduction.lt\/lt\/wp-json\/wp\/v2\/media?parent=512"}],"curies":[{"name":"wp","href":"https:\/\/api.w.org\/{rel}","templated":true}]}}