{"id":498,"date":"2020-05-13T17:29:48","date_gmt":"2020-05-13T14:29:48","guid":{"rendered":"https:\/\/metalproduction.lt\/?page_id=498"},"modified":"2025-01-03T09:35:13","modified_gmt":"2025-01-03T07:35:13","slug":"es-projektai","status":"publish","type":"page","link":"https:\/\/metalproduction.lt\/lt\/es-projektai\/","title":{"rendered":"ES projektai"},"content":{"rendered":"<p>[et_pb_section fb_built=&#8221;1&#8243; admin_label=&#8221;Header&#8221; _builder_version=&#8221;4.16&#8243; use_background_color_gradient=&#8221;on&#8221; background_color_gradient_stops=&#8221;rgba(1,95,162,0.3) 0%|#015fa2 100%&#8221; background_color_gradient_overlays_image=&#8221;on&#8221; background_color_gradient_start=&#8221;rgba(1,95,162,0.3)&#8221; background_color_gradient_end=&#8221;#015fa2&#8243; background_image=&#8221;https:\/\/metalproduction.lt\/wp-content\/uploads\/es-parama.jpg&#8221; global_colors_info=&#8221;{}&#8221;][et_pb_row _builder_version=&#8221;4.16&#8243; global_colors_info=&#8221;{}&#8221;][et_pb_column type=&#8221;4_4&#8243; _builder_version=&#8221;4.16&#8243; global_colors_info=&#8221;{}&#8221;][et_pb_text _builder_version=&#8221;4.16&#8243; text_line_height=&#8221;1.8em&#8221; header_font=&#8221;Kanit|700|||||||&#8221; header_font_size=&#8221;60px&#8221; header_line_height=&#8221;1.2em&#8221; background_layout=&#8221;dark&#8221; max_width=&#8221;550px&#8221; header_font_size_tablet=&#8221;&#8221; header_font_size_phone=&#8221;42px&#8221; header_font_size_last_edited=&#8221;on|phone&#8221; locked=&#8221;off&#8221; global_colors_info=&#8221;{}&#8221;]<\/p>\n<h1>ES parama<\/h1>\n<p>[\/et_pb_text][\/et_pb_column][\/et_pb_row][\/et_pb_section][et_pb_section fb_built=&#8221;1&#8243; admin_label=&#8221;About&#8221; _builder_version=&#8221;4.16&#8243; background_enable_color=&#8221;off&#8221; use_background_color_gradient=&#8221;on&#8221; background_color_gradient_direction=&#8221;-135deg&#8221; background_color_gradient_stops=&#8221;#015fa2 7%|#ffffff 7%&#8221; background_color_gradient_overlays_image=&#8221;on&#8221; background_color_gradient_start=&#8221;#015fa2&#8243; background_color_gradient_start_position=&#8221;7%&#8221; background_color_gradient_end=&#8221;#ffffff&#8221; background_color_gradient_end_position=&#8221;0%&#8221; background_enable_image=&#8221;off&#8221; background_last_edited=&#8221;on|tablet&#8221; use_background_color_gradient_tablet=&#8221;off&#8221; global_colors_info=&#8221;{}&#8221;][et_pb_row column_structure=&#8221;1_3,2_3&#8243; _builder_version=&#8221;4.27.0&#8243; locked=&#8221;off&#8221; global_colors_info=&#8221;{}&#8221;][et_pb_column type=&#8221;1_3&#8243; _builder_version=&#8221;4.16&#8243; custom_padding_tablet=&#8221;|||10vw|false|false&#8221; custom_padding_last_edited=&#8221;off|desktop&#8221; global_colors_info=&#8221;{}&#8221;][et_pb_image src=&#8221;https:\/\/metalproduction.lt\/wp-content\/uploads\/bendrai-finansuoja.jpg&#8221; title_text=&#8221;bendrai-finansuoja&#8221; align=&#8221;center&#8221; _builder_version=&#8221;4.27.0&#8243; global_colors_info=&#8221;{}&#8221;][\/et_pb_image][\/et_pb_column][et_pb_column type=&#8221;2_3&#8243; _builder_version=&#8221;4.16&#8243; custom_padding_tablet=&#8221;|||10vw|false|false&#8221; custom_padding_last_edited=&#8221;off|desktop&#8221; global_colors_info=&#8221;{}&#8221;][et_pb_text _builder_version=&#8221;4.27.4&#8243; text_line_height=&#8221;1.8em&#8221; max_width=&#8221;700px&#8221; custom_padding=&#8221;||||false|false&#8221; hover_enabled=&#8221;0&#8243; locked=&#8221;off&#8221; global_colors_info=&#8221;{}&#8221; sticky_enabled=&#8221;0&#8243;]<\/p>\n<h3 style=\"text-align: left;\">UAB \u201eMetal Production\u201c netechnologini\u0173 inovacij\u0173 pl\u0117tros skatinimas<\/h3>\n<p><strong>UAB \u201eMetal Production\u201c netechnologini\u0173 inovacij\u0173 pl\u0117tros skatinimas, finansuojant investicijas \u012f dizaino, proceso\/organizacines inovacijas ir prek\u0117s \u017eenkl\u0105, didinantis \u012fmon\u0117s integracij\u0105 \u012f tarptautin\u0117s vert\u0117s grandines.<\/strong><\/p>\n<p>UAB \u201cMetal Production\u201d siekia didinti eksport\u0105, tod\u0117l projekto metu numato diegti \u012fvairi\u0173 proces\u0173 inovacijas:<\/p>\n<ul>\n<li>strateginis veiklos planavimo procesas;<\/li>\n<li>rinkos analiz\u0117s procesas;<\/li>\n<li>pagrindinis gamybos procesas;<\/li>\n<li>logistikos ir tiekimo grandin\u0117s valdymo procesas;<\/li>\n<li>personalo valdymo procesas;<\/li>\n<li>finans\u0173 valdymo procesas;<\/li>\n<li>klient\u0173 valdymo procesas;<\/li>\n<li>technologij\u0173 ir sistemos administravimas;<\/li>\n<li>inovacij\u0173 ir tobulinimo procesai.<\/li>\n<\/ul>\n<p>Visos projekte numatytos inovacijos ne tik padidina UAB &#8222;Metal Production&#8221; konkurencingum\u0105 ir efektyvum\u0105, bet ir u\u017etikrina jos geb\u0117jim\u0105 efektyviai integruotis \u012f tarptautines vert\u0117s grandines.<\/p>\n<p>Projektas \u012fgyvendinamas pagal 2022\u20132030 met\u0173 pl\u0117tros programos valdytojos Lietuvos Respublikos ekonomikos ir inovacij\u0173 ministerijos ekonomikos transformacijos ir konkurencingumo pl\u0117tros programos pa\u017eangos priemon\u0117s Nr. 05-001-01-05-07 \u201eSukurti nuosekli\u0105 inovacin\u0117s veiklos skatinimo sistem\u0105\u201c veikl\u0105 \u201eSkatinti netechnologini\u0173 inovacij\u0173 pl\u0117tr\u0105 (Vidurio ir vakar\u0173 Lietuvos regionas)\u201c.<\/p>\n<p>Bendras biud\u017eetas <strong>122 800,15<\/strong> Eur, ES fondo skirta <strong>60 059,60<\/strong> Eur finansavimo suma.<br \/>Projekt\u0105 bendrai finansuoja Europos S\u0105junga.<br \/>Projektas prad\u0117tas 2024 m. lapkri\u010dio 18 d. ir bus \u012fgyvendintas iki 2026 m. lapkri\u010dio 18 d.<\/p>\n<p>[\/et_pb_text][\/et_pb_column][\/et_pb_row][et_pb_row column_structure=&#8221;1_3,2_3&#8243; _builder_version=&#8221;4.27.0&#8243; locked=&#8221;off&#8221; global_colors_info=&#8221;{}&#8221;][et_pb_column type=&#8221;1_3&#8243; _builder_version=&#8221;4.16&#8243; custom_padding_tablet=&#8221;|||10vw|false|false&#8221; custom_padding_last_edited=&#8221;off|desktop&#8221; global_colors_info=&#8221;{}&#8221;][et_pb_image src=&#8221;https:\/\/metalproduction.lt\/wp-content\/uploads\/bendrai-finansuoja.jpg&#8221; title_text=&#8221;bendrai-finansuoja&#8221; align=&#8221;center&#8221; _builder_version=&#8221;4.27.0&#8243; global_colors_info=&#8221;{}&#8221;][\/et_pb_image][\/et_pb_column][et_pb_column type=&#8221;2_3&#8243; _builder_version=&#8221;4.16&#8243; custom_padding_tablet=&#8221;|||10vw|false|false&#8221; custom_padding_last_edited=&#8221;off|desktop&#8221; global_colors_info=&#8221;{}&#8221;][et_pb_text _builder_version=&#8221;4.27.0&#8243; text_line_height=&#8221;1.8em&#8221; max_width=&#8221;700px&#8221; custom_padding=&#8221;||||false|false&#8221; locked=&#8221;off&#8221; global_colors_info=&#8221;{}&#8221;]<\/p>\n<h3 style=\"text-align: left;\">\u012egyvendiname projekt\u0105 \u201eInovatyvaus produkto k\u016brimas UAB \u201eMetal Production\u201c<\/h3>\n<p>2024 m. gegu\u017e\u0117s 6 d. LR ekonomikos ir inovacij\u0173 ministro \u012fsakymu Nr. 4-243 UAB \u201eMetal Production\u201c projektui Nr. 02-019-K-0035 \u201eInovatyvaus produkto k\u016brimas UAB \u201eMetal Production\u201c skirtas<strong> 1 067 216<\/strong> Eur finansavimas pagal priemon\u0119 \u201eInoPa\u017eanga\u201c. Projekto vert\u0117 \u2013 <strong>1 447 867<\/strong> Eur.<\/p>\n<p>\u012egyvendinamu projektu UAB \u201eMetal Production\u201c siekia sukurti stabilizavimo linij\u0105, susidedan\u010di\u0105 i\u0161 trij\u0173 moduli\u0173, apiman\u010di\u0173 paruo\u0161im\u0105, perdirbim\u0105-stabilizavim\u0105 ir pakavim\u0105. J\u016bros dumbli\u0173 stabilizavimo linija bus pritaikoma i\u0161karto po dumbli\u0173 nu\u0117mimo dumbli\u0173 auginimo fermose.<\/p>\n<p>Projektas leis gerinti j\u016bros dumbli\u0173 kokyb\u0119 per vis\u0105 j\u0173 apdorojimo cikl\u0105. Tai apima dumbli\u0173 u\u017eter\u0161tumo ir mikrobiologin\u0117s rizikos ma\u017einim\u0105 pradin\u0117je paruo\u0161imo stadijoje, efektyv\u0173 jodo kiekio reguliavim\u0105 perdirbimo metu, ir galiausiai, ferment\u0173 denat\u016bracij\u0105, kuri i\u0161saugo dumbli\u0173 spalv\u0105 ir skon\u012f. Projekto \u012fgyvendinimas leis suma\u017einti \u017ealiavos nuostolius ir padidins efektyvum\u0105, nes u\u017etikrins auk\u0161tesn\u0117s kokyb\u0117s \u017ealiavos paruo\u0161im\u0105 transportavimui ir v\u0117lesniam perdirbimui. Ilgesnis galiojimo laikas po derliaus nu\u0117mimo taip pat suma\u017eina b\u016btinyb\u0119 greitai perdirbti ar realizuoti produkt\u0105, suteikdamas daugiau lankstumo ir ma\u017eesn\u0119 finansin\u0119 rizik\u0105.<\/p>\n<p>Projektas prad\u0117tas 2024 m. liepos 9 d. ir bus \u012fgyvendintas iki 2026 m. liepos 8 d.<br \/>Projektas \u012fgyvendinamas kartu su partneriu UAB \u201eKandas\u201c.<br \/>Projekt\u0105 bendrai finansuoja Europos S\u0105junga.<\/p>\n<p>[\/et_pb_text][\/et_pb_column][\/et_pb_row][et_pb_row column_structure=&#8221;1_3,2_3&#8243; _builder_version=&#8221;4.27.0&#8243; locked=&#8221;off&#8221; global_colors_info=&#8221;{}&#8221;][et_pb_column type=&#8221;1_3&#8243; _builder_version=&#8221;4.16&#8243; custom_padding_tablet=&#8221;|||10vw|false|false&#8221; custom_padding_last_edited=&#8221;off|desktop&#8221; global_colors_info=&#8221;{}&#8221;][et_pb_image src=&#8221;https:\/\/metalproduction.lt\/wp-content\/uploads\/eu-logo.jpg&#8221; title_text=&#8221;eu-logo&#8221; align=&#8221;center&#8221; _builder_version=&#8221;4.16&#8243; global_colors_info=&#8221;{}&#8221;][\/et_pb_image][\/et_pb_column][et_pb_column type=&#8221;2_3&#8243; _builder_version=&#8221;4.16&#8243; custom_padding_tablet=&#8221;|||10vw|false|false&#8221; custom_padding_last_edited=&#8221;off|desktop&#8221; global_colors_info=&#8221;{}&#8221;][et_pb_text _builder_version=&#8221;4.27.0&#8243; text_line_height=&#8221;1.8em&#8221; max_width=&#8221;700px&#8221; custom_padding=&#8221;||||false|false&#8221; locked=&#8221;off&#8221; global_colors_info=&#8221;{}&#8221;]<\/p>\n<h3 style=\"text-align: left;\">UAB \u201eMetal Production\u201d \u012fgyvendina ES l\u0117\u0161omis dalinai finansuojam\u0105 projekt\u0105 \u201eRocket Cluster \u012fsitraukimas \u012f tarptautines tinkl\u0173 grandines, siekiant rasti naujas eksporto rinkas\u201d<\/h3>\n<p style=\"text-align: justify;\">UAB \u201eMetal Production\u201c \u012fkurta 2011 m., si\u016blo in\u017einerijos ir agentavimo perkant paslaugas i\u0161 Baltijos regiono. \u012emon\u0117 \u012fsik\u016brusi \u0160iauliuose, Lietuvoje. Rinkoje daugiausia d\u0117mesio skiriame j\u016br\u0173 ir\u00a0naftos pramonei, tiekiant auk\u0161tos kokyb\u0117s paslaugas ir produktus konkurencingomis kainomis. UAB \u201eMetal Production\u201c, turi sukaup\u0119 i\u0161samias \u017einias ir plat\u0173 tiek\u0117j\u0173 tinkl\u0105 Baltijos regione, spar\u010diai auga ir tobul\u0117ja.<\/p>\n<p style=\"text-align: justify;\">\u0160iuo metu pasaulyje spar\u010diai ple\u010diantis globalizacijos \u012ftakai verslo \u012fmon\u0117ms vis da\u017eniau tenka susidurti su did\u0117jan\u010dia konkurencija tarptautin\u0117je rinkoje, taip pat vis sunkiau \u012fgyti esmin\u012f konkurencin\u012f prana\u0161um\u0105. Siekiant i\u0161likti konkurencingu b\u016btina skirti resursus, b\u016btinus konkurencingumui ir efektyvumui didinti. D\u0117l \u0161ios prie\u017easties pasaulio ekonomikos pl\u0117troje vis didesn\u0119 svarb\u0105 \u012fgyja klasteriai, kuriuos sudaro tam tikroje geografin\u0117je vietov\u0117je sukoncentruotos, tarpusavyje s\u0105veikaujan\u010dios, vykdan\u010dios bendr\u0105 veikl\u0105, taip pat savo specifine veikla papildan\u010dios viena kit\u0105 verslo \u012fmon\u0117s. Jose susidaro palankios s\u0105lygos didinti \u012fmoni\u0173 produktyvum\u0105, inovatyvum\u0105, gerinti gaminam\u0173 produkt\u0173 kokyb\u0119, kurti ir tobulinti naujus produktus ar technologijas.<\/p>\n<p style=\"text-align: justify;\">\u201eRocket Cluster\u201c klasteris &#8211; tai jungtin\u0117s veiklos pagrindu veikianti organizacija, kurios nariai (MV\u012e, i\u0161 viso 5 nariai: Klasterio koordinatorius\/Parei\u0161k\u0117jas (UAB \u201eMetal Production\u201c) ir Klasterio nariai\/Projekto partneriai (UAB \u201eAKSONAS\u201c, UAB \u201eSantavilt\u0117\u201c, UAB \u201eLZ technika\u201c, UAB \u201eANAGA\u201c) teikia in\u017einerinio projektavimo, gamybos paslaugas ir kitas su \u0161ia veikla susijusias paslaugas. Klasterio nariai siekia suvienyti savo veiklas organizuodamos bei pl\u0117sdamos in\u017einerini\u0173 paslaug\u0173 ir gamini\u0173 eksport\u0105, siekiant i\u0161pl\u0117sti j\u0173 eksport\u0105, pritraukti u\u017esienio klientus \u012f Klasterio \u012fmones..<\/p>\n<p style=\"text-align: justify;\">UAB \u201eMetal Production\u201c projektas \u012fgyvendinamas pagal 2014\u20132020 met\u0173 Europos S\u0105jungos fond\u0173 investicij\u0173 veiksm\u0173 programos 3 prioriteto \u201eSmulkiojo ir vidutinio verslo konkurencingumo skatinimas\u201c \u012fgyvendinimo priemon\u0119 Nr. 03.2.1-LVPA-K-807 \u201eVerslo klasteris LT\u201c projekto numeris 03.2.1-LVPA-K-807-02-0031. Priemon\u0117s tikslas \u2013 Klasterio nariams \u012fsitraukti \u012f tarptautines tinkl\u0173 grandines, pl\u0117sti naujas eksporto rinkas, taip pat skatinti tinklaveik\u0105 bendradarbiaujant su kitomis \u012fmon\u0117mis tarptautiniame lygmenyje.<\/p>\n<p style=\"text-align: justify;\">UAB \u201eMetal Production\u201c \u012fgyvendinamo projekto tikslas &#8211; \u201eRocket Cluster\u201c klasterio tarptautinio konkurencingumo didinimas, apjungiant \u012fmoni\u0173 galimybes, kompetencijas ir kontaktus.<\/p>\n<p style=\"text-align: justify;\">Projektui \u012fgyvendinti i\u0161 Europos S\u0105jungos strukt\u016brini\u0173 fond\u0173 skirta <strong>187 929,33 Eur<\/strong> investicij\u0173 suma.<\/p>\n<p style=\"text-align: justify;\">Projekto \u012fgyvendinimo trukm\u0117 24 m\u0117nesi\u0173.<\/p>\n<p>[\/et_pb_text][\/et_pb_column][\/et_pb_row][\/et_pb_section]<\/p>\n","protected":false},"excerpt":{"rendered":"<p>ES paramaUAB \u201eMetal Production\u201c netechnologini\u0173 inovacij\u0173 pl\u0117tros skatinimas UAB \u201eMetal Production\u201c netechnologini\u0173 inovacij\u0173 pl\u0117tros skatinimas, finansuojant investicijas \u012f dizaino, proceso\/organizacines inovacijas ir prek\u0117s \u017eenkl\u0105, didinantis \u012fmon\u0117s integracij\u0105 \u012f tarptautin\u0117s vert\u0117s grandines. UAB \u201cMetal Production\u201d siekia didinti eksport\u0105, tod\u0117l projekto metu numato diegti \u012fvairi\u0173 proces\u0173 inovacijas: strateginis veiklos planavimo procesas; rinkos analiz\u0117s procesas; pagrindinis gamybos procesas; [&hellip;]<\/p>\n","protected":false},"author":3,"featured_media":0,"parent":0,"menu_order":0,"comment_status":"closed","ping_status":"closed","template":"","meta":{"_et_pb_use_builder":"on","_et_pb_old_content":"","_et_gb_content_width":"","footnotes":""},"class_list":["post-498","page","type-page","status-publish","hentry"],"yoast_head":"<!-- This site is optimized with the Yoast SEO plugin v27.4 - https:\/\/yoast.com\/product\/yoast-seo-wordpress\/ -->\n<title>ES projektai - metalproduction.lt<\/title>\n<meta name=\"robots\" content=\"index, follow, max-snippet:-1, max-image-preview:large, max-video-preview:-1\" \/>\n<link rel=\"canonical\" href=\"https:\/\/metalproduction.lt\/lt\/es-projektai\/\" \/>\n<meta property=\"og:locale\" content=\"lt_LT\" \/>\n<meta property=\"og:type\" content=\"article\" \/>\n<meta property=\"og:title\" content=\"ES projektai - metalproduction.lt\" \/>\n<meta property=\"og:description\" content=\"ES paramaUAB \u201eMetal Production\u201c netechnologini\u0173 inovacij\u0173 pl\u0117tros skatinimas UAB \u201eMetal Production\u201c netechnologini\u0173 inovacij\u0173 pl\u0117tros skatinimas, finansuojant investicijas \u012f dizaino, proceso\/organizacines inovacijas ir prek\u0117s \u017eenkl\u0105, didinantis \u012fmon\u0117s integracij\u0105 \u012f tarptautin\u0117s vert\u0117s grandines. UAB \u201cMetal Production\u201d siekia didinti eksport\u0105, tod\u0117l projekto metu numato diegti \u012fvairi\u0173 proces\u0173 inovacijas: strateginis veiklos planavimo procesas; rinkos analiz\u0117s procesas; pagrindinis gamybos procesas; [&hellip;]\" \/>\n<meta property=\"og:url\" content=\"https:\/\/metalproduction.lt\/lt\/es-projektai\/\" \/>\n<meta property=\"og:site_name\" content=\"metalproduction.lt\" \/>\n<meta property=\"article:modified_time\" content=\"2025-01-03T07:35:13+00:00\" \/>\n<meta name=\"twitter:card\" content=\"summary_large_image\" \/>\n<meta name=\"twitter:label1\" content=\"Est. reading time\" \/>\n\t<meta name=\"twitter:data1\" content=\"7 minut\u0117s\" \/>\n<script type=\"application\/ld+json\" class=\"yoast-schema-graph\">{\"@context\":\"https:\\\/\\\/schema.org\",\"@graph\":[{\"@type\":\"WebPage\",\"@id\":\"https:\\\/\\\/metalproduction.lt\\\/lt\\\/es-projektai\\\/\",\"url\":\"https:\\\/\\\/metalproduction.lt\\\/lt\\\/es-projektai\\\/\",\"name\":\"ES projektai - metalproduction.lt\",\"isPartOf\":{\"@id\":\"https:\\\/\\\/metalproduction.lt\\\/lt\\\/#website\"},\"datePublished\":\"2020-05-13T14:29:48+00:00\",\"dateModified\":\"2025-01-03T07:35:13+00:00\",\"breadcrumb\":{\"@id\":\"https:\\\/\\\/metalproduction.lt\\\/lt\\\/es-projektai\\\/#breadcrumb\"},\"inLanguage\":\"lt-LT\",\"potentialAction\":[{\"@type\":\"ReadAction\",\"target\":[\"https:\\\/\\\/metalproduction.lt\\\/lt\\\/es-projektai\\\/\"]}]},{\"@type\":\"BreadcrumbList\",\"@id\":\"https:\\\/\\\/metalproduction.lt\\\/lt\\\/es-projektai\\\/#breadcrumb\",\"itemListElement\":[{\"@type\":\"ListItem\",\"position\":1,\"name\":\"Home\",\"item\":\"https:\\\/\\\/metalproduction.lt\\\/lt\\\/\"},{\"@type\":\"ListItem\",\"position\":2,\"name\":\"ES projektai\"}]},{\"@type\":\"WebSite\",\"@id\":\"https:\\\/\\\/metalproduction.lt\\\/lt\\\/#website\",\"url\":\"https:\\\/\\\/metalproduction.lt\\\/lt\\\/\",\"name\":\"metalproduction.lt\",\"description\":\"\",\"potentialAction\":[{\"@type\":\"SearchAction\",\"target\":{\"@type\":\"EntryPoint\",\"urlTemplate\":\"https:\\\/\\\/metalproduction.lt\\\/lt\\\/?s={search_term_string}\"},\"query-input\":{\"@type\":\"PropertyValueSpecification\",\"valueRequired\":true,\"valueName\":\"search_term_string\"}}],\"inLanguage\":\"lt-LT\"}]}<\/script>\n<!-- \/ Yoast SEO plugin. -->","yoast_head_json":{"title":"ES projektai - metalproduction.lt","robots":{"index":"index","follow":"follow","max-snippet":"max-snippet:-1","max-image-preview":"max-image-preview:large","max-video-preview":"max-video-preview:-1"},"canonical":"https:\/\/metalproduction.lt\/lt\/es-projektai\/","og_locale":"lt_LT","og_type":"article","og_title":"ES projektai - metalproduction.lt","og_description":"ES paramaUAB \u201eMetal Production\u201c netechnologini\u0173 inovacij\u0173 pl\u0117tros skatinimas UAB \u201eMetal Production\u201c netechnologini\u0173 inovacij\u0173 pl\u0117tros skatinimas, finansuojant investicijas \u012f dizaino, proceso\/organizacines inovacijas ir prek\u0117s \u017eenkl\u0105, didinantis \u012fmon\u0117s integracij\u0105 \u012f tarptautin\u0117s vert\u0117s grandines. UAB \u201cMetal Production\u201d siekia didinti eksport\u0105, tod\u0117l projekto metu numato diegti \u012fvairi\u0173 proces\u0173 inovacijas: strateginis veiklos planavimo procesas; rinkos analiz\u0117s procesas; pagrindinis gamybos procesas; [&hellip;]","og_url":"https:\/\/metalproduction.lt\/lt\/es-projektai\/","og_site_name":"metalproduction.lt","article_modified_time":"2025-01-03T07:35:13+00:00","twitter_card":"summary_large_image","twitter_misc":{"Est. reading time":"7 minut\u0117s"},"schema":{"@context":"https:\/\/schema.org","@graph":[{"@type":"WebPage","@id":"https:\/\/metalproduction.lt\/lt\/es-projektai\/","url":"https:\/\/metalproduction.lt\/lt\/es-projektai\/","name":"ES projektai - metalproduction.lt","isPartOf":{"@id":"https:\/\/metalproduction.lt\/lt\/#website"},"datePublished":"2020-05-13T14:29:48+00:00","dateModified":"2025-01-03T07:35:13+00:00","breadcrumb":{"@id":"https:\/\/metalproduction.lt\/lt\/es-projektai\/#breadcrumb"},"inLanguage":"lt-LT","potentialAction":[{"@type":"ReadAction","target":["https:\/\/metalproduction.lt\/lt\/es-projektai\/"]}]},{"@type":"BreadcrumbList","@id":"https:\/\/metalproduction.lt\/lt\/es-projektai\/#breadcrumb","itemListElement":[{"@type":"ListItem","position":1,"name":"Home","item":"https:\/\/metalproduction.lt\/lt\/"},{"@type":"ListItem","position":2,"name":"ES projektai"}]},{"@type":"WebSite","@id":"https:\/\/metalproduction.lt\/lt\/#website","url":"https:\/\/metalproduction.lt\/lt\/","name":"metalproduction.lt","description":"","potentialAction":[{"@type":"SearchAction","target":{"@type":"EntryPoint","urlTemplate":"https:\/\/metalproduction.lt\/lt\/?s={search_term_string}"},"query-input":{"@type":"PropertyValueSpecification","valueRequired":true,"valueName":"search_term_string"}}],"inLanguage":"lt-LT"}]}},"_links":{"self":[{"href":"https:\/\/metalproduction.lt\/lt\/wp-json\/wp\/v2\/pages\/498","targetHints":{"allow":["GET"]}}],"collection":[{"href":"https:\/\/metalproduction.lt\/lt\/wp-json\/wp\/v2\/pages"}],"about":[{"href":"https:\/\/metalproduction.lt\/lt\/wp-json\/wp\/v2\/types\/page"}],"author":[{"embeddable":true,"href":"https:\/\/metalproduction.lt\/lt\/wp-json\/wp\/v2\/users\/3"}],"replies":[{"embeddable":true,"href":"https:\/\/metalproduction.lt\/lt\/wp-json\/wp\/v2\/comments?post=498"}],"version-history":[{"count":11,"href":"https:\/\/metalproduction.lt\/lt\/wp-json\/wp\/v2\/pages\/498\/revisions"}],"predecessor-version":[{"id":4021,"href":"https:\/\/metalproduction.lt\/lt\/wp-json\/wp\/v2\/pages\/498\/revisions\/4021"}],"wp:attachment":[{"href":"https:\/\/metalproduction.lt\/lt\/wp-json\/wp\/v2\/media?parent=498"}],"curies":[{"name":"wp","href":"https:\/\/api.w.org\/{rel}","templated":true}]}}