{"id":465,"date":"2020-05-13T15:57:37","date_gmt":"2020-05-13T12:57:37","guid":{"rendered":"https:\/\/metalproduction.lt\/?page_id=465"},"modified":"2022-04-21T10:34:30","modified_gmt":"2022-04-21T07:34:30","slug":"gamyba","status":"publish","type":"page","link":"https:\/\/metalproduction.lt\/lt\/gamyba\/","title":{"rendered":"Gamyba"},"content":{"rendered":"<p>[et_pb_section fb_built=&#8221;1&#8243; admin_label=&#8221;Header&#8221; _builder_version=&#8221;4.16&#8243; use_background_color_gradient=&#8221;on&#8221; background_color_gradient_stops=&#8221;rgba(1,95,162,0.3) 0%|#015fa2 100%&#8221; background_color_gradient_overlays_image=&#8221;on&#8221; background_color_gradient_start=&#8221;rgba(1,95,162,0.3)&#8221; background_color_gradient_end=&#8221;#015fa2&#8243; background_image=&#8221;https:\/\/metalproduction.lt\/wp-content\/uploads\/gamyba.jpg&#8221; global_colors_info=&#8221;{}&#8221;][et_pb_row _builder_version=&#8221;4.16&#8243; global_colors_info=&#8221;{}&#8221;][et_pb_column type=&#8221;4_4&#8243; _builder_version=&#8221;4.16&#8243; global_colors_info=&#8221;{}&#8221;][et_pb_text _builder_version=&#8221;4.16&#8243; text_line_height=&#8221;1.8em&#8221; header_font=&#8221;Kanit|700|||||||&#8221; header_font_size=&#8221;60px&#8221; header_line_height=&#8221;1.2em&#8221; background_layout=&#8221;dark&#8221; max_width=&#8221;550px&#8221; header_font_size_tablet=&#8221;&#8221; header_font_size_phone=&#8221;42px&#8221; header_font_size_last_edited=&#8221;on|phone&#8221; locked=&#8221;off&#8221; global_colors_info=&#8221;{}&#8221;]<\/p>\n<h1>Gamyba<\/h1>\n<p>[\/et_pb_text][\/et_pb_column][\/et_pb_row][\/et_pb_section][et_pb_section fb_built=&#8221;1&#8243; admin_label=&#8221;About&#8221; _builder_version=&#8221;4.16&#8243; background_enable_color=&#8221;off&#8221; use_background_color_gradient=&#8221;on&#8221; background_color_gradient_direction=&#8221;-135deg&#8221; background_color_gradient_stops=&#8221;#015fa2 16%|#ffffff 16%&#8221; background_color_gradient_overlays_image=&#8221;on&#8221; background_color_gradient_start=&#8221;#015fa2&#8243; background_color_gradient_start_position=&#8221;16%&#8221; background_color_gradient_end=&#8221;#ffffff&#8221; background_color_gradient_end_position=&#8221;0%&#8221; background_enable_image=&#8221;off&#8221; background_last_edited=&#8221;on|tablet&#8221; use_background_color_gradient_tablet=&#8221;off&#8221; global_colors_info=&#8221;{}&#8221;][et_pb_row _builder_version=&#8221;4.16&#8243; locked=&#8221;off&#8221; global_colors_info=&#8221;{}&#8221;][et_pb_column type=&#8221;4_4&#8243; _builder_version=&#8221;4.16&#8243; custom_padding_tablet=&#8221;|||10vw|false|false&#8221; custom_padding_last_edited=&#8221;off|desktop&#8221; global_colors_info=&#8221;{}&#8221;][et_pb_text _builder_version=&#8221;4.16&#8243; text_line_height=&#8221;1.8em&#8221; max_width=&#8221;700px&#8221; custom_padding=&#8221;||||false|false&#8221; locked=&#8221;off&#8221; global_colors_info=&#8221;{}&#8221;]<\/p>\n<p style=\"text-align: justify;\">UAB \u201eMetal Production\u201c si\u016blo vietin\u0119 gamyb\u0105 Baltijos regione i\u0161 vidaus ir i\u0161or\u0117s tiek\u0117j\u0173. M\u016bs\u0173 tiek\u0117j\u0173 \u012frenginiai yra sertifikuoti ISO 9000 ir buvo kvalifikuoti audito programomis. Jie gaminami pagal pagrindinius plieno konstrukcijos, talpykl\u0173 ir komponent\u0173 gamybos standartus, \u012fskaitant atitinkamus EN ir NORSOK standartus.<\/p>\n<p style=\"text-align: justify;\">M\u016bs\u0173 patikim\u0173 tiek\u0117j\u0173 gamybin\u0117se patalpose naudojama \u0161iuolaikin\u0117 gamybos \u012franga, visada laiku pristatomi auk\u0161tos kokyb\u0117s gaminiai. Jie dirba su vis\u0173 tip\u0173 mechaniniais gamybos procesais, \u012fskaitant pjovim\u0105, perforavim\u0105, apdirbim\u0105, suvirinim\u0105, pavir\u0161iaus apdorojim\u0105, bandym\u0105 ir montavim\u0105.<\/p>\n<p>[\/et_pb_text][\/et_pb_column][\/et_pb_row][et_pb_row _builder_version=&#8221;4.16&#8243; global_colors_info=&#8221;{}&#8221;][et_pb_column type=&#8221;4_4&#8243; _builder_version=&#8221;4.16&#8243; global_colors_info=&#8221;{}&#8221;][et_pb_text _builder_version=&#8221;4.16&#8243; header_2_font=&#8221;Kanit|700|||||||&#8221; header_2_text_align=&#8221;center&#8221; header_2_font_size=&#8221;48px&#8221; header_2_line_height=&#8221;1.2em&#8221; module_alignment=&#8221;center&#8221; header_2_font_size_tablet=&#8221;&#8221; header_2_font_size_phone=&#8221;30px&#8221; header_2_font_size_last_edited=&#8221;on|phone&#8221; global_colors_info=&#8221;{}&#8221;]<\/p>\n<h2>Atlikti darbai<\/h2>\n<p>[\/et_pb_text][et_pb_portfolio fullwidth=&#8221;off&#8221; posts_number=&#8221;4&#8243; include_categories=&#8221;9&#8243; show_categories=&#8221;off&#8221; _builder_version=&#8221;4.16&#8243; global_colors_info=&#8221;{}&#8221;][\/et_pb_portfolio][\/et_pb_column][\/et_pb_row][et_pb_row _builder_version=&#8221;4.16&#8243; global_colors_info=&#8221;{}&#8221;][et_pb_column type=&#8221;4_4&#8243; _builder_version=&#8221;4.16&#8243; global_colors_info=&#8221;{}&#8221;][et_pb_text _builder_version=&#8221;4.16&#8243; header_2_font=&#8221;Kanit|700|||||||&#8221; header_2_text_align=&#8221;center&#8221; header_2_font_size=&#8221;48px&#8221; header_2_line_height=&#8221;1.2em&#8221; module_alignment=&#8221;center&#8221; header_2_font_size_tablet=&#8221;&#8221; header_2_font_size_phone=&#8221;30px&#8221; header_2_font_size_last_edited=&#8221;on|phone&#8221; global_colors_info=&#8221;{}&#8221;]<\/p>\n<h2>Partneriai<\/h2>\n<p>[\/et_pb_text][et_pb_portfolio fullwidth=&#8221;off&#8221; posts_number=&#8221;12&#8243; include_categories=&#8221;32&#8243; show_categories=&#8221;off&#8221; _builder_version=&#8221;4.16&#8243; global_colors_info=&#8221;{}&#8221;][\/et_pb_portfolio][\/et_pb_column][\/et_pb_row][\/et_pb_section][et_pb_section fb_built=&#8221;1&#8243; custom_padding_last_edited=&#8221;off|tablet&#8221; next_background_color=&#8221;#ffffff&#8221; admin_label=&#8221;Video&#8221; _builder_version=&#8221;4.16&#8243; use_background_color_gradient=&#8221;on&#8221; background_color_gradient_stops=&#8221;#4b4b4b 0%|#015fa2 100%&#8221; background_color_gradient_start=&#8221;#4b4b4b&#8221; background_color_gradient_end=&#8221;#015fa2&#8243; background_enable_image=&#8221;off&#8221; background_size=&#8221;initial&#8221; background_position=&#8221;top_left&#8221; custom_margin=&#8221;||||false|false&#8221; custom_padding=&#8221;0vw||14vw||false|false&#8221; custom_padding_tablet=&#8221;||||false|false&#8221; bottom_divider_style=&#8221;slant&#8221; bottom_divider_height=&#8221;80vw&#8221; bottom_divider_flip=&#8221;horizontal&#8221; bottom_divider_height_tablet=&#8221;0px&#8221; bottom_divider_height_last_edited=&#8221;off|tablet&#8221; background_last_edited=&#8221;on|desktop&#8221; background_enable_image_tablet=&#8221;off&#8221; box_shadow_horizontal_tablet=&#8221;0vw&#8221; box_shadow_horizontal_phone=&#8221;&#8221; box_shadow_horizontal_last_edited=&#8221;on|tablet&#8221; global_colors_info=&#8221;{}&#8221;][et_pb_row column_structure=&#8221;3_5,2_5&#8243; _builder_version=&#8221;4.16&#8243; custom_padding=&#8221;0px||0px||true|&#8221; box_shadow_style=&#8221;preset4&#8243; box_shadow_horizontal=&#8221;30vw&#8221; box_shadow_vertical=&#8221;0px&#8221; box_shadow_color=&#8221;#ffffff&#8221; box_shadow_horizontal_tablet=&#8221;0vw&#8221; box_shadow_horizontal_phone=&#8221;&#8221; box_shadow_horizontal_last_edited=&#8221;on|tablet&#8221; global_colors_info=&#8221;{}&#8221;][et_pb_column type=&#8221;3_5&#8243; _builder_version=&#8221;4.16&#8243; global_colors_info=&#8221;{}&#8221;][\/et_pb_column][et_pb_column type=&#8221;2_5&#8243; _builder_version=&#8221;4.16&#8243; background_color=&#8221;#ffffff&#8221; transform_translate=&#8221;1px|0px&#8221; transform_translate_linked=&#8221;off&#8221; custom_padding=&#8221;100px||100px||true|false&#8221; custom_padding_tablet=&#8221;40px||40px||true|false&#8221; custom_padding_phone=&#8221;&#8221; custom_padding_last_edited=&#8221;on|desktop&#8221; background_last_edited=&#8221;on|tablet&#8221; background_enable_color_tablet=&#8221;off&#8221; global_colors_info=&#8221;{}&#8221;][et_pb_video src=&#8221;https:\/\/www.youtube.com\/watch?v=ofRzf7FZCeQ&#038;feature=youtu.be&#8221; thumbnail_overlay_color=&#8221;rgba(0,0,0,0.6)&#8221; _builder_version=&#8221;4.16&#8243; custom_margin=&#8221;|||-360px|false|false&#8221; custom_margin_tablet=&#8221;|||0px|false|false&#8221; custom_margin_phone=&#8221;&#8221; custom_margin_last_edited=&#8221;on|tablet&#8221; locked=&#8221;off&#8221; global_colors_info=&#8221;{}&#8221;][\/et_pb_video][\/et_pb_column][\/et_pb_row][\/et_pb_section]<\/p>\n","protected":false},"excerpt":{"rendered":"<p>GamybaUAB \u201eMetal Production\u201c si\u016blo vietin\u0119 gamyb\u0105 Baltijos regione i\u0161 vidaus ir i\u0161or\u0117s tiek\u0117j\u0173. M\u016bs\u0173 tiek\u0117j\u0173 \u012frenginiai yra sertifikuoti ISO 9000 ir buvo kvalifikuoti audito programomis. Jie gaminami pagal pagrindinius plieno konstrukcijos, talpykl\u0173 ir komponent\u0173 gamybos standartus, \u012fskaitant atitinkamus EN ir NORSOK standartus. M\u016bs\u0173 patikim\u0173 tiek\u0117j\u0173 gamybin\u0117se patalpose naudojama \u0161iuolaikin\u0117 gamybos \u012franga, visada laiku pristatomi auk\u0161tos [&hellip;]<\/p>\n","protected":false},"author":3,"featured_media":0,"parent":0,"menu_order":0,"comment_status":"closed","ping_status":"closed","template":"","meta":{"_et_pb_use_builder":"on","_et_pb_old_content":"","_et_gb_content_width":"","footnotes":""},"class_list":["post-465","page","type-page","status-publish","hentry"],"yoast_head":"<!-- This site is optimized with the Yoast SEO plugin v27.4 - https:\/\/yoast.com\/product\/yoast-seo-wordpress\/ -->\n<title>Gamyba - metalproduction.lt<\/title>\n<meta name=\"robots\" content=\"index, follow, max-snippet:-1, max-image-preview:large, max-video-preview:-1\" \/>\n<link rel=\"canonical\" href=\"https:\/\/metalproduction.lt\/lt\/gamyba\/\" \/>\n<meta property=\"og:locale\" content=\"lt_LT\" \/>\n<meta property=\"og:type\" content=\"article\" \/>\n<meta property=\"og:title\" content=\"Gamyba - metalproduction.lt\" \/>\n<meta property=\"og:description\" content=\"GamybaUAB \u201eMetal Production\u201c si\u016blo vietin\u0119 gamyb\u0105 Baltijos regione i\u0161 vidaus ir i\u0161or\u0117s tiek\u0117j\u0173. M\u016bs\u0173 tiek\u0117j\u0173 \u012frenginiai yra sertifikuoti ISO 9000 ir buvo kvalifikuoti audito programomis. Jie gaminami pagal pagrindinius plieno konstrukcijos, talpykl\u0173 ir komponent\u0173 gamybos standartus, \u012fskaitant atitinkamus EN ir NORSOK standartus. M\u016bs\u0173 patikim\u0173 tiek\u0117j\u0173 gamybin\u0117se patalpose naudojama \u0161iuolaikin\u0117 gamybos \u012franga, visada laiku pristatomi auk\u0161tos [&hellip;]\" \/>\n<meta property=\"og:url\" content=\"https:\/\/metalproduction.lt\/lt\/gamyba\/\" \/>\n<meta property=\"og:site_name\" content=\"metalproduction.lt\" \/>\n<meta property=\"article:modified_time\" content=\"2022-04-21T07:34:30+00:00\" \/>\n<meta name=\"twitter:card\" content=\"summary_large_image\" \/>\n<meta name=\"twitter:label1\" content=\"Est. reading time\" \/>\n\t<meta name=\"twitter:data1\" content=\"4 minut\u0117s\" \/>\n<script type=\"application\/ld+json\" class=\"yoast-schema-graph\">{\"@context\":\"https:\\\/\\\/schema.org\",\"@graph\":[{\"@type\":\"WebPage\",\"@id\":\"https:\\\/\\\/metalproduction.lt\\\/lt\\\/gamyba\\\/\",\"url\":\"https:\\\/\\\/metalproduction.lt\\\/lt\\\/gamyba\\\/\",\"name\":\"Gamyba - metalproduction.lt\",\"isPartOf\":{\"@id\":\"https:\\\/\\\/metalproduction.lt\\\/lt\\\/#website\"},\"datePublished\":\"2020-05-13T12:57:37+00:00\",\"dateModified\":\"2022-04-21T07:34:30+00:00\",\"breadcrumb\":{\"@id\":\"https:\\\/\\\/metalproduction.lt\\\/lt\\\/gamyba\\\/#breadcrumb\"},\"inLanguage\":\"lt-LT\",\"potentialAction\":[{\"@type\":\"ReadAction\",\"target\":[\"https:\\\/\\\/metalproduction.lt\\\/lt\\\/gamyba\\\/\"]}]},{\"@type\":\"BreadcrumbList\",\"@id\":\"https:\\\/\\\/metalproduction.lt\\\/lt\\\/gamyba\\\/#breadcrumb\",\"itemListElement\":[{\"@type\":\"ListItem\",\"position\":1,\"name\":\"Home\",\"item\":\"https:\\\/\\\/metalproduction.lt\\\/lt\\\/\"},{\"@type\":\"ListItem\",\"position\":2,\"name\":\"Gamyba\"}]},{\"@type\":\"WebSite\",\"@id\":\"https:\\\/\\\/metalproduction.lt\\\/lt\\\/#website\",\"url\":\"https:\\\/\\\/metalproduction.lt\\\/lt\\\/\",\"name\":\"metalproduction.lt\",\"description\":\"\",\"potentialAction\":[{\"@type\":\"SearchAction\",\"target\":{\"@type\":\"EntryPoint\",\"urlTemplate\":\"https:\\\/\\\/metalproduction.lt\\\/lt\\\/?s={search_term_string}\"},\"query-input\":{\"@type\":\"PropertyValueSpecification\",\"valueRequired\":true,\"valueName\":\"search_term_string\"}}],\"inLanguage\":\"lt-LT\"}]}<\/script>\n<!-- \/ Yoast SEO plugin. -->","yoast_head_json":{"title":"Gamyba - metalproduction.lt","robots":{"index":"index","follow":"follow","max-snippet":"max-snippet:-1","max-image-preview":"max-image-preview:large","max-video-preview":"max-video-preview:-1"},"canonical":"https:\/\/metalproduction.lt\/lt\/gamyba\/","og_locale":"lt_LT","og_type":"article","og_title":"Gamyba - metalproduction.lt","og_description":"GamybaUAB \u201eMetal Production\u201c si\u016blo vietin\u0119 gamyb\u0105 Baltijos regione i\u0161 vidaus ir i\u0161or\u0117s tiek\u0117j\u0173. M\u016bs\u0173 tiek\u0117j\u0173 \u012frenginiai yra sertifikuoti ISO 9000 ir buvo kvalifikuoti audito programomis. Jie gaminami pagal pagrindinius plieno konstrukcijos, talpykl\u0173 ir komponent\u0173 gamybos standartus, \u012fskaitant atitinkamus EN ir NORSOK standartus. M\u016bs\u0173 patikim\u0173 tiek\u0117j\u0173 gamybin\u0117se patalpose naudojama \u0161iuolaikin\u0117 gamybos \u012franga, visada laiku pristatomi auk\u0161tos [&hellip;]","og_url":"https:\/\/metalproduction.lt\/lt\/gamyba\/","og_site_name":"metalproduction.lt","article_modified_time":"2022-04-21T07:34:30+00:00","twitter_card":"summary_large_image","twitter_misc":{"Est. reading time":"4 minut\u0117s"},"schema":{"@context":"https:\/\/schema.org","@graph":[{"@type":"WebPage","@id":"https:\/\/metalproduction.lt\/lt\/gamyba\/","url":"https:\/\/metalproduction.lt\/lt\/gamyba\/","name":"Gamyba - metalproduction.lt","isPartOf":{"@id":"https:\/\/metalproduction.lt\/lt\/#website"},"datePublished":"2020-05-13T12:57:37+00:00","dateModified":"2022-04-21T07:34:30+00:00","breadcrumb":{"@id":"https:\/\/metalproduction.lt\/lt\/gamyba\/#breadcrumb"},"inLanguage":"lt-LT","potentialAction":[{"@type":"ReadAction","target":["https:\/\/metalproduction.lt\/lt\/gamyba\/"]}]},{"@type":"BreadcrumbList","@id":"https:\/\/metalproduction.lt\/lt\/gamyba\/#breadcrumb","itemListElement":[{"@type":"ListItem","position":1,"name":"Home","item":"https:\/\/metalproduction.lt\/lt\/"},{"@type":"ListItem","position":2,"name":"Gamyba"}]},{"@type":"WebSite","@id":"https:\/\/metalproduction.lt\/lt\/#website","url":"https:\/\/metalproduction.lt\/lt\/","name":"metalproduction.lt","description":"","potentialAction":[{"@type":"SearchAction","target":{"@type":"EntryPoint","urlTemplate":"https:\/\/metalproduction.lt\/lt\/?s={search_term_string}"},"query-input":{"@type":"PropertyValueSpecification","valueRequired":true,"valueName":"search_term_string"}}],"inLanguage":"lt-LT"}]}},"_links":{"self":[{"href":"https:\/\/metalproduction.lt\/lt\/wp-json\/wp\/v2\/pages\/465","targetHints":{"allow":["GET"]}}],"collection":[{"href":"https:\/\/metalproduction.lt\/lt\/wp-json\/wp\/v2\/pages"}],"about":[{"href":"https:\/\/metalproduction.lt\/lt\/wp-json\/wp\/v2\/types\/page"}],"author":[{"embeddable":true,"href":"https:\/\/metalproduction.lt\/lt\/wp-json\/wp\/v2\/users\/3"}],"replies":[{"embeddable":true,"href":"https:\/\/metalproduction.lt\/lt\/wp-json\/wp\/v2\/comments?post=465"}],"version-history":[{"count":9,"href":"https:\/\/metalproduction.lt\/lt\/wp-json\/wp\/v2\/pages\/465\/revisions"}],"predecessor-version":[{"id":3335,"href":"https:\/\/metalproduction.lt\/lt\/wp-json\/wp\/v2\/pages\/465\/revisions\/3335"}],"wp:attachment":[{"href":"https:\/\/metalproduction.lt\/lt\/wp-json\/wp\/v2\/media?parent=465"}],"curies":[{"name":"wp","href":"https:\/\/api.w.org\/{rel}","templated":true}]}}