{"id":446,"date":"2020-05-13T15:32:58","date_gmt":"2020-05-13T12:32:58","guid":{"rendered":"https:\/\/metalproduction.lt\/?page_id=446"},"modified":"2022-04-21T10:34:55","modified_gmt":"2022-04-21T07:34:55","slug":"inzinerija","status":"publish","type":"page","link":"https:\/\/metalproduction.lt\/lt\/inzinerija\/","title":{"rendered":"In\u017einerija"},"content":{"rendered":"<p>[et_pb_section fb_built=&#8221;1&#8243; admin_label=&#8221;Header&#8221; _builder_version=&#8221;4.16&#8243; use_background_color_gradient=&#8221;on&#8221; background_color_gradient_stops=&#8221;rgba(1,95,162,0.3) 0%|#015fa2 100%&#8221; background_color_gradient_overlays_image=&#8221;on&#8221; background_color_gradient_start=&#8221;rgba(1,95,162,0.3)&#8221; background_color_gradient_end=&#8221;#015fa2&#8243; background_image=&#8221;https:\/\/metalproduction.lt\/wp-content\/uploads\/inzinerija-2.jpg&#8221; global_colors_info=&#8221;{}&#8221;][et_pb_row _builder_version=&#8221;4.16&#8243; global_colors_info=&#8221;{}&#8221;][et_pb_column type=&#8221;4_4&#8243; _builder_version=&#8221;4.16&#8243; global_colors_info=&#8221;{}&#8221;][et_pb_text _builder_version=&#8221;4.16&#8243; text_line_height=&#8221;1.8em&#8221; header_font=&#8221;Kanit|700|||||||&#8221; header_font_size=&#8221;60px&#8221; header_line_height=&#8221;1.2em&#8221; background_layout=&#8221;dark&#8221; max_width=&#8221;550px&#8221; header_font_size_tablet=&#8221;&#8221; header_font_size_phone=&#8221;42px&#8221; header_font_size_last_edited=&#8221;on|phone&#8221; locked=&#8221;off&#8221; global_colors_info=&#8221;{}&#8221;]<\/p>\n<h1>In\u017einerija<\/h1>\n<p>[\/et_pb_text][\/et_pb_column][\/et_pb_row][\/et_pb_section][et_pb_section fb_built=&#8221;1&#8243; admin_label=&#8221;About&#8221; _builder_version=&#8221;4.16&#8243; background_enable_color=&#8221;off&#8221; use_background_color_gradient=&#8221;on&#8221; background_color_gradient_direction=&#8221;-135deg&#8221; background_color_gradient_stops=&#8221;#015fa2 16%|#ffffff 16%&#8221; background_color_gradient_overlays_image=&#8221;on&#8221; background_color_gradient_start=&#8221;#015fa2&#8243; background_color_gradient_start_position=&#8221;16%&#8221; background_color_gradient_end=&#8221;#ffffff&#8221; background_color_gradient_end_position=&#8221;0%&#8221; background_enable_image=&#8221;off&#8221; background_last_edited=&#8221;on|tablet&#8221; use_background_color_gradient_tablet=&#8221;off&#8221; global_colors_info=&#8221;{}&#8221;][et_pb_row _builder_version=&#8221;4.16&#8243; locked=&#8221;off&#8221; global_colors_info=&#8221;{}&#8221;][et_pb_column type=&#8221;4_4&#8243; _builder_version=&#8221;4.16&#8243; custom_padding_tablet=&#8221;|||10vw|false|false&#8221; custom_padding_last_edited=&#8221;off|desktop&#8221; global_colors_info=&#8221;{}&#8221;][et_pb_text _builder_version=&#8221;4.16&#8243; text_line_height=&#8221;1.8em&#8221; max_width=&#8221;700px&#8221; custom_padding=&#8221;||||false|false&#8221; locked=&#8221;off&#8221; global_colors_info=&#8221;{}&#8221;]<\/p>\n<p style=\"text-align: justify;\">UAB \u201eMetal Production&#8221; suk\u016br\u0117 stipri\u0105 patyrusi\u0173 in\u017einieri\u0173 komand\u0105, galin\u010di\u0105 teikti profesionalias in\u017einerijos paslaugas u\u017e labai palankias kainas. In\u017einieriai naudoja &#8222;AutoDesk 2D \/ 3D&#8221; ir &#8222;SolidWorks&#8221; dizaino platformas. Atliekami stiprumo skai\u010diavimai naudojant \u201eVisual Vessel Design\u201c ir &#8222;SolidWorks&#8221; modeliavim\u0105. Lengvai gali keistis skirtingi kodai, taisykl\u0117s ir standartai: DNV, ASME, RMRS, LR, ABS, NORSOK, PED 97\/23 \/ EC, EN-12952, EN-12953, EN-13445.<\/p>\n<p style=\"text-align: justify;\">Bendrov\u0117 yra labai patraukli in\u017einieri\u0173 darbdav\u0117 d\u0117l jos tarptautinio profilio ir Norvegijos kapitalo. M\u016bs\u0173 in\u017einieriai dalyvavo mokymo kursuose Norvegijoje, kuriuose susipa\u017eino su konkre\u010diais Norvegijos naftos ir duj\u0173 pramon\u0117s in\u017eineriniais reikalavimais.<\/p>\n<p>[\/et_pb_text][\/et_pb_column][\/et_pb_row][et_pb_row _builder_version=&#8221;4.16&#8243; global_colors_info=&#8221;{}&#8221;][et_pb_column type=&#8221;4_4&#8243; _builder_version=&#8221;4.16&#8243; global_colors_info=&#8221;{}&#8221;][et_pb_text _builder_version=&#8221;4.16&#8243; header_2_font=&#8221;Kanit|700|||||||&#8221; header_2_text_align=&#8221;center&#8221; header_2_font_size=&#8221;48px&#8221; header_2_line_height=&#8221;1.2em&#8221; module_alignment=&#8221;center&#8221; header_2_font_size_tablet=&#8221;&#8221; header_2_font_size_phone=&#8221;30px&#8221; header_2_font_size_last_edited=&#8221;on|phone&#8221; global_colors_info=&#8221;{}&#8221;]<\/p>\n<h2>Atlikti darbai<\/h2>\n<p>[\/et_pb_text][et_pb_portfolio fullwidth=&#8221;off&#8221; posts_number=&#8221;4&#8243; include_categories=&#8221;8&#8243; show_categories=&#8221;off&#8221; _builder_version=&#8221;4.16&#8243; global_colors_info=&#8221;{}&#8221;][\/et_pb_portfolio][\/et_pb_column][\/et_pb_row][\/et_pb_section][et_pb_section fb_built=&#8221;1&#8243; custom_padding_last_edited=&#8221;off|tablet&#8221; next_background_color=&#8221;#ffffff&#8221; admin_label=&#8221;Video&#8221; _builder_version=&#8221;4.16&#8243; use_background_color_gradient=&#8221;on&#8221; background_color_gradient_stops=&#8221;#4b4b4b 0%|#015fa2 100%&#8221; background_color_gradient_start=&#8221;#4b4b4b&#8221; background_color_gradient_end=&#8221;#015fa2&#8243; background_enable_image=&#8221;off&#8221; background_size=&#8221;initial&#8221; background_position=&#8221;top_left&#8221; custom_margin=&#8221;||||false|false&#8221; custom_padding=&#8221;0vw||30vw||false|false&#8221; custom_padding_tablet=&#8221;||||false|false&#8221; bottom_divider_style=&#8221;slant&#8221; bottom_divider_height=&#8221;80vw&#8221; bottom_divider_flip=&#8221;horizontal&#8221; bottom_divider_height_tablet=&#8221;0px&#8221; bottom_divider_height_last_edited=&#8221;off|tablet&#8221; background_last_edited=&#8221;on|desktop&#8221; background_enable_image_tablet=&#8221;off&#8221; box_shadow_horizontal_tablet=&#8221;0vw&#8221; box_shadow_horizontal_phone=&#8221;&#8221; box_shadow_horizontal_last_edited=&#8221;on|tablet&#8221; global_colors_info=&#8221;{}&#8221;][et_pb_row column_structure=&#8221;3_5,2_5&#8243; _builder_version=&#8221;4.16&#8243; custom_padding=&#8221;0px||0px||true|&#8221; box_shadow_style=&#8221;preset4&#8243; box_shadow_horizontal=&#8221;30vw&#8221; box_shadow_vertical=&#8221;0px&#8221; box_shadow_color=&#8221;#ffffff&#8221; box_shadow_horizontal_tablet=&#8221;0vw&#8221; box_shadow_horizontal_phone=&#8221;&#8221; box_shadow_horizontal_last_edited=&#8221;on|tablet&#8221; global_colors_info=&#8221;{}&#8221;][et_pb_column type=&#8221;3_5&#8243; _builder_version=&#8221;4.16&#8243; global_colors_info=&#8221;{}&#8221;][\/et_pb_column][et_pb_column type=&#8221;2_5&#8243; _builder_version=&#8221;4.16&#8243; background_color=&#8221;#ffffff&#8221; transform_translate=&#8221;1px|0px&#8221; transform_translate_linked=&#8221;off&#8221; custom_padding=&#8221;100px||100px||true|false&#8221; custom_padding_tablet=&#8221;40px||40px||true|false&#8221; custom_padding_phone=&#8221;&#8221; custom_padding_last_edited=&#8221;on|desktop&#8221; background_last_edited=&#8221;on|tablet&#8221; background_enable_color_tablet=&#8221;off&#8221; global_colors_info=&#8221;{}&#8221;][et_pb_video src=&#8221;https:\/\/www.youtube.com\/watch?v=ofRzf7FZCeQ&#038;feature=youtu.be&#8221; thumbnail_overlay_color=&#8221;rgba(0,0,0,0.6)&#8221; _builder_version=&#8221;4.16&#8243; custom_margin=&#8221;|||-360px|false|false&#8221; custom_margin_tablet=&#8221;|||0px|false|false&#8221; custom_margin_phone=&#8221;&#8221; custom_margin_last_edited=&#8221;on|tablet&#8221; locked=&#8221;off&#8221; global_colors_info=&#8221;{}&#8221;][\/et_pb_video][\/et_pb_column][\/et_pb_row][et_pb_row column_structure=&#8221;3_5,2_5&#8243; _builder_version=&#8221;4.16&#8243; custom_padding=&#8221;0px||0px||true|&#8221; box_shadow_style=&#8221;preset4&#8243; box_shadow_horizontal=&#8221;30vw&#8221; box_shadow_vertical=&#8221;0px&#8221; box_shadow_color=&#8221;#ffffff&#8221; box_shadow_horizontal_tablet=&#8221;0vw&#8221; box_shadow_horizontal_phone=&#8221;&#8221; box_shadow_horizontal_last_edited=&#8221;on|tablet&#8221; global_colors_info=&#8221;{}&#8221;][et_pb_column type=&#8221;3_5&#8243; _builder_version=&#8221;4.16&#8243; global_colors_info=&#8221;{}&#8221;][et_pb_text _builder_version=&#8221;4.16&#8243; header_2_font=&#8221;Kanit|700|||||||&#8221; header_2_font_size=&#8221;48px&#8221; header_2_line_height=&#8221;1.2em&#8221; background_layout=&#8221;dark&#8221; max_width=&#8221;500px&#8221; header_2_font_size_tablet=&#8221;&#8221; header_2_font_size_phone=&#8221;30px&#8221; header_2_font_size_last_edited=&#8221;on|phone&#8221; locked=&#8221;off&#8221; global_colors_info=&#8221;{}&#8221;]<\/p>\n<h2>M\u016bs\u0173 pagrindin\u0117s in\u017einerijos paslaugos<\/h2>\n<p>[\/et_pb_text][\/et_pb_column][et_pb_column type=&#8221;2_5&#8243; _builder_version=&#8221;4.16&#8243; background_color=&#8221;#ffffff&#8221; custom_padding=&#8221;40px|20px|40px|20px|true|true&#8221; global_colors_info=&#8221;{}&#8221;][et_pb_text _builder_version=&#8221;4.16&#8243; global_colors_info=&#8221;{}&#8221;]<\/p>\n<ul>\n<li>Plienini\u0173 konstrukcij\u0173, talpykl\u0173 ir komponent\u0173 projektavimas;<\/li>\n<li>Sl\u0117gini\u0173 ind\u0173 ir vamzdyn\u0173 sistem\u0173 projektavimas;<\/li>\n<li>\u0160ildymo katil\u0173, i\u0161metam\u0173j\u0173 duj\u0173 katil\u0173 ir \u0161ilumokai\u010di\u0173 skai\u010diavimas;<\/li>\n<li>\u0160ildymo sistemos projektavimas, \u012fskaitant sistemos reguliavim\u0105, vamzd\u017ei\u0173 dyd\u012f ir vamzd\u017ei\u0173 \u012ftempi\u0173 analiz\u0119;<\/li>\n<li>3D modeliavimas ir darbo br\u0117\u017einiai;<\/li>\n<li>Sistemos br\u0117\u017einiai (P &amp; ID).<\/li>\n<\/ul>\n<p>[\/et_pb_text][\/et_pb_column][\/et_pb_row][\/et_pb_section]<\/p>\n","protected":false},"excerpt":{"rendered":"<p>In\u017einerijaUAB \u201eMetal Production&#8221; suk\u016br\u0117 stipri\u0105 patyrusi\u0173 in\u017einieri\u0173 komand\u0105, galin\u010di\u0105 teikti profesionalias in\u017einerijos paslaugas u\u017e labai palankias kainas. In\u017einieriai naudoja &#8222;AutoDesk 2D \/ 3D&#8221; ir &#8222;SolidWorks&#8221; dizaino platformas. Atliekami stiprumo skai\u010diavimai naudojant \u201eVisual Vessel Design\u201c ir &#8222;SolidWorks&#8221; modeliavim\u0105. Lengvai gali keistis skirtingi kodai, taisykl\u0117s ir standartai: DNV, ASME, RMRS, LR, ABS, NORSOK, PED 97\/23 \/ EC, [&hellip;]<\/p>\n","protected":false},"author":3,"featured_media":0,"parent":0,"menu_order":0,"comment_status":"closed","ping_status":"closed","template":"","meta":{"_et_pb_use_builder":"on","_et_pb_old_content":"","_et_gb_content_width":"","footnotes":""},"class_list":["post-446","page","type-page","status-publish","hentry"],"yoast_head":"<!-- This site is optimized with the Yoast SEO plugin v27.4 - https:\/\/yoast.com\/product\/yoast-seo-wordpress\/ -->\n<title>In\u017einerin\u0117s paslaugos - metalproduction.lt<\/title>\n<meta name=\"description\" content=\"Nestandartini\u0173 projekt\u0173 rengimas, konsultavimas, ka\u0161t\u0173 skai\u010diavimas. Per daugel\u012f met\u0173 sukaupta patirtis leid\u017eia dr\u0105siai priimti naujus i\u0161\u0161\u016bkius.\" \/>\n<meta name=\"robots\" content=\"index, follow, max-snippet:-1, max-image-preview:large, max-video-preview:-1\" \/>\n<link rel=\"canonical\" href=\"https:\/\/metalproduction.lt\/lt\/inzinerija\/\" \/>\n<meta property=\"og:locale\" content=\"lt_LT\" \/>\n<meta property=\"og:type\" content=\"article\" \/>\n<meta property=\"og:title\" content=\"In\u017einerin\u0117s paslaugos - metalproduction.lt\" \/>\n<meta property=\"og:description\" content=\"Nestandartini\u0173 projekt\u0173 rengimas, konsultavimas, ka\u0161t\u0173 skai\u010diavimas. Per daugel\u012f met\u0173 sukaupta patirtis leid\u017eia dr\u0105siai priimti naujus i\u0161\u0161\u016bkius.\" \/>\n<meta property=\"og:url\" content=\"https:\/\/metalproduction.lt\/lt\/inzinerija\/\" \/>\n<meta property=\"og:site_name\" content=\"metalproduction.lt\" \/>\n<meta property=\"article:modified_time\" content=\"2022-04-21T07:34:55+00:00\" \/>\n<meta name=\"twitter:card\" content=\"summary_large_image\" \/>\n<meta name=\"twitter:label1\" content=\"Est. reading time\" \/>\n\t<meta name=\"twitter:data1\" content=\"3 minut\u0117s\" \/>\n<script type=\"application\/ld+json\" class=\"yoast-schema-graph\">{\"@context\":\"https:\\\/\\\/schema.org\",\"@graph\":[{\"@type\":\"WebPage\",\"@id\":\"https:\\\/\\\/metalproduction.lt\\\/lt\\\/inzinerija\\\/\",\"url\":\"https:\\\/\\\/metalproduction.lt\\\/lt\\\/inzinerija\\\/\",\"name\":\"In\u017einerin\u0117s paslaugos - metalproduction.lt\",\"isPartOf\":{\"@id\":\"https:\\\/\\\/metalproduction.lt\\\/lt\\\/#website\"},\"datePublished\":\"2020-05-13T12:32:58+00:00\",\"dateModified\":\"2022-04-21T07:34:55+00:00\",\"description\":\"Nestandartini\u0173 projekt\u0173 rengimas, konsultavimas, ka\u0161t\u0173 skai\u010diavimas. Per daugel\u012f met\u0173 sukaupta patirtis leid\u017eia dr\u0105siai priimti naujus i\u0161\u0161\u016bkius.\",\"breadcrumb\":{\"@id\":\"https:\\\/\\\/metalproduction.lt\\\/lt\\\/inzinerija\\\/#breadcrumb\"},\"inLanguage\":\"lt-LT\",\"potentialAction\":[{\"@type\":\"ReadAction\",\"target\":[\"https:\\\/\\\/metalproduction.lt\\\/lt\\\/inzinerija\\\/\"]}]},{\"@type\":\"BreadcrumbList\",\"@id\":\"https:\\\/\\\/metalproduction.lt\\\/lt\\\/inzinerija\\\/#breadcrumb\",\"itemListElement\":[{\"@type\":\"ListItem\",\"position\":1,\"name\":\"Home\",\"item\":\"https:\\\/\\\/metalproduction.lt\\\/lt\\\/\"},{\"@type\":\"ListItem\",\"position\":2,\"name\":\"In\u017einerija\"}]},{\"@type\":\"WebSite\",\"@id\":\"https:\\\/\\\/metalproduction.lt\\\/lt\\\/#website\",\"url\":\"https:\\\/\\\/metalproduction.lt\\\/lt\\\/\",\"name\":\"metalproduction.lt\",\"description\":\"\",\"potentialAction\":[{\"@type\":\"SearchAction\",\"target\":{\"@type\":\"EntryPoint\",\"urlTemplate\":\"https:\\\/\\\/metalproduction.lt\\\/lt\\\/?s={search_term_string}\"},\"query-input\":{\"@type\":\"PropertyValueSpecification\",\"valueRequired\":true,\"valueName\":\"search_term_string\"}}],\"inLanguage\":\"lt-LT\"}]}<\/script>\n<!-- \/ Yoast SEO plugin. -->","yoast_head_json":{"title":"In\u017einerin\u0117s paslaugos - metalproduction.lt","description":"Nestandartini\u0173 projekt\u0173 rengimas, konsultavimas, ka\u0161t\u0173 skai\u010diavimas. Per daugel\u012f met\u0173 sukaupta patirtis leid\u017eia dr\u0105siai priimti naujus i\u0161\u0161\u016bkius.","robots":{"index":"index","follow":"follow","max-snippet":"max-snippet:-1","max-image-preview":"max-image-preview:large","max-video-preview":"max-video-preview:-1"},"canonical":"https:\/\/metalproduction.lt\/lt\/inzinerija\/","og_locale":"lt_LT","og_type":"article","og_title":"In\u017einerin\u0117s paslaugos - metalproduction.lt","og_description":"Nestandartini\u0173 projekt\u0173 rengimas, konsultavimas, ka\u0161t\u0173 skai\u010diavimas. Per daugel\u012f met\u0173 sukaupta patirtis leid\u017eia dr\u0105siai priimti naujus i\u0161\u0161\u016bkius.","og_url":"https:\/\/metalproduction.lt\/lt\/inzinerija\/","og_site_name":"metalproduction.lt","article_modified_time":"2022-04-21T07:34:55+00:00","twitter_card":"summary_large_image","twitter_misc":{"Est. reading time":"3 minut\u0117s"},"schema":{"@context":"https:\/\/schema.org","@graph":[{"@type":"WebPage","@id":"https:\/\/metalproduction.lt\/lt\/inzinerija\/","url":"https:\/\/metalproduction.lt\/lt\/inzinerija\/","name":"In\u017einerin\u0117s paslaugos - metalproduction.lt","isPartOf":{"@id":"https:\/\/metalproduction.lt\/lt\/#website"},"datePublished":"2020-05-13T12:32:58+00:00","dateModified":"2022-04-21T07:34:55+00:00","description":"Nestandartini\u0173 projekt\u0173 rengimas, konsultavimas, ka\u0161t\u0173 skai\u010diavimas. Per daugel\u012f met\u0173 sukaupta patirtis leid\u017eia dr\u0105siai priimti naujus i\u0161\u0161\u016bkius.","breadcrumb":{"@id":"https:\/\/metalproduction.lt\/lt\/inzinerija\/#breadcrumb"},"inLanguage":"lt-LT","potentialAction":[{"@type":"ReadAction","target":["https:\/\/metalproduction.lt\/lt\/inzinerija\/"]}]},{"@type":"BreadcrumbList","@id":"https:\/\/metalproduction.lt\/lt\/inzinerija\/#breadcrumb","itemListElement":[{"@type":"ListItem","position":1,"name":"Home","item":"https:\/\/metalproduction.lt\/lt\/"},{"@type":"ListItem","position":2,"name":"In\u017einerija"}]},{"@type":"WebSite","@id":"https:\/\/metalproduction.lt\/lt\/#website","url":"https:\/\/metalproduction.lt\/lt\/","name":"metalproduction.lt","description":"","potentialAction":[{"@type":"SearchAction","target":{"@type":"EntryPoint","urlTemplate":"https:\/\/metalproduction.lt\/lt\/?s={search_term_string}"},"query-input":{"@type":"PropertyValueSpecification","valueRequired":true,"valueName":"search_term_string"}}],"inLanguage":"lt-LT"}]}},"_links":{"self":[{"href":"https:\/\/metalproduction.lt\/lt\/wp-json\/wp\/v2\/pages\/446","targetHints":{"allow":["GET"]}}],"collection":[{"href":"https:\/\/metalproduction.lt\/lt\/wp-json\/wp\/v2\/pages"}],"about":[{"href":"https:\/\/metalproduction.lt\/lt\/wp-json\/wp\/v2\/types\/page"}],"author":[{"embeddable":true,"href":"https:\/\/metalproduction.lt\/lt\/wp-json\/wp\/v2\/users\/3"}],"replies":[{"embeddable":true,"href":"https:\/\/metalproduction.lt\/lt\/wp-json\/wp\/v2\/comments?post=446"}],"version-history":[{"count":15,"href":"https:\/\/metalproduction.lt\/lt\/wp-json\/wp\/v2\/pages\/446\/revisions"}],"predecessor-version":[{"id":3336,"href":"https:\/\/metalproduction.lt\/lt\/wp-json\/wp\/v2\/pages\/446\/revisions\/3336"}],"wp:attachment":[{"href":"https:\/\/metalproduction.lt\/lt\/wp-json\/wp\/v2\/media?parent=446"}],"curies":[{"name":"wp","href":"https:\/\/api.w.org\/{rel}","templated":true}]}}