{"id":201,"date":"2020-02-14T12:08:32","date_gmt":"2020-02-14T10:08:32","guid":{"rendered":"https:\/\/metalproduction.lt\/?page_id=201"},"modified":"2020-06-01T15:36:38","modified_gmt":"2020-06-01T12:36:38","slug":"privatumo-politika-ir-slapukai","status":"publish","type":"page","link":"https:\/\/metalproduction.lt\/lt\/privatumo-politika-ir-slapukai\/","title":{"rendered":"Privatumo politika ir slapukai"},"content":{"rendered":"<p>[et_pb_section fb_built=&#8221;1&#8243; _builder_version=&#8221;4.3.2&#8243;][et_pb_row _builder_version=&#8221;4.3.2&#8243;][et_pb_column type=&#8221;4_4&#8243; _builder_version=&#8221;4.3.2&#8243;][et_pb_text _builder_version=&#8221;4.4.7&#8243; hover_enabled=&#8221;0&#8243;]<\/p>\n<h1><strong>Privatumo politika ir slapukai<\/strong><\/h1>\n<p>&nbsp;<\/p>\n<p>\u0160i privatumo politika nurodo, kaip \u0161is tinklalapis naudoja ir saugo bet koki\u0105 informacij\u0105, kuri\u0105 pateikiate lankydamiesi jame. Dedame visas pastangas, kad j\u016bs\u0173 duomenys b\u016bt\u0173 apsaugoti, tod\u0117l galite b\u016bti tikri, kad jie bus naudojami tik pagal \u0161i\u0105 privatumo politik\u0105. B\u0117gant laikui, privatumo politika gali keistis &#8211; tokiu atveju, naujas tekstas bus patalpintas \u0161iame puslapyje. Rekomenduojame periodi\u0161kai jame apsilankyti, kad \u012fsitikintum\u0117te, ar esate patenkinti bet kokiais pakeitimais.<\/p>\n<p>Slapukas (angl. cookies) yra nedidelis failas, atsi\u0173stas \u012f lankytojo \u012frengin\u012f, lankytojui besilankant tinklalapyje. Slapukas padeda atpa\u017einti Jus kaip ankstesn\u012f svetain\u0117s lankytoj\u0105, i\u0161saugoti J\u016bs\u0173 lankymosi m\u016bs\u0173 svetain\u0117je istorij\u0105 ir pagal tai parinkti Jums aktual\u0173 turin\u012f. \u0160i informacija prisideda prie svetain\u0117s tobulinimo, siekiant j\u0105 padaryti dar patogesn\u0119.<\/p>\n<p><strong><\/strong><\/p>\n<p><strong>Koki\u0105 informacij\u0105 renkame<\/strong><br \/> Mes renkame \u0161i\u0105 informacij\u0105:<\/p>\n<ul>\n<li>informacija, reikalinga atpa\u017einti Jus kaip svetain\u0117s lankytoj\u0105;<\/li>\n<li>svetain\u0117s lankomumo statistikos rinkimui.<\/li>\n<\/ul>\n<p><strong><\/strong><\/p>\n<p><strong>Kaip naudojame slapukus<\/strong><br \/> Mes naudojame lankomumo registravimo slapukus, kad nustatytume, kurie puslapiai lankomi. Tai padeda analizuoti duomenis apie interneto puslapi\u0173 sraut\u0105 ir tobulinti tinklalap\u012f, kad jis atitikt\u0173 j\u016bs\u0173 poreikius. \u0160i\u0105 informacij\u0105 naudojame tik statistin\u0117s analiz\u0117s tikslais.<\/p>\n<p>Slapukas jokiu b\u016bdu nesuteikia prieigos prie j\u016bs\u0173 kompiuterio ar bet kokios informacijos apie jus, i\u0161skyrus duomenis, kuriuos pasirinkote bendrinti su mumis, lankydamiesi m\u016bs\u0173 tinklalapyje. Galite pasirinkti priimti ar atmesti slapukus. Dauguma interneto nar\u0161ykli\u0173 automati\u0161kai priima slapukus, ta\u010diau galite pakeisti nar\u0161ykl\u0117s nustatym\u0105, jei norite, kad slapukai b\u016bt\u0173 atmesti. Svarbu \u017einoti, kad, atmetus, kai kurios tinklalapio funkcijos nebeveiks.<\/p>\n<p><strong><\/strong><\/p>\n<p><strong>Saugom\u0173 slapuk\u0173 s\u0105ra\u0161as<\/strong><br \/> \u017demiau pateikiame kokie slapukai gali b\u016bti naudojami, koki\u0105 informacij\u0105 jie saugo ir kiek laiko ji yra saugoma.<\/p>\n<p><strong>1.\u00a0Slapukas:<\/strong> _ga<br \/> Suk\u016brimo momentas: \u012e\u0117jus \u012f puslap\u012f.<br \/> Galiojimo laikas: Galioja 2 metus.<br \/> Naudojami duomenys ir tvarkymo tikslai: Google statistikos slapukas. Unikalus identifikatorius, identifikuojantis svetain\u0117s lankytojus.<\/p>\n<p><strong>2. Slapukas: <\/strong>has_js<strong><br \/> <\/strong>Suk\u016brimo momentas: \u012e\u0117jus \u012f puslap\u012f.<br \/> Galiojimo laikas: Galioja iki interneto svetain\u0117s lango u\u017edarymo.<br \/> Naudojami duomenys ir tvarkymo tikslai: Drupal turinio valdymo sistemos slapukas naudojamas patikrinti ar lankytojo nar\u0161ykl\u0117je yra \u012fjungtas Java Script veikimas.<\/p>\n<p><strong>3. Slapukas:<\/strong> cookie_notice_accepted<br \/> Suk\u016brimo momentas: \u012e\u0117jus \u012f puslap\u012f.<br \/> Galiojimo laikas: Galioja vis\u0105 laik\u0105.<br \/> Naudojami duomenys ir tvarkymo tikslai: \u012esp\u0117jimo apie slapuk\u0173 naudojim\u0105 panaikinimo slapukas.<\/p>\n<p><strong>4. Slapukas:<\/strong> YSC<br \/> Suk\u016brimo momentas: \u012e\u0117jus \u012f puslap\u012f.<br \/> Galiojimo laikas: Galioja iki interneto svetain\u0117s lango u\u017edarymo.<br \/> Naudojami duomenys ir tvarkymo tikslai:<br \/> \u0160\u012f slapuk\u0105 nustato \u201eYouTube\u201c vaizdo \u012fra\u0161\u0173 tarnyba puslapiuose su \u012fterptais \u201eYouTube\u201c vaizdo \u012fra\u0161ais statistikos tikslais.<\/p>\n<p><strong>5. Slapukas:<\/strong> VISITOR_INFO1_LIVE<br \/> Suk\u016brimo momentas: \u012e\u0117jus \u012f puslap\u012f.<br \/> Galiojimo laikas: 8 m\u0117nesiai.<br \/> Naudojami duomenys ir tvarkymo tikslai:<br \/> \u201eYouTube\u201c nustatytas slapukas, matuojantis j\u016bs\u0173 pralaidum\u0105, siekiant nustatyti, ar gausite nauj\u0105, ar sen\u0105 grotuvo s\u0105saj\u0105.<\/p>\n<p><strong>6. Slapukas:<\/strong> GPS<br \/> Suk\u016brimo momentas: \u012e\u0117jus \u012f puslap\u012f.<br \/> Galiojimo laikas: 1 diena.<br \/> Naudojami duomenys ir tvarkymo tikslai: \u201eYouTube\u201c nustatytas slapukas. Registruoja unikal\u0173 ID mobiliuosiuose \u012frenginiuose, kad \u012fgalint\u0173 steb\u0117jim\u0105 pagal geografin\u0119 GPS viet\u0105.<\/p>\n<p><strong>Atsisakymas naudoti slapukus<\/strong><br \/> Savo sutikim\u0105 naudoti slapukus galite pakeisti, pakeisdami nustatymus ir i\u0161trindami \u012fra\u0161ytus slapukus. Tai atlikti galite pakeisdami nar\u0161ykl\u0117s nustatymus. Da\u017eniausiai naudojam\u0173 nar\u0161ykli\u0173 nustatymus rasite nuspaud\u0119 ant \u0161i\u0173 nuorod\u0173:<\/p>\n<ul>\n<li><a href=\"https:\/\/support.google.com\/accounts\/answer\/61416?hl=en\" target=\"_blank\" rel=\"noopener noreferrer\">Google Chrome<\/a><\/li>\n<li><a href=\"https:\/\/support.microsoft.com\/en-us\/help\/17442\/windows-internet-explorer-delete-manage-cookies#ie\" target=\"_blank\" rel=\"noopener noreferrer\">Internet Explorer \/ EDGE<\/a><\/li>\n<li><a href=\"https:\/\/support.mozilla.org\/en-US\/kb\/enable-and-disable-cookies-website-preferences\" target=\"_blank\" rel=\"noopener noreferrer\">Mozilla Firefox<\/a><\/li>\n<li><a href=\"https:\/\/support.apple.com\/guide\/safari\/manage-cookies-and-website-data-sfri11471\/mac\" target=\"_blank\" rel=\"noopener noreferrer\">Apple Safari<\/a><\/li>\n<\/ul>\n<p><strong><\/strong><\/p>\n<p><strong>Nuorodos \u012f kitus tinklalapius<\/strong><br \/> M\u016bs\u0173 tinklalapyje gali b\u016bti nuorod\u0173 \u012f kitus tinklalapius. Kai naudojate \u0161ias nuorodas ir vartote kit\u0173 tinklalapi\u0173 puslapius, tur\u0117tum\u0117te \u017einoti, kad mes j\u0173 nekontroliuojame. D\u0117l min\u0117tos prie\u017easties, negalime b\u016bti atsakingi u\u017e bet kokios informacijos, kuri\u0105 pateikiate lankydamiesi tokiuose tinklalapiuose, apsaug\u0105 ir privatum\u0105. Tur\u0117tum\u0117te elgtis atsakingai ir susipa\u017einti su j\u0173 privatumo politika.<\/p>\n<p>[\/et_pb_text][\/et_pb_column][\/et_pb_row][\/et_pb_section]<\/p>\n","protected":false},"excerpt":{"rendered":"<p>Privatumo politika ir slapukai &nbsp; \u0160i privatumo politika nurodo, kaip \u0161is tinklalapis naudoja ir saugo bet koki\u0105 informacij\u0105, kuri\u0105 pateikiate lankydamiesi jame. Dedame visas pastangas, kad j\u016bs\u0173 duomenys b\u016bt\u0173 apsaugoti, tod\u0117l galite b\u016bti tikri, kad jie bus naudojami tik pagal \u0161i\u0105 privatumo politik\u0105. B\u0117gant laikui, privatumo politika gali keistis &#8211; tokiu atveju, naujas tekstas bus [&hellip;]<\/p>\n","protected":false},"author":3,"featured_media":0,"parent":0,"menu_order":0,"comment_status":"closed","ping_status":"closed","template":"","meta":{"_et_pb_use_builder":"on","_et_pb_old_content":"","_et_gb_content_width":"","footnotes":""},"class_list":["post-201","page","type-page","status-publish","hentry"],"yoast_head":"<!-- This site is optimized with the Yoast SEO plugin v27.5 - https:\/\/yoast.com\/product\/yoast-seo-wordpress\/ -->\n<title>Privatumo politika ir slapukai - metalproduction.lt<\/title>\n<meta name=\"robots\" content=\"index, follow, max-snippet:-1, max-image-preview:large, max-video-preview:-1\" \/>\n<link rel=\"canonical\" href=\"https:\/\/metalproduction.lt\/lt\/privatumo-politika-ir-slapukai\/\" \/>\n<meta property=\"og:locale\" content=\"lt_LT\" \/>\n<meta property=\"og:type\" content=\"article\" \/>\n<meta property=\"og:title\" content=\"Privatumo politika ir slapukai - metalproduction.lt\" \/>\n<meta property=\"og:description\" content=\"Privatumo politika ir slapukai &nbsp; \u0160i privatumo politika nurodo, kaip \u0161is tinklalapis naudoja ir saugo bet koki\u0105 informacij\u0105, kuri\u0105 pateikiate lankydamiesi jame. Dedame visas pastangas, kad j\u016bs\u0173 duomenys b\u016bt\u0173 apsaugoti, tod\u0117l galite b\u016bti tikri, kad jie bus naudojami tik pagal \u0161i\u0105 privatumo politik\u0105. B\u0117gant laikui, privatumo politika gali keistis - tokiu atveju, naujas tekstas bus [&hellip;]\" \/>\n<meta property=\"og:url\" content=\"https:\/\/metalproduction.lt\/lt\/privatumo-politika-ir-slapukai\/\" \/>\n<meta property=\"og:site_name\" content=\"metalproduction.lt\" \/>\n<meta property=\"article:modified_time\" content=\"2020-06-01T12:36:38+00:00\" \/>\n<meta name=\"twitter:card\" content=\"summary_large_image\" \/>\n<meta name=\"twitter:label1\" content=\"Est. reading time\" \/>\n\t<meta name=\"twitter:data1\" content=\"3 minut\u0117s\" \/>\n<script type=\"application\/ld+json\" class=\"yoast-schema-graph\">{\"@context\":\"https:\\\/\\\/schema.org\",\"@graph\":[{\"@type\":\"WebPage\",\"@id\":\"https:\\\/\\\/metalproduction.lt\\\/lt\\\/privatumo-politika-ir-slapukai\\\/\",\"url\":\"https:\\\/\\\/metalproduction.lt\\\/lt\\\/privatumo-politika-ir-slapukai\\\/\",\"name\":\"Privatumo politika ir slapukai - metalproduction.lt\",\"isPartOf\":{\"@id\":\"https:\\\/\\\/metalproduction.lt\\\/lt\\\/#website\"},\"datePublished\":\"2020-02-14T10:08:32+00:00\",\"dateModified\":\"2020-06-01T12:36:38+00:00\",\"breadcrumb\":{\"@id\":\"https:\\\/\\\/metalproduction.lt\\\/lt\\\/privatumo-politika-ir-slapukai\\\/#breadcrumb\"},\"inLanguage\":\"lt-LT\",\"potentialAction\":[{\"@type\":\"ReadAction\",\"target\":[\"https:\\\/\\\/metalproduction.lt\\\/lt\\\/privatumo-politika-ir-slapukai\\\/\"]}]},{\"@type\":\"BreadcrumbList\",\"@id\":\"https:\\\/\\\/metalproduction.lt\\\/lt\\\/privatumo-politika-ir-slapukai\\\/#breadcrumb\",\"itemListElement\":[{\"@type\":\"ListItem\",\"position\":1,\"name\":\"Home\",\"item\":\"https:\\\/\\\/metalproduction.lt\\\/lt\\\/\"},{\"@type\":\"ListItem\",\"position\":2,\"name\":\"Privatumo politika ir slapukai\"}]},{\"@type\":\"WebSite\",\"@id\":\"https:\\\/\\\/metalproduction.lt\\\/lt\\\/#website\",\"url\":\"https:\\\/\\\/metalproduction.lt\\\/lt\\\/\",\"name\":\"metalproduction.lt\",\"description\":\"\",\"potentialAction\":[{\"@type\":\"SearchAction\",\"target\":{\"@type\":\"EntryPoint\",\"urlTemplate\":\"https:\\\/\\\/metalproduction.lt\\\/lt\\\/?s={search_term_string}\"},\"query-input\":{\"@type\":\"PropertyValueSpecification\",\"valueRequired\":true,\"valueName\":\"search_term_string\"}}],\"inLanguage\":\"lt-LT\"}]}<\/script>\n<!-- \/ Yoast SEO plugin. -->","yoast_head_json":{"title":"Privatumo politika ir slapukai - metalproduction.lt","robots":{"index":"index","follow":"follow","max-snippet":"max-snippet:-1","max-image-preview":"max-image-preview:large","max-video-preview":"max-video-preview:-1"},"canonical":"https:\/\/metalproduction.lt\/lt\/privatumo-politika-ir-slapukai\/","og_locale":"lt_LT","og_type":"article","og_title":"Privatumo politika ir slapukai - metalproduction.lt","og_description":"Privatumo politika ir slapukai &nbsp; \u0160i privatumo politika nurodo, kaip \u0161is tinklalapis naudoja ir saugo bet koki\u0105 informacij\u0105, kuri\u0105 pateikiate lankydamiesi jame. Dedame visas pastangas, kad j\u016bs\u0173 duomenys b\u016bt\u0173 apsaugoti, tod\u0117l galite b\u016bti tikri, kad jie bus naudojami tik pagal \u0161i\u0105 privatumo politik\u0105. B\u0117gant laikui, privatumo politika gali keistis - tokiu atveju, naujas tekstas bus [&hellip;]","og_url":"https:\/\/metalproduction.lt\/lt\/privatumo-politika-ir-slapukai\/","og_site_name":"metalproduction.lt","article_modified_time":"2020-06-01T12:36:38+00:00","twitter_card":"summary_large_image","twitter_misc":{"Est. reading time":"3 minut\u0117s"},"schema":{"@context":"https:\/\/schema.org","@graph":[{"@type":"WebPage","@id":"https:\/\/metalproduction.lt\/lt\/privatumo-politika-ir-slapukai\/","url":"https:\/\/metalproduction.lt\/lt\/privatumo-politika-ir-slapukai\/","name":"Privatumo politika ir slapukai - metalproduction.lt","isPartOf":{"@id":"https:\/\/metalproduction.lt\/lt\/#website"},"datePublished":"2020-02-14T10:08:32+00:00","dateModified":"2020-06-01T12:36:38+00:00","breadcrumb":{"@id":"https:\/\/metalproduction.lt\/lt\/privatumo-politika-ir-slapukai\/#breadcrumb"},"inLanguage":"lt-LT","potentialAction":[{"@type":"ReadAction","target":["https:\/\/metalproduction.lt\/lt\/privatumo-politika-ir-slapukai\/"]}]},{"@type":"BreadcrumbList","@id":"https:\/\/metalproduction.lt\/lt\/privatumo-politika-ir-slapukai\/#breadcrumb","itemListElement":[{"@type":"ListItem","position":1,"name":"Home","item":"https:\/\/metalproduction.lt\/lt\/"},{"@type":"ListItem","position":2,"name":"Privatumo politika ir slapukai"}]},{"@type":"WebSite","@id":"https:\/\/metalproduction.lt\/lt\/#website","url":"https:\/\/metalproduction.lt\/lt\/","name":"metalproduction.lt","description":"","potentialAction":[{"@type":"SearchAction","target":{"@type":"EntryPoint","urlTemplate":"https:\/\/metalproduction.lt\/lt\/?s={search_term_string}"},"query-input":{"@type":"PropertyValueSpecification","valueRequired":true,"valueName":"search_term_string"}}],"inLanguage":"lt-LT"}]}},"_links":{"self":[{"href":"https:\/\/metalproduction.lt\/lt\/wp-json\/wp\/v2\/pages\/201","targetHints":{"allow":["GET"]}}],"collection":[{"href":"https:\/\/metalproduction.lt\/lt\/wp-json\/wp\/v2\/pages"}],"about":[{"href":"https:\/\/metalproduction.lt\/lt\/wp-json\/wp\/v2\/types\/page"}],"author":[{"embeddable":true,"href":"https:\/\/metalproduction.lt\/lt\/wp-json\/wp\/v2\/users\/3"}],"replies":[{"embeddable":true,"href":"https:\/\/metalproduction.lt\/lt\/wp-json\/wp\/v2\/comments?post=201"}],"version-history":[{"count":5,"href":"https:\/\/metalproduction.lt\/lt\/wp-json\/wp\/v2\/pages\/201\/revisions"}],"predecessor-version":[{"id":1121,"href":"https:\/\/metalproduction.lt\/lt\/wp-json\/wp\/v2\/pages\/201\/revisions\/1121"}],"wp:attachment":[{"href":"https:\/\/metalproduction.lt\/lt\/wp-json\/wp\/v2\/media?parent=201"}],"curies":[{"name":"wp","href":"https:\/\/api.w.org\/{rel}","templated":true}]}}